{"id":746401,"date":"2025-08-28T02:41:21","date_gmt":"2025-08-27T23:41:21","guid":{"rendered":"https:\/\/roveyayinevi.com.tr\/index.php\/urun\/finansal-raporlama-ve-diger-kapsamli-gelir\/"},"modified":"2026-04-16T02:58:53","modified_gmt":"2026-04-15T23:58:53","slug":"finansal-raporlama-ve-diger-kapsamli-gelir","status":"publish","type":"product","link":"https:\/\/roveyayinevi.com.tr\/index.php\/urun\/finansal-raporlama-ve-diger-kapsamli-gelir\/","title":{"rendered":"Finansal Raporlama ve Di\u011fer Kapsaml\u0131 Gelir"},"content":{"rendered":"<p>B\u0130R\u0130NC\u0130 B\u00d6L\u00dcM: F\u0130NANSAL RAPORLAMA   \u0130K\u0130NC\u0130 B\u00d6L\u00dcM: \u0130\u015eLETME FAAL\u0130YETLER\u0130 ve \u0130\u015eLETME FAAL\u0130YETLER\u0130NE \u0130L\u0130\u015eK\u0130N KAVRAMLAR   \u00dc\u00c7\u00dcNC\u00dc B\u00d6L\u00dcM: MUHASEBEDE \u00d6L\u00c7ME ve DE\u011eERLEME YAKLA\u015eIMLARI   D\u00d6RD\u00dcNC\u00dc B\u00d6L\u00dcM: D\u0130\u011eER KAPSAMLI GEL\u0130R  <\/p>\n","protected":false},"excerpt":{"rendered":"<p>B\u0130R\u0130NC\u0130 B\u00d6L\u00dcM: F\u0130NANSAL RAPORLAMA \u0130K\u0130NC\u0130 B\u00d6L\u00dcM: \u0130\u015eLETME FAAL\u0130YETLER\u0130 ve \u0130\u015eLETME FAAL\u0130YETLER\u0130NE \u0130L\u0130\u015eK\u0130N KAVRAMLAR \u00dc\u00c7\u00dcNC\u00dc B\u00d6L\u00dcM: MUHASEBEDE \u00d6L\u00c7ME ve DE\u011eERLEME YAKLA\u015eIMLARI D\u00d6RD\u00dcNC\u00dc B\u00d6L\u00dcM: D\u0130\u011eER KAPSAMLI GEL\u0130R<\/p>\n","protected":false},"featured_media":0,"template":"","meta":{"_monsterinsights_skip_tracking":false,"_monsterinsights_sitenote_active":false,"_monsterinsights_sitenote_note":"","_monsterinsights_sitenote_category":0},"product_brand":[],"product_cat":[20333,13043],"product_tag":[],"class_list":{"0":"post-746401","1":"product","2":"type-product","3":"status-publish","5":"product_cat-diger-ekonomi","6":"product_cat-ekonomi","7":"pa_cilt-ciltsiz","8":"pa_tur-kitap","9":"pa_yayinevi-gazi-kitabevi","10":"pa_yazar-havva-nur-ciftci","12":"first","13":"instock","14":"sale","15":"shipping-taxable","16":"purchasable","17":"product-type-simple"},"_links":{"self":[{"href":"https:\/\/roveyayinevi.com.tr\/index.php\/wp-json\/wp\/v2\/product\/746401","targetHints":{"allow":["GET"]}}],"collection":[{"href":"https:\/\/roveyayinevi.com.tr\/index.php\/wp-json\/wp\/v2\/product"}],"about":[{"href":"https:\/\/roveyayinevi.com.tr\/index.php\/wp-json\/wp\/v2\/types\/product"}],"wp:attachment":[{"href":"https:\/\/roveyayinevi.com.tr\/index.php\/wp-json\/wp\/v2\/media?parent=746401"}],"wp:term":[{"taxonomy":"product_brand","embeddable":true,"href":"https:\/\/roveyayinevi.com.tr\/index.php\/wp-json\/wp\/v2\/product_brand?post=746401"},{"taxonomy":"product_cat","embeddable":true,"href":"https:\/\/roveyayinevi.com.tr\/index.php\/wp-json\/wp\/v2\/product_cat?post=746401"},{"taxonomy":"product_tag","embeddable":true,"href":"https:\/\/roveyayinevi.com.tr\/index.php\/wp-json\/wp\/v2\/product_tag?post=746401"}],"curies":[{"name":"wp","href":"https:\/\/api.w.org\/{rel}","templated":true}]}}