{"id":746400,"date":"2025-08-28T02:41:20","date_gmt":"2025-08-27T23:41:20","guid":{"rendered":"https:\/\/roveyayinevi.com.tr\/index.php\/urun\/selcuklu-islam-hukuku-yukselis-devri-1063-1092\/"},"modified":"2026-04-16T02:58:53","modified_gmt":"2026-04-15T23:58:53","slug":"selcuklu-islam-hukuku-yukselis-devri-1063-1092","status":"publish","type":"product","link":"https:\/\/roveyayinevi.com.tr\/index.php\/urun\/selcuklu-islam-hukuku-yukselis-devri-1063-1092\/","title":{"rendered":"Sel\u00e7uklu \u0130slam Hukuku ;(Y\u00fckseli\u015f Devri [1063-1092])"},"content":{"rendered":"<p>B\u00fcy\u00fck Sel\u00e7uklu Devleti, Orta Asya&#8217;dan Anadolu&#8217;ya, Irak&#8217;tan Suriye&#8217;ye, Hic\u00e2z&#8217;dan Yemen&#8217;e kadar b\u00fcy\u00fck bir co\u011frafyay\u0131 ku\u015fatan bir imparatorluktu. Geni\u015f bir topra\u011fa sahip olan Sel\u00e7uklular\u0131n en parlak zaman\u0131 da Alparslan ve Melik\u015fah&#8217;\u0131n d\u00f6nemleri olmu\u015ftur. Y\u00fckseli\u015f devri olarak adland\u0131r\u0131lan bu d\u00f6nem ilm\u00ee faaliyetler hususunda bir\u00e7ok geli\u015fmeye sahne olmu\u015ftur. Niz\u00e2miye medreselerinin kurulmas\u0131yla birlikte d\u00f6nem \u00e2deta ilm\u00ee a\u00e7\u0131dan zirve \u00e7a\u011f\u0131n\u0131 ya\u015fam\u0131\u015ft\u0131r. \u0130\u015fte bu \u00e7al\u0131\u015fmada da Sel\u00e7uklular\u0131n ilim ve k\u00fclt\u00fcr hayat\u0131 bak\u0131m\u0131ndan en parlak d\u00f6nemi olan Y\u00fckseli\u015f devrindeki \u0130slam hukuk anlay\u0131\u015f\u0131 ele al\u0131nm\u0131\u015ft\u0131r. Sel\u00e7uklu devri ilim adamlar\u0131 aras\u0131nda bilhassa y\u00fckseli\u015f devrinde de\u011ferli \u00e7al\u0131\u015fmalar\u0131 olan ve hukuk tarihi boyunca isimleri dillerde dola\u015fan tarihe damgas\u0131n\u0131 vurmu\u015f \u00e7ok say\u0131da hukuk bilgini olmu\u015ftur. Bu bilim adamlar\u0131n\u0131n kimi yarg\u0131da bizzat uygulaman\u0131n i\u00e7inde yer almak suretiyle, kimi de yazd\u0131klar\u0131 eserler ve yeti\u015ftirdikleri talebeler vas\u0131tas\u0131yla hukuka ve hukuk biliminin geli\u015fmesine katk\u0131 sa\u011flam\u0131\u015flard\u0131r. \u00d6zellikle ortaya koymu\u015f olduklar\u0131 eserler uzun zamandan beri \u0130slam hukuku a\u00e7\u0131s\u0131ndan kaynak vazifesi g\u00f6rm\u00fc\u015ft\u00fcr, g\u00f6rmeye de devam etmektedir. \u0130\u015fte, \u0130slam hukukunun kendilerine h\u00e2len dahi \u00e7ok \u015fey bor\u00e7lu oldu\u011fu -\u00f6yle g\u00f6z\u00fck\u00fcyor ki- bor\u00e7lu kalmakta da devam edece\u011fi, \u015eiraz\u00ee, C\u00fcveyn\u00ee, Gazzal\u00ee gibi \u00e2limlerin b\u00fcy\u00fck bir k\u0131sm\u0131n\u0131n tetkik mevzuumuz olan Sel\u00e7uklu Y\u00fckseli\u015f Devri hukuk\u00e7ular\u0131ndan olmalar\u0131 da T\u00fcrk hukuk tarihi i\u00e7in bir \u015feref pay\u0131d\u0131r.<\/p>\n","protected":false},"excerpt":{"rendered":"<p>B\u00fcy\u00fck Sel\u00e7uklu Devleti, Orta Asya&#8217;dan Anadolu&#8217;ya, Irak&#8217;tan Suriye&#8217;ye, Hic\u00e2z&#8217;dan Yemen&#8217;e kadar b\u00fcy\u00fck bir co\u011frafyay\u0131 ku\u015fatan bir imparatorluktu. Geni\u015f bir topra\u011fa sahip olan Sel\u00e7uklular\u0131n en parlak zaman\u0131<span class=\"excerpt-hellip\"> [\u2026]<\/span><\/p>\n","protected":false},"featured_media":0,"template":"","meta":{"_monsterinsights_skip_tracking":false,"_monsterinsights_sitenote_active":false,"_monsterinsights_sitenote_note":"","_monsterinsights_sitenote_category":0},"product_brand":[],"product_cat":[15350,17602],"product_tag":[],"class_list":{"0":"post-746400","1":"product","2":"type-product","3":"status-publish","5":"product_cat-hukuk","6":"product_cat-hukuk-uzerine","7":"pa_cilt-ciltsiz","8":"pa_tur-kitap","9":"pa_yayinevi-bilge-kultur-sanat","10":"pa_yazar-omer-menekse","12":"first","13":"instock","14":"sale","15":"shipping-taxable","16":"purchasable","17":"product-type-simple"},"_links":{"self":[{"href":"https:\/\/roveyayinevi.com.tr\/index.php\/wp-json\/wp\/v2\/product\/746400","targetHints":{"allow":["GET"]}}],"collection":[{"href":"https:\/\/roveyayinevi.com.tr\/index.php\/wp-json\/wp\/v2\/product"}],"about":[{"href":"https:\/\/roveyayinevi.com.tr\/index.php\/wp-json\/wp\/v2\/types\/product"}],"wp:attachment":[{"href":"https:\/\/roveyayinevi.com.tr\/index.php\/wp-json\/wp\/v2\/media?parent=746400"}],"wp:term":[{"taxonomy":"product_brand","embeddable":true,"href":"https:\/\/roveyayinevi.com.tr\/index.php\/wp-json\/wp\/v2\/product_brand?post=746400"},{"taxonomy":"product_cat","embeddable":true,"href":"https:\/\/roveyayinevi.com.tr\/index.php\/wp-json\/wp\/v2\/product_cat?post=746400"},{"taxonomy":"product_tag","embeddable":true,"href":"https:\/\/roveyayinevi.com.tr\/index.php\/wp-json\/wp\/v2\/product_tag?post=746400"}],"curies":[{"name":"wp","href":"https:\/\/api.w.org\/{rel}","templated":true}]}}