{"id":746398,"date":"2025-08-28T02:41:18","date_gmt":"2025-08-27T23:41:18","guid":{"rendered":"https:\/\/roveyayinevi.com.tr\/index.php\/urun\/mus-belediyesi-hizmet-analizi\/"},"modified":"2026-04-16T02:58:53","modified_gmt":"2026-04-15T23:58:53","slug":"mus-belediyesi-hizmet-analizi","status":"publish","type":"product","link":"https:\/\/roveyayinevi.com.tr\/index.php\/urun\/mus-belediyesi-hizmet-analizi\/","title":{"rendered":"Mu\u015f Belediyesi Hizmet Analizi"},"content":{"rendered":"<p>B\u00d6L\u00dcM 1 BELED\u0130YEN\u0130N G\u00d6REV VE SORUMLULUKLARI \u0130LE BELED\u0130YE H\u0130ZMETLER\u0130   B\u00d6L\u00dcM 2 MU\u015e BELED\u0130YES\u0130 H\u0130ZMETLER\u0130 MEMNUN\u0130YET ANKET UYGULAMASI (2022)  <\/p>\n","protected":false},"excerpt":{"rendered":"<p>B\u00d6L\u00dcM 1 BELED\u0130YEN\u0130N G\u00d6REV VE SORUMLULUKLARI \u0130LE BELED\u0130YE H\u0130ZMETLER\u0130 B\u00d6L\u00dcM 2 MU\u015e BELED\u0130YES\u0130 H\u0130ZMETLER\u0130 MEMNUN\u0130YET ANKET UYGULAMASI (2022)<\/p>\n","protected":false},"featured_media":0,"template":"","meta":{"_monsterinsights_skip_tracking":false,"_monsterinsights_sitenote_active":false,"_monsterinsights_sitenote_note":"","_monsterinsights_sitenote_category":0},"product_brand":[],"product_cat":[12573,12566],"product_tag":[],"class_list":{"0":"post-746398","1":"product","2":"type-product","3":"status-publish","5":"product_cat-akademik-kitaplar","6":"product_cat-egitim","7":"pa_cilt-ciltsiz","8":"pa_tur-kitap","9":"pa_yayinevi-gazi-kitabevi","10":"pa_yazar-mehmet-sena-ekici","12":"first","13":"instock","14":"sale","15":"shipping-taxable","16":"purchasable","17":"product-type-simple"},"_links":{"self":[{"href":"https:\/\/roveyayinevi.com.tr\/index.php\/wp-json\/wp\/v2\/product\/746398","targetHints":{"allow":["GET"]}}],"collection":[{"href":"https:\/\/roveyayinevi.com.tr\/index.php\/wp-json\/wp\/v2\/product"}],"about":[{"href":"https:\/\/roveyayinevi.com.tr\/index.php\/wp-json\/wp\/v2\/types\/product"}],"wp:attachment":[{"href":"https:\/\/roveyayinevi.com.tr\/index.php\/wp-json\/wp\/v2\/media?parent=746398"}],"wp:term":[{"taxonomy":"product_brand","embeddable":true,"href":"https:\/\/roveyayinevi.com.tr\/index.php\/wp-json\/wp\/v2\/product_brand?post=746398"},{"taxonomy":"product_cat","embeddable":true,"href":"https:\/\/roveyayinevi.com.tr\/index.php\/wp-json\/wp\/v2\/product_cat?post=746398"},{"taxonomy":"product_tag","embeddable":true,"href":"https:\/\/roveyayinevi.com.tr\/index.php\/wp-json\/wp\/v2\/product_tag?post=746398"}],"curies":[{"name":"wp","href":"https:\/\/api.w.org\/{rel}","templated":true}]}}