{"id":746397,"date":"2025-08-28T02:41:17","date_gmt":"2025-08-27T23:41:17","guid":{"rendered":"https:\/\/roveyayinevi.com.tr\/index.php\/urun\/yeni-voleybol-oyunu-teqvoly\/"},"modified":"2026-04-16T02:58:53","modified_gmt":"2026-04-15T23:58:53","slug":"yeni-voleybol-oyunu-teqvoly","status":"publish","type":"product","link":"https:\/\/roveyayinevi.com.tr\/index.php\/urun\/yeni-voleybol-oyunu-teqvoly\/","title":{"rendered":"Yeni Voleybol Oyunu Teqvoly"},"content":{"rendered":"<p>\u00b7         TEQVOLY TAR\u0130H\u00c7ES\u0130 \u00b7         TEQVOLY\u2019N\u0130N KURALLARI \u00b7         TEQ MASASI VE OYUN ALANI \u00b7         A\u011e \u00b7         TOP \u00b7         OYUNLA \u0130LG\u0130L\u0130 TANIMLAR \u00b7         SERV\u0130S ATI\u015eI \u00b7         TOPA DOKUNMA \u00b7         GER\u0130 D\u00d6N\u00dc\u015e \u00b7         OYUN SIRALAMASI \u00b7         \u00c7\u0130FT PUAN \u00b7         LET \u00b7         PUAN \u00b7         SET \u00b7         MA\u00c7 \u00b7         SERV\u0130S VE \u0130ADE SIRASI \u00b7         SERV\u0130S SIRASINDAK\u0130 HATALAR \u00b7         SERV\u0130S ALMA VE TARAF SE\u00c7\u0130M\u0130 \u00b7         YARI\u015eMA Y\u00d6NETMEL\u0130KLER\u0130 \u00b7         KURAL VE Y\u00d6NETMEL\u0130KLER\u0130N KAPSAMI \u00b7         MA\u00c7 YETK\u0130L\u0130LER\u0130 (HAKEMLER) \u00b7         MA\u00c7 DAVRANI\u015eI \u00b7         TEMEL KURALLARI \u00b7         D\u00dcZENLENEN TEQVOLY \u00b7         TEQVOLY YA\u015e KATEGOR\u0130S\u0130 \u00b7         TEQVOLY KIDS KURALLARI \u00b7         VOLEYBOLDA \u00d6\u011eRET\u0130M MODEL VE Y\u00d6NTEMLER\u0130 <\/p>\n","protected":false},"excerpt":{"rendered":"<p>\u00b7 TEQVOLY TAR\u0130H\u00c7ES\u0130 \u00b7 TEQVOLY\u2019N\u0130N KURALLARI \u00b7 TEQ MASASI VE OYUN ALANI \u00b7 A\u011e \u00b7 TOP \u00b7 OYUNLA \u0130LG\u0130L\u0130 TANIMLAR \u00b7 SERV\u0130S ATI\u015eI \u00b7 TOPA DOKUNMA<span class=\"excerpt-hellip\"> [\u2026]<\/span><\/p>\n","protected":false},"featured_media":0,"template":"","meta":{"_monsterinsights_skip_tracking":false,"_monsterinsights_sitenote_active":false,"_monsterinsights_sitenote_note":"","_monsterinsights_sitenote_category":0},"product_brand":[],"product_cat":[15563,15564],"product_tag":[],"class_list":{"0":"post-746397","1":"product","2":"type-product","3":"status-publish","5":"product_cat-hobi","6":"product_cat-spor","7":"pa_cilt-ciltsiz","8":"pa_tur-kitap","9":"pa_yayinevi-gazi-kitabevi","10":"pa_yazar-hande-inan","12":"first","13":"instock","14":"sale","15":"shipping-taxable","16":"purchasable","17":"product-type-simple"},"_links":{"self":[{"href":"https:\/\/roveyayinevi.com.tr\/index.php\/wp-json\/wp\/v2\/product\/746397","targetHints":{"allow":["GET"]}}],"collection":[{"href":"https:\/\/roveyayinevi.com.tr\/index.php\/wp-json\/wp\/v2\/product"}],"about":[{"href":"https:\/\/roveyayinevi.com.tr\/index.php\/wp-json\/wp\/v2\/types\/product"}],"wp:attachment":[{"href":"https:\/\/roveyayinevi.com.tr\/index.php\/wp-json\/wp\/v2\/media?parent=746397"}],"wp:term":[{"taxonomy":"product_brand","embeddable":true,"href":"https:\/\/roveyayinevi.com.tr\/index.php\/wp-json\/wp\/v2\/product_brand?post=746397"},{"taxonomy":"product_cat","embeddable":true,"href":"https:\/\/roveyayinevi.com.tr\/index.php\/wp-json\/wp\/v2\/product_cat?post=746397"},{"taxonomy":"product_tag","embeddable":true,"href":"https:\/\/roveyayinevi.com.tr\/index.php\/wp-json\/wp\/v2\/product_tag?post=746397"}],"curies":[{"name":"wp","href":"https:\/\/api.w.org\/{rel}","templated":true}]}}