{"id":746395,"date":"2025-08-28T02:41:15","date_gmt":"2025-08-27T23:41:15","guid":{"rendered":"https:\/\/roveyayinevi.com.tr\/index.php\/urun\/navruz-ana\/"},"modified":"2026-04-16T02:58:53","modified_gmt":"2026-04-15T23:58:53","slug":"navruz-ana","status":"publish","type":"product","link":"https:\/\/roveyayinevi.com.tr\/index.php\/urun\/navruz-ana\/","title":{"rendered":"Navruz Ana"},"content":{"rendered":"<p>De\u011ferli okuyucu, Ahmet Do\u011fanay, ba\u015fki\u015fi olarak do\u011fay\u0131 ve insan\u0131 i\u015fledi\u011fi Navruz Ana roman\u0131nda, 2021 yaz\u0131nda \u00e7\u0131kan o b\u00fcy\u00fck orman yang\u0131nlar\u0131n\u0131n verdi\u011fi y\u0131k\u0131m\u0131, sayfalar\u0131na ustaca ta\u015f\u0131m\u0131\u015f. Do\u011fan\u0131n sesi olmu\u015f, her c\u00fcmlesinde do\u011faya zarar verenlere isyan edercesine hayk\u0131rm\u0131\u015f \u00e2deta. &#8220;Kuzey r\u00fczg\u00e2rlar\u0131n\u0131n \u00fcflercesine azd\u0131rd\u0131\u011f\u0131, \u00f6n\u00fcne geleni \u00e7at\u0131r \u00e7at\u0131r yakt\u0131\u011f\u0131, son y\u00fczy\u0131l\u0131n y\u0131k\u0131c\u0131 bir afetiydi bu. Toroslar boyunca 270 noktada pe\u015f pe\u015fe y\u00fckselen alevler, Anadolu tarihinin en b\u00fcy\u00fck orman felaketi olarak kay\u0131tlara ge\u00e7ti. Ve 177 bin 476 hektar ormanl\u0131k alan, k\u00fcl olup gitti. Bu, kendili\u011finden \u00e7\u0131kan bir yang\u0131n de\u011fil, insan i\u015fiydi.&#8221; dedi\u011fi kitab\u0131nda; Bozkaya k\u00f6yl\u00fclerinin verdi\u011fi kurtulu\u015f \u00e7abalar\u0131, film sahnesi gibi capcanl\u0131 sunulmu\u015f. Nefessiz kal\u0131nan o anlar\u0131 yeniden ya\u015fatm\u0131\u015f okuyucuya. K\u0131sacas\u0131; bu romanda, hoyrat\u00e7a t\u00fcketilen do\u011fan\u0131n feryad\u0131n\u0131 ve dibe vurmu\u015f ac\u0131lar\u0131na direnen Navruz Ana&#8217;n\u0131n hazin \u00f6yk\u00fclerini okuyacaks\u0131n\u0131z. Do\u011fanay, dam\u0131tarak biriktirdi\u011fi s\u00f6zc\u00fck ve duygu g\u00f6l\u00fcn\u00fc, g\u00fcr\u00fcl g\u00fcr\u00fcl akan bir nehre d\u00f6n\u00fc\u015ft\u00fcrm\u00fc\u015f sayfalar\u0131nda. \u015ea\u015f\u0131rt\u0131c\u0131 imgeleme ve \u015fiirsel anlat\u0131m\u0131yla okuyucuyu yine sarsm\u0131\u015f. Bir ele al\u0131\u015fta soluksuz okunacak ve uzun y\u0131llar unutulmayacak, katmanl\u0131 bir eser. <\/p>\n","protected":false},"excerpt":{"rendered":"<p>De\u011ferli okuyucu, Ahmet Do\u011fanay, ba\u015fki\u015fi olarak do\u011fay\u0131 ve insan\u0131 i\u015fledi\u011fi Navruz Ana roman\u0131nda, 2021 yaz\u0131nda \u00e7\u0131kan o b\u00fcy\u00fck orman yang\u0131nlar\u0131n\u0131n verdi\u011fi y\u0131k\u0131m\u0131, sayfalar\u0131na ustaca ta\u015f\u0131m\u0131\u015f. Do\u011fan\u0131n<span class=\"excerpt-hellip\"> [\u2026]<\/span><\/p>\n","protected":false},"featured_media":0,"template":"","meta":{"_monsterinsights_skip_tracking":false,"_monsterinsights_sitenote_active":false,"_monsterinsights_sitenote_note":"","_monsterinsights_sitenote_category":0},"product_brand":[],"product_cat":[12291,12711],"product_tag":[],"class_list":{"0":"post-746395","1":"product","2":"type-product","3":"status-publish","5":"product_cat-edebiyat","6":"product_cat-roman-oyku","7":"pa_cilt-ciltsiz","8":"pa_tur-kitap","9":"pa_yayinevi-karina-yayinevi","10":"pa_yazar-ahmet-doganay","12":"first","13":"instock","14":"sale","15":"shipping-taxable","16":"purchasable","17":"product-type-simple"},"_links":{"self":[{"href":"https:\/\/roveyayinevi.com.tr\/index.php\/wp-json\/wp\/v2\/product\/746395","targetHints":{"allow":["GET"]}}],"collection":[{"href":"https:\/\/roveyayinevi.com.tr\/index.php\/wp-json\/wp\/v2\/product"}],"about":[{"href":"https:\/\/roveyayinevi.com.tr\/index.php\/wp-json\/wp\/v2\/types\/product"}],"wp:attachment":[{"href":"https:\/\/roveyayinevi.com.tr\/index.php\/wp-json\/wp\/v2\/media?parent=746395"}],"wp:term":[{"taxonomy":"product_brand","embeddable":true,"href":"https:\/\/roveyayinevi.com.tr\/index.php\/wp-json\/wp\/v2\/product_brand?post=746395"},{"taxonomy":"product_cat","embeddable":true,"href":"https:\/\/roveyayinevi.com.tr\/index.php\/wp-json\/wp\/v2\/product_cat?post=746395"},{"taxonomy":"product_tag","embeddable":true,"href":"https:\/\/roveyayinevi.com.tr\/index.php\/wp-json\/wp\/v2\/product_tag?post=746395"}],"curies":[{"name":"wp","href":"https:\/\/api.w.org\/{rel}","templated":true}]}}