{"id":746394,"date":"2025-08-28T02:41:14","date_gmt":"2025-08-27T23:41:14","guid":{"rendered":"https:\/\/roveyayinevi.com.tr\/index.php\/urun\/ozel-egitimde-butunlestirme-2\/"},"modified":"2026-04-16T02:58:53","modified_gmt":"2026-04-15T23:58:53","slug":"ozel-egitimde-butunlestirme-2","status":"publish","type":"product","link":"https:\/\/roveyayinevi.com.tr\/index.php\/urun\/ozel-egitimde-butunlestirme-2\/","title":{"rendered":"\u00d6zel E\u011fitimde B\u00fct\u00fcnle\u015ftirme"},"content":{"rendered":"<p>De\u011ferli Okurlar,G\u00fcn\u00fcm\u00fczde daha da \u00f6nem kazanan B\u00fct\u00fcnle\u015ftirme uygulamalar\u0131n\u0131 esas alan bu kitap \u00f6ncelikle uzmanlar, \u00f6\u011fretmenler ve \u00f6\u011fretmen adaylar\u0131na hitap edecek \u015fekilde haz\u0131rlanm\u0131\u015ft\u0131r. Ailelerin de gerek Bireyselle\u015ftirilmi\u015f E\u011fitim Program\u0131 (BEP) haz\u0131rlanmas\u0131, uygulanmas\u0131 ve de\u011ferlendirilmesi, gerekse de ge\u00e7i\u015f s\u00fcre\u00e7lerinin uygun \u015fekilde yerine getirilmesi gibi konularda yarar sa\u011flayaca\u011f\u0131 d\u00fc\u015f\u00fcn\u00fclmektedir. \u00dclkemizde her ne kadar kayna\u015ft\u0131rma uygulamalar\u0131na y\u00f6nelik yeterli kaynak bulunsa da b\u00fct\u00fcnle\u015ftirme uygulamalar\u0131na y\u00f6nelik kaynak gereksinimi duyuldu\u011fu d\u00fc\u015f\u00fcn\u00fclmektedir.Bu nedenle \u00d6zel E\u011fitimde B\u00fct\u00fcnle\u015ftirme ad\u0131n\u0131 verdi\u011fimiz bu kitapla alandaki gereksinimi bir nebze olsun kar\u015f\u0131lamay\u0131 ama\u00e7lamaktay\u0131z. \u00d6zel gereksinimi veya yetersizli\u011fi olsun ya da olmas\u0131n t\u00fcm bireysel farkl\u0131l\u0131klara ra\u011fmen toplumdaki t\u00fcm bireylerin e\u011fitimde f\u0131rsat e\u015fitli\u011finden yararlanma hakk\u0131 oldu\u011fu; sosyal, k\u00fclt\u00fcrel, ya\u015famsal aktivite ve f\u0131rsatlardan ayr\u0131\u015ft\u0131r\u0131lmadan sosyal b\u00fct\u00fcnle\u015ftirmenin tam olarak sa\u011flanmas\u0131 gerekti\u011fi g\u00f6r\u00fc\u015f\u00fcne dayanan B\u00fct\u00fcnle\u015ftirme g\u00fcn\u00fcm\u00fczde \u00f6n plana \u00e7\u0131kmaktad\u0131r. 21. y\u00fczy\u0131lda ulusal ve uluslararas\u0131 pek \u00e7ok mevzuat \u2019\u2019Herkes \u0130\u00e7in E\u011fitim\u2019\u2019 ilkesini benimseyerek yaln\u0131zca \u00f6zel gereksinimli bireyleri de\u011fil toplumdaki herkesi kapsayan Evrensel Tasar\u0131m hareketinin olu\u015fmas\u0131n\u0131 sa\u011flam\u0131\u015f, b\u00f6ylece toplumlar b\u00fct\u00fcnle\u015ftirme \u00e7al\u0131\u015fmalar\u0131na \u00f6nem vermi\u015f ve e\u011fitim sistemleri buna g\u00f6re d\u00fczenlenmi\u015ftir. \u0130nsani bir hak olarak g\u00f6r\u00fclen b\u00fct\u00fcnle\u015ftirme uygulamalar\u0131 ile toplumdaki her bir bireyin h\u00fcmanist bir yakla\u015f\u0131mla i\u015f ve e\u011fitim hayat\u0131na ve toplumsal ya\u015fama tam kat\u0131l\u0131m\u0131n\u0131 zorla\u015ft\u0131racak her t\u00fcrl\u00fc probleme \u00e7\u00f6z\u00fcm \u00fcretilmeye \u00e7al\u0131\u015f\u0131lmaktad\u0131r.Bu do\u011frultuda kitab\u0131n ilk \u00fcnitesinde b\u00fct\u00fcnle\u015ftirme ilkeleri ve yasal dayanaklar\u0131, kayna\u015ft\u0131rma ile aras\u0131ndaki farklar, evrensel tasar\u0131m ve evrensel tasar\u0131m ilkeleri ele al\u0131nm\u0131\u015ft\u0131r. \u0130kinci \u00fcnitede genel olarak etkili b\u00fct\u00fcnle\u015ftirme uygulamalar\u0131 a\u00e7\u0131klanmaya \u00e7al\u0131\u015f\u0131lm\u0131\u015ft\u0131r. \u00dc\u00e7\u00fcnc\u00fc \u00fcnitede BEP haz\u0131rlama s\u00fcreci ayr\u0131nt\u0131l\u0131 olarak ele al\u0131nm\u0131\u015f ve \u00e7e\u015fitli BEP \u00f6rneklerine yer verilmi\u015ftir. D\u00f6rd\u00fcnc\u00fc \u00fcnitede okul\u00f6ncesinde, be\u015finci \u00fcnitede ilk\u00f6\u011fretimde, alt\u0131nc\u0131 \u00fcnitede ise orta\u00f6\u011fretimde bulunan \u00f6\u011frenci \u00f6zellikleri g\u00f6z \u00f6n\u00fcnde bulundurularak yap\u0131labilecek \u00f6\u011fretimsel uyarlamalar ile etkili ge\u00e7i\u015f s\u00fcre\u00e7lerine de\u011finilmi\u015ftir. En sonuncu \u00fcnite olan yedinci \u00fcnitede ise okul y\u00f6netimi, s\u0131n\u0131f \u00f6\u011fretmeni, rehber \u00f6\u011fretmen, okul personeli, aile, okul-aile birli\u011fi ve di\u011fer uzmanlar ile b\u00fct\u00fcnle\u015ftirme kapsam\u0131nda etkili i\u015f birli\u011fi konusuna de\u011finilmi\u015ftir.Bu kitab\u0131n \u00f6zel gereksinimli olanlar ve b\u00fct\u00fcnle\u015ftirme kapsam\u0131nda yer alan t\u00fcm bireyler ile \u00e7al\u0131\u015fan ya da ilgilenen uzmanlar, \u00f6\u011fretmenler, \u00f6\u011fretmen adaylar\u0131 ve ailelere katk\u0131 sunmas\u0131 ve t\u00fcm payda\u015flar\u0131n yeterliliklerini zenginle\u015ftirmesi dile\u011fiyle\u2026<\/p>\n","protected":false},"excerpt":{"rendered":"<p>De\u011ferli Okurlar,G\u00fcn\u00fcm\u00fczde daha da \u00f6nem kazanan B\u00fct\u00fcnle\u015ftirme uygulamalar\u0131n\u0131 esas alan bu kitap \u00f6ncelikle uzmanlar, \u00f6\u011fretmenler ve \u00f6\u011fretmen adaylar\u0131na hitap edecek \u015fekilde haz\u0131rlanm\u0131\u015ft\u0131r. Ailelerin de gerek Bireyselle\u015ftirilmi\u015f<span class=\"excerpt-hellip\"> [\u2026]<\/span><\/p>\n","protected":false},"featured_media":0,"template":"","meta":{"_monsterinsights_skip_tracking":false,"_monsterinsights_sitenote_active":false,"_monsterinsights_sitenote_note":"","_monsterinsights_sitenote_category":0},"product_brand":[],"product_cat":[12573,12566],"product_tag":[],"class_list":{"0":"post-746394","1":"product","2":"type-product","3":"status-publish","5":"product_cat-akademik-kitaplar","6":"product_cat-egitim","7":"pa_cilt-ciltsiz","8":"pa_tur-kitap","9":"pa_yayinevi-egiten-kitap","10":"pa_yazar-kolektif","12":"first","13":"instock","14":"sale","15":"shipping-taxable","16":"purchasable","17":"product-type-simple"},"_links":{"self":[{"href":"https:\/\/roveyayinevi.com.tr\/index.php\/wp-json\/wp\/v2\/product\/746394","targetHints":{"allow":["GET"]}}],"collection":[{"href":"https:\/\/roveyayinevi.com.tr\/index.php\/wp-json\/wp\/v2\/product"}],"about":[{"href":"https:\/\/roveyayinevi.com.tr\/index.php\/wp-json\/wp\/v2\/types\/product"}],"wp:attachment":[{"href":"https:\/\/roveyayinevi.com.tr\/index.php\/wp-json\/wp\/v2\/media?parent=746394"}],"wp:term":[{"taxonomy":"product_brand","embeddable":true,"href":"https:\/\/roveyayinevi.com.tr\/index.php\/wp-json\/wp\/v2\/product_brand?post=746394"},{"taxonomy":"product_cat","embeddable":true,"href":"https:\/\/roveyayinevi.com.tr\/index.php\/wp-json\/wp\/v2\/product_cat?post=746394"},{"taxonomy":"product_tag","embeddable":true,"href":"https:\/\/roveyayinevi.com.tr\/index.php\/wp-json\/wp\/v2\/product_tag?post=746394"}],"curies":[{"name":"wp","href":"https:\/\/api.w.org\/{rel}","templated":true}]}}