{"id":746391,"date":"2025-08-28T02:41:10","date_gmt":"2025-08-27T23:41:10","guid":{"rendered":"https:\/\/roveyayinevi.com.tr\/index.php\/urun\/siir-olsam\/"},"modified":"2026-04-16T02:58:53","modified_gmt":"2026-04-15T23:58:53","slug":"siir-olsam","status":"publish","type":"product","link":"https:\/\/roveyayinevi.com.tr\/index.php\/urun\/siir-olsam\/","title":{"rendered":"\u015eiir Olsam"},"content":{"rendered":"<p>asma yapra\u011f\u0131na sard\u0131\u011f\u0131m sabahlar\u0131n eksik kalm\u0131\u015f g\u00fcne\u015fi gibiydi umduklar\u0131m\u0131n bendeki tad\u0131&#8230; bu y\u00fczden sardunyalar gibi kalender bir ars\u0131zl\u0131kla g\u0131pta ettim \u015fiirlere&#8230; hep bu y\u00fczden&#8230; * \u00c7i\u011fdem Aktepe&#8217;nin y\u00fcre\u011fi, &#8220;duyan&#8221; bir y\u00fcrek, belli ki. Ve dizelerine yans\u0131yan her duygu, o y\u00fcrekten. Bu y\u00fczden usta i\u015fi, bu y\u00fczden ta i\u00e7imizden&#8230; -Taylan \u00d6zbay- <\/p>\n","protected":false},"excerpt":{"rendered":"<p>asma yapra\u011f\u0131na sard\u0131\u011f\u0131m sabahlar\u0131n eksik kalm\u0131\u015f g\u00fcne\u015fi gibiydi umduklar\u0131m\u0131n bendeki tad\u0131&#8230; bu y\u00fczden sardunyalar gibi kalender bir ars\u0131zl\u0131kla g\u0131pta ettim \u015fiirlere&#8230; hep bu y\u00fczden&#8230; * \u00c7i\u011fdem<span class=\"excerpt-hellip\"> [\u2026]<\/span><\/p>\n","protected":false},"featured_media":0,"template":"","meta":{"_monsterinsights_skip_tracking":false,"_monsterinsights_sitenote_active":false,"_monsterinsights_sitenote_note":"","_monsterinsights_sitenote_category":0},"product_brand":[],"product_cat":[12291,12509],"product_tag":[],"class_list":{"0":"post-746391","1":"product","2":"type-product","3":"status-publish","5":"product_cat-edebiyat","6":"product_cat-siir","7":"pa_cilt-ciltsiz","8":"pa_tur-kitap","9":"pa_yayinevi-telgrafhane-yayinlari","10":"pa_yazar-cigdem-aktepe","12":"first","13":"instock","14":"sale","15":"shipping-taxable","16":"purchasable","17":"product-type-simple"},"_links":{"self":[{"href":"https:\/\/roveyayinevi.com.tr\/index.php\/wp-json\/wp\/v2\/product\/746391","targetHints":{"allow":["GET"]}}],"collection":[{"href":"https:\/\/roveyayinevi.com.tr\/index.php\/wp-json\/wp\/v2\/product"}],"about":[{"href":"https:\/\/roveyayinevi.com.tr\/index.php\/wp-json\/wp\/v2\/types\/product"}],"wp:attachment":[{"href":"https:\/\/roveyayinevi.com.tr\/index.php\/wp-json\/wp\/v2\/media?parent=746391"}],"wp:term":[{"taxonomy":"product_brand","embeddable":true,"href":"https:\/\/roveyayinevi.com.tr\/index.php\/wp-json\/wp\/v2\/product_brand?post=746391"},{"taxonomy":"product_cat","embeddable":true,"href":"https:\/\/roveyayinevi.com.tr\/index.php\/wp-json\/wp\/v2\/product_cat?post=746391"},{"taxonomy":"product_tag","embeddable":true,"href":"https:\/\/roveyayinevi.com.tr\/index.php\/wp-json\/wp\/v2\/product_tag?post=746391"}],"curies":[{"name":"wp","href":"https:\/\/api.w.org\/{rel}","templated":true}]}}