{"id":746390,"date":"2025-08-28T02:41:08","date_gmt":"2025-08-27T23:41:08","guid":{"rendered":"https:\/\/roveyayinevi.com.tr\/index.php\/urun\/5-dakikalik-doga-oykuleri-ciltli\/"},"modified":"2026-04-16T02:58:53","modified_gmt":"2026-04-15T23:58:53","slug":"5-dakikalik-doga-oykuleri-ciltli","status":"publish","type":"product","link":"https:\/\/roveyayinevi.com.tr\/index.php\/urun\/5-dakikalik-doga-oykuleri-ciltli\/","title":{"rendered":"5 Dakikal\u0131k Do\u011fa \u00d6yk\u00fcleri (Ciltli)"},"content":{"rendered":"<p>Vah\u015fi ve \u00f6zg\u00fcr r\u00fczg\u00e2rlar\u0131n esti\u011fi \u00e7ay\u0131rlarda, Var g\u00f6rmeni istedi\u011fim harika bir d\u00fcnya! Her g\u00fcn ke\u015ffedilecek yeni mucizeler var, Tepedeki g\u00f6kten, yerdeki k\u00f6ke kadar! Yumurta dolu bir yuvadan ar\u0131lar\u0131n v\u0131z\u0131lt\u0131s\u0131na, Orman\u0131n kalbi atar a\u011fa\u00e7lar\u0131n aras\u0131nda!   Anlat\u0131lanlara kulak ver, Bu \u00f6yk\u00fcler be\u015f dakika. Do\u011fayla ilgili ke\u015ffedece\u011fin bilgiler, b\u00fcy\u00fcleyici resimler ve okuyabilece\u011fin be\u015f dakikal\u0131k do\u011fa \u00f6yk\u00fcleri bu kitapta seni bekliyor! <\/p>\n","protected":false},"excerpt":{"rendered":"<p>Vah\u015fi ve \u00f6zg\u00fcr r\u00fczg\u00e2rlar\u0131n esti\u011fi \u00e7ay\u0131rlarda, Var g\u00f6rmeni istedi\u011fim harika bir d\u00fcnya! Her g\u00fcn ke\u015ffedilecek yeni mucizeler var, Tepedeki g\u00f6kten, yerdeki k\u00f6ke kadar! Yumurta dolu bir<span class=\"excerpt-hellip\"> [\u2026]<\/span><\/p>\n","protected":false},"featured_media":0,"template":"","meta":{"_monsterinsights_skip_tracking":false,"_monsterinsights_sitenote_active":false,"_monsterinsights_sitenote_note":"","_monsterinsights_sitenote_category":0},"product_brand":[],"product_cat":[12274,12284],"product_tag":[],"class_list":{"0":"post-746390","1":"product","2":"type-product","3":"status-publish","5":"product_cat-cocuk-ve-genclik-kitaplari","6":"product_cat-hikayeler","7":"pa_cilt-ciltli","8":"pa_tur-kitap","9":"pa_yayinevi-abm-yayinevi","10":"pa_yazar-gabby-dawnay","12":"first","13":"instock","14":"sale","15":"shipping-taxable","16":"purchasable","17":"product-type-simple"},"_links":{"self":[{"href":"https:\/\/roveyayinevi.com.tr\/index.php\/wp-json\/wp\/v2\/product\/746390","targetHints":{"allow":["GET"]}}],"collection":[{"href":"https:\/\/roveyayinevi.com.tr\/index.php\/wp-json\/wp\/v2\/product"}],"about":[{"href":"https:\/\/roveyayinevi.com.tr\/index.php\/wp-json\/wp\/v2\/types\/product"}],"wp:attachment":[{"href":"https:\/\/roveyayinevi.com.tr\/index.php\/wp-json\/wp\/v2\/media?parent=746390"}],"wp:term":[{"taxonomy":"product_brand","embeddable":true,"href":"https:\/\/roveyayinevi.com.tr\/index.php\/wp-json\/wp\/v2\/product_brand?post=746390"},{"taxonomy":"product_cat","embeddable":true,"href":"https:\/\/roveyayinevi.com.tr\/index.php\/wp-json\/wp\/v2\/product_cat?post=746390"},{"taxonomy":"product_tag","embeddable":true,"href":"https:\/\/roveyayinevi.com.tr\/index.php\/wp-json\/wp\/v2\/product_tag?post=746390"}],"curies":[{"name":"wp","href":"https:\/\/api.w.org\/{rel}","templated":true}]}}