{"id":746387,"date":"2025-08-28T02:41:04","date_gmt":"2025-08-27T23:41:04","guid":{"rendered":"https:\/\/roveyayinevi.com.tr\/index.php\/urun\/olmeye-deger\/"},"modified":"2026-04-16T02:58:53","modified_gmt":"2026-04-15T23:58:53","slug":"olmeye-deger","status":"publish","type":"product","link":"https:\/\/roveyayinevi.com.tr\/index.php\/urun\/olmeye-deger\/","title":{"rendered":"\u00d6lmeye De\u011fer"},"content":{"rendered":"<p>Nebraska\u2019n\u0131n m\u0131s\u0131r\u0131yla \u00fcnl\u00fc k\u00fc\u00e7\u00fck kasabas\u0131n\u0131 \u00f6l\u00fcmc\u00fcl bir bela sarm\u0131\u015ft\u0131r&#8230; ve Jack Reacher\u2019\u0131n yolu kimsenin varl\u0131\u011f\u0131ndan bile haberdar olmad\u0131\u011f\u0131 bu \u0131ss\u0131z yere d\u00fc\u015fer. T\u00fcm kasabaya korku sa\u00e7arak h\u00fckmeden Duncan ailesiyle ters d\u00fc\u015fse de onu orada kalmaya as\u0131l zorlayan, uzun y\u0131llard\u0131r \u00e7\u00f6z\u00fclmemi\u015f bir kay\u0131p \u00e7ocuk davas\u0131d\u0131r.   Duncanlar\u0131n saklad\u0131klar\u0131 s\u0131rlar g\u00f6r\u00fcnenden \u00e7ok daha fazlad\u0131r: Gecikmis bir teslimat, kimsenin \u00f6fkelendirmeye cesaret edemeyece\u011fi t\u00fcrden tehlikeli m\u00fc\u015fteriler, b\u00fcy\u00fck menfaatler, k\u00fcresel bir su\u00e7 a\u011f\u0131&#8230; T\u00fcm bunlar yetmezmi\u015f gibi bir de Reacher adl\u0131 bir yabanc\u0131 her \u015feye burnunu sokmaktad\u0131r. Duncanlar i\u015fleri yoluna koymak istiyorsa Reacher ya gitmeli ya da \u00f6lmelidir.   Reacher i\u00e7in ise en mant\u0131kl\u0131 hamle, yoluna devam etmek ve istemeden dahil oldu\u011fu bu beladan olabildi\u011fince uzak durmakt\u0131r. Fakat bunu yapmak i\u00e7in \u00e7ok ge\u00e7 kalm\u0131\u015f, gizem ve tehlikelerle dolu bir d\u00fcnyaya \u00e7oktan ad\u0131m\u0131n\u0131 atm\u0131\u015ft\u0131r. \u201cSizi i\u00e7ine \u00e7ekecek bir kitap.\u201d Wall Street Journal <\/p>\n","protected":false},"excerpt":{"rendered":"<p>Nebraska\u2019n\u0131n m\u0131s\u0131r\u0131yla \u00fcnl\u00fc k\u00fc\u00e7\u00fck kasabas\u0131n\u0131 \u00f6l\u00fcmc\u00fcl bir bela sarm\u0131\u015ft\u0131r&#8230; ve Jack Reacher\u2019\u0131n yolu kimsenin varl\u0131\u011f\u0131ndan bile haberdar olmad\u0131\u011f\u0131 bu \u0131ss\u0131z yere d\u00fc\u015fer. T\u00fcm kasabaya korku sa\u00e7arak<span class=\"excerpt-hellip\"> [\u2026]<\/span><\/p>\n","protected":false},"featured_media":0,"template":"","meta":{"_monsterinsights_skip_tracking":false,"_monsterinsights_sitenote_active":false,"_monsterinsights_sitenote_note":"","_monsterinsights_sitenote_category":0},"product_brand":[],"product_cat":[12803,12291],"product_tag":[],"class_list":{"0":"post-746387","1":"product","2":"type-product","3":"status-publish","5":"product_cat-aksiyon-macera","6":"product_cat-edebiyat","7":"pa_cilt-ciltsiz","8":"pa_tur-kitap","9":"pa_yayinevi-koridor-yayincilik","10":"pa_yazar-lee-child","12":"first","13":"instock","14":"sale","15":"shipping-taxable","16":"purchasable","17":"product-type-simple"},"_links":{"self":[{"href":"https:\/\/roveyayinevi.com.tr\/index.php\/wp-json\/wp\/v2\/product\/746387","targetHints":{"allow":["GET"]}}],"collection":[{"href":"https:\/\/roveyayinevi.com.tr\/index.php\/wp-json\/wp\/v2\/product"}],"about":[{"href":"https:\/\/roveyayinevi.com.tr\/index.php\/wp-json\/wp\/v2\/types\/product"}],"wp:attachment":[{"href":"https:\/\/roveyayinevi.com.tr\/index.php\/wp-json\/wp\/v2\/media?parent=746387"}],"wp:term":[{"taxonomy":"product_brand","embeddable":true,"href":"https:\/\/roveyayinevi.com.tr\/index.php\/wp-json\/wp\/v2\/product_brand?post=746387"},{"taxonomy":"product_cat","embeddable":true,"href":"https:\/\/roveyayinevi.com.tr\/index.php\/wp-json\/wp\/v2\/product_cat?post=746387"},{"taxonomy":"product_tag","embeddable":true,"href":"https:\/\/roveyayinevi.com.tr\/index.php\/wp-json\/wp\/v2\/product_tag?post=746387"}],"curies":[{"name":"wp","href":"https:\/\/api.w.org\/{rel}","templated":true}]}}