{"id":746386,"date":"2025-08-28T02:41:03","date_gmt":"2025-08-27T23:41:03","guid":{"rendered":"https:\/\/roveyayinevi.com.tr\/index.php\/urun\/yasamin-icinden-erbaa\/"},"modified":"2026-04-16T02:58:53","modified_gmt":"2026-04-15T23:58:53","slug":"yasamin-icinden-erbaa","status":"publish","type":"product","link":"https:\/\/roveyayinevi.com.tr\/index.php\/urun\/yasamin-icinden-erbaa\/","title":{"rendered":"Ya\u015fam\u0131n \u0130\u00e7inden Erbaa"},"content":{"rendered":"<p>1947 y\u0131l\u0131nda Tokat\u2019\u0131n Erbaa il\u00e7esinde do\u011fdu. \u0130lk ve ortaokulu Erbaa da okudu. Sonda \u0130stanbul\u2019 a geldi. \u00c7e\u015fitli i\u015fyerlerinde \u00e7al\u0131\u015ft\u0131. Son olarak \u0130stanbul \u00dcniversitesi yemekhanesinde \u00e7al\u0131\u015ft\u0131. \u0130\u015f\u00e7ileri \u00f6rg\u00fctledi ve sendikaya kay\u0131t ettirdi.  \u0130\u015fyerinde sendikan\u0131n temsilcisi oldu. Daha sonra sendika \u00f6rg\u00fctlenme dairesinde g\u00f6revlendirildi. 1975 y\u0131l\u0131nda evlendi. Bu evlilikten 2 o\u011flu oldu. T\u0130P (T\u00fcrkiye i\u015f\u00e7i partisi) e \u00fcye oldu. Beykoz il\u00e7e y\u00f6netim kurulu \u00fcyeli\u011fi yapt\u0131. 2009 y\u0131l\u0131nda I\u015f\u0131l \u00d6ZGENT\u00dcRK film at\u00f6lyesine kat\u0131ld\u0131. Orada hik\u00e2ye yazma, senaryo yazma ve film \u00e7ekme konunda e\u011fitim ald\u0131. Son olarak Erbaa K\u00fclt\u00fcr ve Dayan\u0131\u015fma derne\u011fine \u00fcye oldu. 10 y\u0131l \u00fcyelik ve y\u00f6neticilik yapt\u0131. Halen bu derne\u011fin y\u00f6netim kurulu \u00fcyesidir. \u201cDaha\u201d demekten elimizdeki g\u00fczellikleri u\u00e7uruyoruz avcumuzdan. Ayr\u0131ca gerek d\u00fcnyan\u0131n gerek \u00fclkemizin i\u00e7inde bulundu\u011fu ko\u015fullar; ak\u0131lla a\u00e7\u0131klanmas\u0131 m\u00fcmk\u00fcn olmayan say\u0131s\u0131z olay aras\u0131nda \u00e7ok zor zaten nanikle bakabilmek ya\u015fananlara. Hayat\u0131 hafife almak de\u011fil kastetti\u011fimiz. Bilakis, hayata hayat\u0131n i\u00e7inden bakmak, ya\u015fad\u0131\u011f\u0131n\u0131n fark\u0131nda olmak, cehalete kar\u015f\u0131 bilgiye odaklanmak, ayd\u0131nl\u0131ktan vazge\u00e7memek ve t\u00fcm bunlar i\u00e7in \u00e7abalarken ayn\u0131 zamanda bir caddenin kalabal\u0131\u011f\u0131nda y\u00fcr\u00fcrken kumru sesinin ay\u0131rd\u0131nda olmak. Kim ba\u015farabiliyorsa; \u201cnanik yapanlar\u201d onlar as\u0131l. Hayat\u0131 i\u00e7lerinde keyifle ya\u015fayabilenler. Sorunlar hep var olacak ve insano\u011flu hep ak\u0131lla bunlarla m\u00fccadele etmeye \u00e7al\u0131\u015facak elbette ama\u2026  Ne nanik yaparken ne de sorunlara bo\u011fulmu\u015fken \u0131skalamamak gerek hayat\u0131; do\u011fdu\u011fumuz g\u00fcn geri say\u0131m ba\u015fl\u0131yor \u00e7\u00fcnk\u00fc; tik tak, tik tak, tik tak\u2026<\/p>\n","protected":false},"excerpt":{"rendered":"<p>1947 y\u0131l\u0131nda Tokat\u2019\u0131n Erbaa il\u00e7esinde do\u011fdu. \u0130lk ve ortaokulu Erbaa da okudu. Sonda \u0130stanbul\u2019 a geldi. \u00c7e\u015fitli i\u015fyerlerinde \u00e7al\u0131\u015ft\u0131. Son olarak \u0130stanbul \u00dcniversitesi yemekhanesinde \u00e7al\u0131\u015ft\u0131. \u0130\u015f\u00e7ileri<span class=\"excerpt-hellip\"> [\u2026]<\/span><\/p>\n","protected":false},"featured_media":0,"template":"","meta":{"_monsterinsights_skip_tracking":false,"_monsterinsights_sitenote_active":false,"_monsterinsights_sitenote_note":"","_monsterinsights_sitenote_category":0},"product_brand":[],"product_cat":[12777,12291],"product_tag":[],"class_list":{"0":"post-746386","1":"product","2":"type-product","3":"status-publish","5":"product_cat-deneme","6":"product_cat-edebiyat","7":"pa_cilt-ciltsiz","8":"pa_tur-kitap","9":"pa_yayinevi-platanus-publishing","10":"pa_yazar-zeki-ozgu","12":"first","13":"instock","14":"sale","15":"shipping-taxable","16":"purchasable","17":"product-type-simple"},"_links":{"self":[{"href":"https:\/\/roveyayinevi.com.tr\/index.php\/wp-json\/wp\/v2\/product\/746386","targetHints":{"allow":["GET"]}}],"collection":[{"href":"https:\/\/roveyayinevi.com.tr\/index.php\/wp-json\/wp\/v2\/product"}],"about":[{"href":"https:\/\/roveyayinevi.com.tr\/index.php\/wp-json\/wp\/v2\/types\/product"}],"wp:attachment":[{"href":"https:\/\/roveyayinevi.com.tr\/index.php\/wp-json\/wp\/v2\/media?parent=746386"}],"wp:term":[{"taxonomy":"product_brand","embeddable":true,"href":"https:\/\/roveyayinevi.com.tr\/index.php\/wp-json\/wp\/v2\/product_brand?post=746386"},{"taxonomy":"product_cat","embeddable":true,"href":"https:\/\/roveyayinevi.com.tr\/index.php\/wp-json\/wp\/v2\/product_cat?post=746386"},{"taxonomy":"product_tag","embeddable":true,"href":"https:\/\/roveyayinevi.com.tr\/index.php\/wp-json\/wp\/v2\/product_tag?post=746386"}],"curies":[{"name":"wp","href":"https:\/\/api.w.org\/{rel}","templated":true}]}}