{"id":746385,"date":"2025-08-28T02:41:01","date_gmt":"2025-08-27T23:41:01","guid":{"rendered":"https:\/\/roveyayinevi.com.tr\/index.php\/urun\/bulasikhane\/"},"modified":"2026-04-16T02:58:53","modified_gmt":"2026-04-15T23:58:53","slug":"bulasikhane","status":"publish","type":"product","link":"https:\/\/roveyayinevi.com.tr\/index.php\/urun\/bulasikhane\/","title":{"rendered":"Bula\u015f\u0131khane"},"content":{"rendered":"<p>imkans\u0131z a\u015fklar \u00fclkesinde ya\u015f\u0131caz ama ayr\u0131lm\u0131caz her a\u015fk bitermi\u015f s\u00f6zleriyle b\u00fcy\u00fccez ama ayr\u0131lm\u0131caz asl\u0131 ile kerem leyla ile mecnun kokucaz ama ayr\u0131lm\u0131caz olmad\u0131k yerlerde \u015fark\u0131m\u0131z\u0131 a\u00e7\u0131caz ama ayr\u0131lm\u0131caz<\/p>\n","protected":false},"excerpt":{"rendered":"<p>imkans\u0131z a\u015fklar \u00fclkesinde ya\u015f\u0131caz ama ayr\u0131lm\u0131caz her a\u015fk bitermi\u015f s\u00f6zleriyle b\u00fcy\u00fccez ama ayr\u0131lm\u0131caz asl\u0131 ile kerem leyla ile mecnun kokucaz ama ayr\u0131lm\u0131caz olmad\u0131k yerlerde \u015fark\u0131m\u0131z\u0131 a\u00e7\u0131caz<span class=\"excerpt-hellip\"> [\u2026]<\/span><\/p>\n","protected":false},"featured_media":0,"template":"","meta":{"_monsterinsights_skip_tracking":false,"_monsterinsights_sitenote_active":false,"_monsterinsights_sitenote_note":"","_monsterinsights_sitenote_category":0},"product_brand":[],"product_cat":[12777,12291],"product_tag":[],"class_list":{"0":"post-746385","1":"product","2":"type-product","3":"status-publish","5":"product_cat-deneme","6":"product_cat-edebiyat","7":"pa_cilt-ciltsiz","8":"pa_tur-kitap","9":"pa_yayinevi-platanus-publishing","10":"pa_yazar-burak-korgan","12":"first","13":"instock","14":"sale","15":"shipping-taxable","16":"purchasable","17":"product-type-simple"},"_links":{"self":[{"href":"https:\/\/roveyayinevi.com.tr\/index.php\/wp-json\/wp\/v2\/product\/746385","targetHints":{"allow":["GET"]}}],"collection":[{"href":"https:\/\/roveyayinevi.com.tr\/index.php\/wp-json\/wp\/v2\/product"}],"about":[{"href":"https:\/\/roveyayinevi.com.tr\/index.php\/wp-json\/wp\/v2\/types\/product"}],"wp:attachment":[{"href":"https:\/\/roveyayinevi.com.tr\/index.php\/wp-json\/wp\/v2\/media?parent=746385"}],"wp:term":[{"taxonomy":"product_brand","embeddable":true,"href":"https:\/\/roveyayinevi.com.tr\/index.php\/wp-json\/wp\/v2\/product_brand?post=746385"},{"taxonomy":"product_cat","embeddable":true,"href":"https:\/\/roveyayinevi.com.tr\/index.php\/wp-json\/wp\/v2\/product_cat?post=746385"},{"taxonomy":"product_tag","embeddable":true,"href":"https:\/\/roveyayinevi.com.tr\/index.php\/wp-json\/wp\/v2\/product_tag?post=746385"}],"curies":[{"name":"wp","href":"https:\/\/api.w.org\/{rel}","templated":true}]}}