{"id":746384,"date":"2025-08-28T02:41:00","date_gmt":"2025-08-27T23:41:00","guid":{"rendered":"https:\/\/roveyayinevi.com.tr\/index.php\/urun\/milyonerlige-hizli-gecis\/"},"modified":"2026-04-16T02:58:53","modified_gmt":"2026-04-15T23:58:53","slug":"milyonerlige-hizli-gecis","status":"publish","type":"product","link":"https:\/\/roveyayinevi.com.tr\/index.php\/urun\/milyonerlige-hizli-gecis\/","title":{"rendered":"Milyonerli\u011fe H\u0131zl\u0131 Ge\u00e7i\u015f"},"content":{"rendered":"<p>Para konusunda bolluk i\u00e7inde ya\u015fayabilmek i\u00e7in dayat\u0131lan ger\u00e7ekleri bilirsiniz&#8230; Okula gidin, iyi bir i\u015f bulun, maa\u015f\u0131n\u0131z\u0131n y\u00fczde 10&#8217;unu biriktirin, kullan\u0131lm\u0131\u015f bir araba sat\u0131n al\u0131n, gereksiz \u00fcyeliklerinizi iptal edin, pahal\u0131 kahve i\u00e7meyi b\u0131rak\u0131n ve hayat\u0131n\u0131z\u0131 kurtar\u0131n. Az da olsa kenara para koyun ve g\u00fcn\u00fcn birinde rahat bir emeklili\u011finiz olsun. \u0130\u015fte \u015fimdiye kadar insanlara sunulan finansal \u00f6neriler bunlardan ibaret.   Oysa ana ak\u0131m finans gurular\u0131 bu y\u00f6ntemleri \u00f6nererek insanlar\u0131 k\u00f6r\u00fc k\u00f6r\u00fcne satt\u0131lar. Daha az\u0131yla yetinmek istemeyenler i\u00e7in finansal ba\u011f\u0131ms\u0131zl\u0131\u011fa giden, t\u00fcm yollardan daha h\u0131zl\u0131 ve ola\u011fan\u00fcst\u00fc zenginli\u011fe do\u011fru uzanan bir otoyol var. Hayalleri ate\u015fleyen ve gen\u00e7 milyonerler yaratan alternatif bir yol. Bu yola girin, zenginli\u011fin \u015fifresini \u00e7\u00f6z\u00fcn ve bir \u00f6m\u00fcr boyu nas\u0131l zengin ya\u015fanaca\u011f\u0131n\u0131 \u00f6\u011frenin.<\/p>\n","protected":false},"excerpt":{"rendered":"<p>Para konusunda bolluk i\u00e7inde ya\u015fayabilmek i\u00e7in dayat\u0131lan ger\u00e7ekleri bilirsiniz&#8230; Okula gidin, iyi bir i\u015f bulun, maa\u015f\u0131n\u0131z\u0131n y\u00fczde 10&#8217;unu biriktirin, kullan\u0131lm\u0131\u015f bir araba sat\u0131n al\u0131n, gereksiz \u00fcyeliklerinizi<span class=\"excerpt-hellip\"> [\u2026]<\/span><\/p>\n","protected":false},"featured_media":0,"template":"","meta":{"_monsterinsights_skip_tracking":false,"_monsterinsights_sitenote_active":false,"_monsterinsights_sitenote_note":"","_monsterinsights_sitenote_category":0},"product_brand":[],"product_cat":[20333,13043],"product_tag":[],"class_list":{"0":"post-746384","1":"product","2":"type-product","3":"status-publish","5":"product_cat-diger-ekonomi","6":"product_cat-ekonomi","7":"pa_cilt-ciltsiz","8":"pa_tur-kitap","9":"pa_yayinevi-epsilon-yayinlari","10":"pa_yazar-m-j-demarco","12":"first","13":"instock","14":"sale","15":"shipping-taxable","16":"purchasable","17":"product-type-simple"},"_links":{"self":[{"href":"https:\/\/roveyayinevi.com.tr\/index.php\/wp-json\/wp\/v2\/product\/746384","targetHints":{"allow":["GET"]}}],"collection":[{"href":"https:\/\/roveyayinevi.com.tr\/index.php\/wp-json\/wp\/v2\/product"}],"about":[{"href":"https:\/\/roveyayinevi.com.tr\/index.php\/wp-json\/wp\/v2\/types\/product"}],"wp:attachment":[{"href":"https:\/\/roveyayinevi.com.tr\/index.php\/wp-json\/wp\/v2\/media?parent=746384"}],"wp:term":[{"taxonomy":"product_brand","embeddable":true,"href":"https:\/\/roveyayinevi.com.tr\/index.php\/wp-json\/wp\/v2\/product_brand?post=746384"},{"taxonomy":"product_cat","embeddable":true,"href":"https:\/\/roveyayinevi.com.tr\/index.php\/wp-json\/wp\/v2\/product_cat?post=746384"},{"taxonomy":"product_tag","embeddable":true,"href":"https:\/\/roveyayinevi.com.tr\/index.php\/wp-json\/wp\/v2\/product_tag?post=746384"}],"curies":[{"name":"wp","href":"https:\/\/api.w.org\/{rel}","templated":true}]}}