{"id":746382,"date":"2025-08-28T02:40:58","date_gmt":"2025-08-27T23:40:58","guid":{"rendered":"https:\/\/roveyayinevi.com.tr\/index.php\/urun\/basit-tut-kitabi\/"},"modified":"2026-02-03T03:12:00","modified_gmt":"2026-02-03T00:12:00","slug":"basit-tut-kitabi","status":"publish","type":"product","link":"https:\/\/roveyayinevi.com.tr\/index.php\/urun\/basit-tut-kitabi\/","title":{"rendered":"&#8220;Basit Tut&#8221; Kitab\u0131"},"content":{"rendered":"<p>\u201cBasit Tut\u201d Kitab\u0131, de\u011fi\u015fimi tetikleyen bir\u00e7ok ipucu ve egzersizi i\u00e7eriyor. Bunu da sabit bir fikir birli\u011fine meydan okuyan ve bak\u0131\u015f a\u00e7\u0131s\u0131n\u0131n g\u00fcc\u00fcyle g\u00fcnl\u00fck ba\u011flant\u0131lar\u0131 yeniden tan\u0131mlayan bir dizi dersler halinde yap\u0131yor. \u0130\u00e7erdi\u011fi benzersiz pratik bilgiler kariyerinizi, i\u015finizi ve ki\u015fisel ya\u015fam\u0131n\u0131z\u0131 basit\u00e7e geli\u015ftirmeniz i\u00e7in sizi cesaretlendirecektir&#8230;   SIMON TYLER, i\u015f d\u00fcnyas\u0131n\u0131n \u00f6nde gelen ko\u00e7lar\u0131ndan ve konu\u015fmac\u0131lar\u0131ndan biridir. Basitli\u011fi i\u015finin ve hayat\u0131n\u0131n merkezine koyarak daha fazla potansiyel elde etmelerini sa\u011flamak amac\u0131yla \u015firketler, y\u00f6neticiler ve giri\u015fimcilerle birlikte \u00e7al\u0131\u015fmaktad\u0131r. \u201cEn \u00e7ok okunanlar listesindeki bu basit ve e\u011fitici kitap, ben dahil b\u00fct\u00fcn okurlara istediklerinden daha fazlas\u0131n\u0131 elde etme konusunda ilham verecek.\u201d \u2013John Watson Reklam Y\u00f6netmeni, Edinburgh Airport   \u201cNeredeyse on y\u0131ld\u0131r Simon ile \u00e7al\u0131\u015f\u0131yorum. D\u00fcr\u00fcst olmam gerekirse her bulu\u015ftu\u011fumuzda yeni bir bilgelik incisi elde etti\u011fimi ya da kar\u015f\u0131la\u015ft\u0131\u011f\u0131m belirli bir zorluk hakk\u0131nda farkl\u0131 bir bak\u0131\u015f a\u00e7\u0131s\u0131 kazand\u0131\u011f\u0131m\u0131 s\u00f6yleyebilirim. Bu kitap, yeniden enerji kazanman\u0131za yard\u0131mc\u0131 olacak ve kontrol\u00fc geri alman\u0131z i\u00e7in size ilham verecek bir\u00e7ok pratik ipucunun harika bir koleksiyonudur. \u00d6z\u00fcmsenmesi kolay bu notlar sayesinde olaylar\u0131 b\u00fct\u00fcn y\u00f6nleriyle ele alarak kendinize meydan okuyacaks\u0131n\u0131z!\u201d Brenda D.H. Trenowden CFA FIG Europe Ba\u015fkan\u0131, ANZ Banking Group Limited <\/p>\n","protected":false},"excerpt":{"rendered":"<p>\u201cBasit Tut\u201d Kitab\u0131, de\u011fi\u015fimi tetikleyen bir\u00e7ok ipucu ve egzersizi i\u00e7eriyor. Bunu da sabit bir fikir birli\u011fine meydan okuyan ve bak\u0131\u015f a\u00e7\u0131s\u0131n\u0131n g\u00fcc\u00fcyle g\u00fcnl\u00fck ba\u011flant\u0131lar\u0131 yeniden tan\u0131mlayan<span class=\"excerpt-hellip\"> [\u2026]<\/span><\/p>\n","protected":false},"featured_media":0,"template":"","meta":{"_monsterinsights_skip_tracking":false,"_monsterinsights_sitenote_active":false,"_monsterinsights_sitenote_note":"","_monsterinsights_sitenote_category":0},"product_brand":[],"product_cat":[12364,12376],"product_tag":[],"class_list":{"0":"post-746382","1":"product","2":"type-product","3":"status-publish","5":"product_cat-genel-konular","6":"product_cat-kisisel-gelisim","7":"pa_cilt-ciltsiz","8":"pa_tur-kitap","9":"pa_yayinevi-mona-kitap","10":"pa_yazar-simon-tyler","12":"first","13":"instock","14":"sale","15":"shipping-taxable","16":"purchasable","17":"product-type-simple"},"_links":{"self":[{"href":"https:\/\/roveyayinevi.com.tr\/index.php\/wp-json\/wp\/v2\/product\/746382","targetHints":{"allow":["GET"]}}],"collection":[{"href":"https:\/\/roveyayinevi.com.tr\/index.php\/wp-json\/wp\/v2\/product"}],"about":[{"href":"https:\/\/roveyayinevi.com.tr\/index.php\/wp-json\/wp\/v2\/types\/product"}],"wp:attachment":[{"href":"https:\/\/roveyayinevi.com.tr\/index.php\/wp-json\/wp\/v2\/media?parent=746382"}],"wp:term":[{"taxonomy":"product_brand","embeddable":true,"href":"https:\/\/roveyayinevi.com.tr\/index.php\/wp-json\/wp\/v2\/product_brand?post=746382"},{"taxonomy":"product_cat","embeddable":true,"href":"https:\/\/roveyayinevi.com.tr\/index.php\/wp-json\/wp\/v2\/product_cat?post=746382"},{"taxonomy":"product_tag","embeddable":true,"href":"https:\/\/roveyayinevi.com.tr\/index.php\/wp-json\/wp\/v2\/product_tag?post=746382"}],"curies":[{"name":"wp","href":"https:\/\/api.w.org\/{rel}","templated":true}]}}