{"id":746381,"date":"2025-08-28T02:40:57","date_gmt":"2025-08-27T23:40:57","guid":{"rendered":"https:\/\/roveyayinevi.com.tr\/index.php\/urun\/etki-kitabi\/"},"modified":"2026-04-03T03:01:51","modified_gmt":"2026-04-03T00:01:51","slug":"etki-kitabi","status":"publish","type":"product","link":"https:\/\/roveyayinevi.com.tr\/index.php\/urun\/etki-kitabi\/","title":{"rendered":"Etki Kitab\u0131"},"content":{"rendered":"<p>ETK\u0130LEME SANATINDA USTALA\u015eMANIZA YARDIMCI OLACAK KULLANI\u015eLI B\u0130R REHBER Hepimiz her g\u00fcn ba\u015fkalar\u0131n\u0131 etkilemeye \u00e7al\u0131\u015f\u0131yoruz. Potansiyel yat\u0131r\u0131mc\u0131lara bir i\u015f fikrini sunarken, m\u00fc\u015fteriyi bir teklife ikna ederken ya da mesai arkada\u015f\u0131m\u0131z\u0131n yeni bir \u00e7al\u0131\u015fma y\u00f6ntemini benimsemesini isterken yapt\u0131\u011f\u0131m\u0131z \u015fey, onlar\u0131 bir bak\u0131ma etkimiz alt\u0131na almakt\u0131r. Gelgelelim, \u00e7o\u011fu zaman bunun fark\u0131na varm\u0131yoruz. Bu kitap, etkileme g\u00fcc\u00fc y\u00fcksek biri olmak ve kar\u015f\u0131 taraf\u0131n evet demesini sa\u011flamak i\u00e7in duygusal zek\u00e2n\u0131z\u0131 geli\u015ftirecek ara\u00e7 ve y\u00f6ntemleri size sunuyor.   NICOLE SOAMES, vas\u0131fl\u0131 bir ko\u00e7 ve duygusal zek\u00e2 uygulay\u0131c\u0131s\u0131d\u0131r. Ayn\u0131 zamanda binlerce insana etkileme ve sat\u0131\u015f, m\u00fczakere, hesap y\u00f6netimi, pazarlama, sunum, strateji, ko\u00e7luk, liderlik ve idarecilik gibi konularda destek veren Diadem Performance \u015firketinin kurucusu ve CEO\u2019sudur. \u201c\u00c7al\u0131\u015fma hayat\u0131n\u0131zda ya da \u00f6zel hayat\u0131n\u0131zda kar\u015f\u0131la\u015faca\u011f\u0131n\u0131z etkileme f\u0131rsatlar\u0131n\u0131 de\u011ferlendirmeniz a\u00e7\u0131s\u0131ndan Etki Kitab\u0131, son derece kullan\u0131\u015fl\u0131 ve ilgi \u00e7ekici bir rehber. Hepimiz ba\u015fkalar\u0131n\u0131 etkilemeye ihtiya\u00e7 duyar\u0131z ve bu elkitab\u0131yla etkileme konusunda uzmanla\u015facaks\u0131n\u0131z!\u201d \u2013Dr. Duncan Garrood Bill Restoranlar\u0131 CEO\u2019su   \u201cNicole Soames, yaz\u0131l\u0131 anlat\u0131mda da en az s\u00f6zl\u00fc anlat\u0131mdaki kadar ba\u015far\u0131l\u0131 oldu\u011funu bu eseriyle g\u00f6sterdi. Etki Kitab\u0131, hayatta hep bir ad\u0131m \u00f6nde olmak isteyenler i\u00e7in kesinlikle iyi bir zaman yat\u0131r\u0131m\u0131.\u201d  \u2013Olly Dale Liverpool Kul\u00fcb\u00fc\u2019n\u00fcn Reklam Y\u00f6netmeni   \u201cBu kitap sayesinde duygusal zek\u00e2n\u0131z\u0131 kontrol edebilmeyi \u00f6\u011frenecek ve b\u00f6ylece insanlarla sa\u011flam bir g\u00fcven ili\u015fkisi kurarak onlar\u0131 sizinle benzer bir bak\u0131\u015f a\u00e7\u0131s\u0131 geli\u015ftirmeleri hususunda motive edeceksiniz.. \u201d \u2013Dr. Martyn Newman Uzman Klinik Psikolog ve Fark\u0131ndal\u0131k Kitab\u0131\u2019n\u0131n yazar<\/p>\n","protected":false},"excerpt":{"rendered":"<p>ETK\u0130LEME SANATINDA USTALA\u015eMANIZA YARDIMCI OLACAK KULLANI\u015eLI B\u0130R REHBER Hepimiz her g\u00fcn ba\u015fkalar\u0131n\u0131 etkilemeye \u00e7al\u0131\u015f\u0131yoruz. Potansiyel yat\u0131r\u0131mc\u0131lara bir i\u015f fikrini sunarken, m\u00fc\u015fteriyi bir teklife ikna ederken ya<span class=\"excerpt-hellip\"> [\u2026]<\/span><\/p>\n","protected":false},"featured_media":0,"template":"","meta":{"_monsterinsights_skip_tracking":false,"_monsterinsights_sitenote_active":false,"_monsterinsights_sitenote_note":"","_monsterinsights_sitenote_category":0},"product_brand":[],"product_cat":[12364,12376],"product_tag":[],"class_list":{"0":"post-746381","1":"product","2":"type-product","3":"status-publish","5":"product_cat-genel-konular","6":"product_cat-kisisel-gelisim","7":"pa_cilt-ciltsiz","8":"pa_tur-kitap","9":"pa_yayinevi-mona-kitap","10":"pa_yazar-nicole-soames","12":"first","13":"instock","14":"sale","15":"shipping-taxable","16":"purchasable","17":"product-type-simple"},"_links":{"self":[{"href":"https:\/\/roveyayinevi.com.tr\/index.php\/wp-json\/wp\/v2\/product\/746381","targetHints":{"allow":["GET"]}}],"collection":[{"href":"https:\/\/roveyayinevi.com.tr\/index.php\/wp-json\/wp\/v2\/product"}],"about":[{"href":"https:\/\/roveyayinevi.com.tr\/index.php\/wp-json\/wp\/v2\/types\/product"}],"wp:attachment":[{"href":"https:\/\/roveyayinevi.com.tr\/index.php\/wp-json\/wp\/v2\/media?parent=746381"}],"wp:term":[{"taxonomy":"product_brand","embeddable":true,"href":"https:\/\/roveyayinevi.com.tr\/index.php\/wp-json\/wp\/v2\/product_brand?post=746381"},{"taxonomy":"product_cat","embeddable":true,"href":"https:\/\/roveyayinevi.com.tr\/index.php\/wp-json\/wp\/v2\/product_cat?post=746381"},{"taxonomy":"product_tag","embeddable":true,"href":"https:\/\/roveyayinevi.com.tr\/index.php\/wp-json\/wp\/v2\/product_tag?post=746381"}],"curies":[{"name":"wp","href":"https:\/\/api.w.org\/{rel}","templated":true}]}}