{"id":746378,"date":"2025-08-28T02:40:54","date_gmt":"2025-08-27T23:40:54","guid":{"rendered":"https:\/\/roveyayinevi.com.tr\/index.php\/urun\/5-gunluk-dusunme-kurslari\/"},"modified":"2026-04-16T02:58:53","modified_gmt":"2026-04-15T23:58:53","slug":"5-gunluk-dusunme-kurslari","status":"publish","type":"product","link":"https:\/\/roveyayinevi.com.tr\/index.php\/urun\/5-gunluk-dusunme-kurslari\/","title":{"rendered":"5 G\u00fcnl\u00fck D\u00fc\u015f\u00fcnme Kurslar\u0131"},"content":{"rendered":"<p>Edward de Bono bu kitab\u0131nda sizlere \u00f6zel bir bilgi ve matematik gerektirmeyen bir dizi d\u00fc\u015f\u00fcnme problemi sunuyor. Problemler okuyucular\u0131n d\u00fc\u015f\u00fcnme tarzlar\u0131, zay\u0131fl\u0131klar\u0131, g\u00fc\u00e7l\u00fc yanlar\u0131 ve asla kullanmad\u0131klar\u0131 potansiyel y\u00f6ntemler hakk\u0131nda bilgi edinmelerini sa\u011flamak i\u00e7in tasarland\u0131. Bu be\u015f g\u00fcnl\u00fck d\u00fc\u015f\u00fcnme kurslar\u0131 sonunda ama\u00e7lanan, d\u00fc\u015f\u00fcnme teknikleriniz \u00fczerine fikir y\u00fcr\u00fctmeniz ve yeni y\u00f6ntemler geli\u015ftirmenizdir. \u201cBuradaki tavsiyeler sadece okuyucunun d\u00fc\u015f\u00fcnme \u00fczerine fikirlerini canland\u0131rmak i\u00e7indir. Fark\u0131nda olan okuyucu herhangi bir okuyucudan, hatta yazar\u0131n payla\u015ft\u0131klar\u0131ndan daha \u00f6teye gidecektir.\u201d<\/p>\n","protected":false},"excerpt":{"rendered":"<p>Edward de Bono bu kitab\u0131nda sizlere \u00f6zel bir bilgi ve matematik gerektirmeyen bir dizi d\u00fc\u015f\u00fcnme problemi sunuyor. Problemler okuyucular\u0131n d\u00fc\u015f\u00fcnme tarzlar\u0131, zay\u0131fl\u0131klar\u0131, g\u00fc\u00e7l\u00fc yanlar\u0131 ve asla<span class=\"excerpt-hellip\"> [\u2026]<\/span><\/p>\n","protected":false},"featured_media":0,"template":"","meta":{"_monsterinsights_skip_tracking":false,"_monsterinsights_sitenote_active":false,"_monsterinsights_sitenote_note":"","_monsterinsights_sitenote_category":0},"product_brand":[],"product_cat":[12357],"product_tag":[],"class_list":{"0":"post-746378","1":"product","2":"type-product","3":"status-publish","5":"product_cat-psikoloji","6":"pa_cilt-ciltsiz","7":"pa_tur-kitap","8":"pa_yayinevi-epsilon-yayinlari","9":"pa_yazar-edward-de-bono","11":"first","12":"instock","13":"sale","14":"shipping-taxable","15":"purchasable","16":"product-type-simple"},"_links":{"self":[{"href":"https:\/\/roveyayinevi.com.tr\/index.php\/wp-json\/wp\/v2\/product\/746378","targetHints":{"allow":["GET"]}}],"collection":[{"href":"https:\/\/roveyayinevi.com.tr\/index.php\/wp-json\/wp\/v2\/product"}],"about":[{"href":"https:\/\/roveyayinevi.com.tr\/index.php\/wp-json\/wp\/v2\/types\/product"}],"wp:attachment":[{"href":"https:\/\/roveyayinevi.com.tr\/index.php\/wp-json\/wp\/v2\/media?parent=746378"}],"wp:term":[{"taxonomy":"product_brand","embeddable":true,"href":"https:\/\/roveyayinevi.com.tr\/index.php\/wp-json\/wp\/v2\/product_brand?post=746378"},{"taxonomy":"product_cat","embeddable":true,"href":"https:\/\/roveyayinevi.com.tr\/index.php\/wp-json\/wp\/v2\/product_cat?post=746378"},{"taxonomy":"product_tag","embeddable":true,"href":"https:\/\/roveyayinevi.com.tr\/index.php\/wp-json\/wp\/v2\/product_tag?post=746378"}],"curies":[{"name":"wp","href":"https:\/\/api.w.org\/{rel}","templated":true}]}}