{"id":746377,"date":"2025-08-28T02:40:52","date_gmt":"2025-08-27T23:40:52","guid":{"rendered":"https:\/\/roveyayinevi.com.tr\/index.php\/urun\/jane-zerya-mi\/"},"modified":"2026-04-16T02:58:53","modified_gmt":"2026-04-15T23:58:53","slug":"jane-zerya-mi","status":"publish","type":"product","link":"https:\/\/roveyayinevi.com.tr\/index.php\/urun\/jane-zerya-mi\/","title":{"rendered":"Jane Zerya M\u0131"},"content":{"rendered":"<p>G\u00fcrsel Sar\u0131ka\u015f tarihler boyu konu\u015fulagelen anadilimiz olan \u201cZONE DAKILE\u201d yani \u201cZONE MA\u201dy\u0131 b\u00fcy\u00fck bir \u00f6zveri ile emek ile g\u00f6z nuru ile k\u00f6k kelimelerin orijinalini koruyarak bize ula\u015ft\u0131rm\u0131\u015ft\u0131r. Bing\u00f6l da\u011flar\u0131n\u0131n ziyaretlerinden akan suyun berrakl\u0131\u011f\u0131 ve \u015feffafl\u0131\u011f\u0131 gibi duru kelimeler ile aktard\u0131, s\u00fcsleyerek bize b\u00fcy\u00fck bir miras b\u0131rakt\u0131. Kitaptaki \u015fiirleri do\u011fa, itikat ve a\u015fk ile renklendirmi\u015ftir. Dil insan\u0131n kimli\u011fidir. Atalar\u0131m\u0131z\u0131n b\u0131rakt\u0131\u011f\u0131 binlerce y\u0131ll\u0131k mirast\u0131r. B\u00fcy\u00fcklerimiz taraf\u0131ndan bug\u00fcne kadar aktar\u0131lsa da zaman i\u00e7inde konu\u015fanlar azald\u0131\u011f\u0131 i\u00e7in UNESCO taraf\u0131ndan yok olmak \u00fczere olan diller kategorisinde koruma alt\u0131na al\u0131nm\u0131\u015ft\u0131r. G\u00fcrsel Sar\u0131ka\u015f\u2019\u0131n bu kitab\u0131 da dilimizi gelecek ku\u015faklara aktaracak g\u00fczel bir \u00e7al\u0131\u015fmad\u0131r. En \u00f6nemlisi de dilimizin orijinalli\u011fini bozmadan aktarmas\u0131d\u0131r. Bu anlamda ana dile verdi\u011fi emekten dolay\u0131 G\u00fcrsel arkada\u015f\u0131m\u0131 kutlar, ba\u015far\u0131lar\u0131n\u0131n devam\u0131n\u0131 dilerim. Bra G\u00fcrsel, we\u015fo warbe, r\u0131ndke t\u0131 esta\u2026 X\u0131z\u0131r kedere to medo. Deste paye to we\u015fbe.                            Varto Dewa Muska\u2019ra \u0130brahim Do\u011fan<\/p>\n","protected":false},"excerpt":{"rendered":"<p>G\u00fcrsel Sar\u0131ka\u015f tarihler boyu konu\u015fulagelen anadilimiz olan \u201cZONE DAKILE\u201d yani \u201cZONE MA\u201dy\u0131 b\u00fcy\u00fck bir \u00f6zveri ile emek ile g\u00f6z nuru ile k\u00f6k kelimelerin orijinalini koruyarak bize<span class=\"excerpt-hellip\"> [\u2026]<\/span><\/p>\n","protected":false},"featured_media":0,"template":"","meta":{"_monsterinsights_skip_tracking":false,"_monsterinsights_sitenote_active":false,"_monsterinsights_sitenote_note":"","_monsterinsights_sitenote_category":0},"product_brand":[],"product_cat":[12291,12509],"product_tag":[],"class_list":{"0":"post-746377","1":"product","2":"type-product","3":"status-publish","5":"product_cat-edebiyat","6":"product_cat-siir","7":"pa_cilt-ciltsiz","8":"pa_tur-kitap","9":"pa_yayinevi-imla-yayinevi","10":"pa_yazar-gursel-sarikas","12":"first","13":"instock","14":"sale","15":"shipping-taxable","16":"purchasable","17":"product-type-simple"},"_links":{"self":[{"href":"https:\/\/roveyayinevi.com.tr\/index.php\/wp-json\/wp\/v2\/product\/746377","targetHints":{"allow":["GET"]}}],"collection":[{"href":"https:\/\/roveyayinevi.com.tr\/index.php\/wp-json\/wp\/v2\/product"}],"about":[{"href":"https:\/\/roveyayinevi.com.tr\/index.php\/wp-json\/wp\/v2\/types\/product"}],"wp:attachment":[{"href":"https:\/\/roveyayinevi.com.tr\/index.php\/wp-json\/wp\/v2\/media?parent=746377"}],"wp:term":[{"taxonomy":"product_brand","embeddable":true,"href":"https:\/\/roveyayinevi.com.tr\/index.php\/wp-json\/wp\/v2\/product_brand?post=746377"},{"taxonomy":"product_cat","embeddable":true,"href":"https:\/\/roveyayinevi.com.tr\/index.php\/wp-json\/wp\/v2\/product_cat?post=746377"},{"taxonomy":"product_tag","embeddable":true,"href":"https:\/\/roveyayinevi.com.tr\/index.php\/wp-json\/wp\/v2\/product_tag?post=746377"}],"curies":[{"name":"wp","href":"https:\/\/api.w.org\/{rel}","templated":true}]}}