{"id":746376,"date":"2025-08-28T02:40:50","date_gmt":"2025-08-27T23:40:50","guid":{"rendered":"https:\/\/roveyayinevi.com.tr\/index.php\/urun\/hayati-roman-gibi-yasamak\/"},"modified":"2026-04-16T02:58:53","modified_gmt":"2026-04-15T23:58:53","slug":"hayati-roman-gibi-yasamak","status":"publish","type":"product","link":"https:\/\/roveyayinevi.com.tr\/index.php\/urun\/hayati-roman-gibi-yasamak\/","title":{"rendered":"Hayat\u0131 Roman Gibi Ya\u015famak"},"content":{"rendered":"<p>Atalar: \u201cS\u00f6z gider yaz\u0131 kal\u0131r, sel gider izi kal\u0131r\u201d demi\u015f. Ben de do\u011fumumdan itibaren ya\u015fad\u0131\u011f\u0131m ger\u00e7ek hik\u00e2yelerden yola \u00e7\u0131karak. Gerek ya\u015fad\u0131\u011f\u0131m devire \u0131\u015f\u0131k tutmak, gerekse gelecek nesillere ya\u015fad\u0131\u011f\u0131m olaylar\u0131, yapt\u0131\u011f\u0131m g\u00f6zlemleri ve edindi\u011fim tecr\u00fcbeleri aktarmak ve onlar\u0131n ge\u00e7mi\u015f ile gelecek aras\u0131nda ba\u011f kurmalar\u0131na katk\u0131da bulunmak amac\u0131yla bu k\u0131sa \u00f6yk\u00fc kitab\u0131m\u0131 kaleme ald\u0131m. Bunu yaparken de Anadolu\u2019da bir\u00e7ok yeri g\u00f6rm\u00fc\u015f ve gezme f\u0131rsat\u0131 bulmu\u015f bir ki\u015fi olarak; enteresan k\u00fclt\u00fcr de\u011ferleri ile ya\u015fant\u0131lardan kesitler aktarmaya \u00e7al\u0131\u015ft\u0131m. K\u0131sa ama roman tad\u0131nda okuyaca\u011f\u0131n\u0131z inanc\u0131yla sayg\u0131 ve muhabbetlerimi sunar\u0131m.   \u0130brahim MEM\u0130\u015e <\/p>\n","protected":false},"excerpt":{"rendered":"<p>Atalar: \u201cS\u00f6z gider yaz\u0131 kal\u0131r, sel gider izi kal\u0131r\u201d demi\u015f. Ben de do\u011fumumdan itibaren ya\u015fad\u0131\u011f\u0131m ger\u00e7ek hik\u00e2yelerden yola \u00e7\u0131karak. Gerek ya\u015fad\u0131\u011f\u0131m devire \u0131\u015f\u0131k tutmak, gerekse gelecek<span class=\"excerpt-hellip\"> [\u2026]<\/span><\/p>\n","protected":false},"featured_media":0,"template":"","meta":{"_monsterinsights_skip_tracking":false,"_monsterinsights_sitenote_active":false,"_monsterinsights_sitenote_note":"","_monsterinsights_sitenote_category":0},"product_brand":[],"product_cat":[14009,12291],"product_tag":[],"class_list":{"0":"post-746376","1":"product","2":"type-product","3":"status-publish","5":"product_cat-biyografi-otobiyografi-edebiyat","6":"product_cat-edebiyat","7":"pa_cilt-ciltsiz","8":"pa_tur-kitap","9":"pa_yayinevi-zet-yayinlari","10":"pa_yazar-ibrahim-memis","12":"first","13":"instock","14":"sale","15":"shipping-taxable","16":"purchasable","17":"product-type-simple"},"_links":{"self":[{"href":"https:\/\/roveyayinevi.com.tr\/index.php\/wp-json\/wp\/v2\/product\/746376","targetHints":{"allow":["GET"]}}],"collection":[{"href":"https:\/\/roveyayinevi.com.tr\/index.php\/wp-json\/wp\/v2\/product"}],"about":[{"href":"https:\/\/roveyayinevi.com.tr\/index.php\/wp-json\/wp\/v2\/types\/product"}],"wp:attachment":[{"href":"https:\/\/roveyayinevi.com.tr\/index.php\/wp-json\/wp\/v2\/media?parent=746376"}],"wp:term":[{"taxonomy":"product_brand","embeddable":true,"href":"https:\/\/roveyayinevi.com.tr\/index.php\/wp-json\/wp\/v2\/product_brand?post=746376"},{"taxonomy":"product_cat","embeddable":true,"href":"https:\/\/roveyayinevi.com.tr\/index.php\/wp-json\/wp\/v2\/product_cat?post=746376"},{"taxonomy":"product_tag","embeddable":true,"href":"https:\/\/roveyayinevi.com.tr\/index.php\/wp-json\/wp\/v2\/product_tag?post=746376"}],"curies":[{"name":"wp","href":"https:\/\/api.w.org\/{rel}","templated":true}]}}