{"id":746375,"date":"2025-08-28T02:40:49","date_gmt":"2025-08-27T23:40:49","guid":{"rendered":"https:\/\/roveyayinevi.com.tr\/index.php\/urun\/mor-kalemin-cigligi-2\/"},"modified":"2026-04-16T02:58:53","modified_gmt":"2026-04-15T23:58:53","slug":"mor-kalemin-cigligi-2","status":"publish","type":"product","link":"https:\/\/roveyayinevi.com.tr\/index.php\/urun\/mor-kalemin-cigligi-2\/","title":{"rendered":"Mor Kalemin \u00c7\u0131\u011fl\u0131\u011f\u0131 2"},"content":{"rendered":"<p>Futbol sahas\u0131nda g\u00fczel bir hareket g\u00f6rd\u00fc\u011f\u00fcm\u00fczde s\u00f6yledi\u011fimiz bir s\u00f6z vard\u0131r: \u201c\u015eiir gibi\u201d&#8230; Demek ki \u015fiir, g\u00fcndelik hayat\u0131m\u0131zda g\u00f6rd\u00fc\u011f\u00fcm\u00fcz, ya\u015fad\u0131\u011f\u0131m\u0131z g\u00fczel bir an\u0131n ba\u015f\u0131na koydu\u011fumuz \u201cta\u00e7\u201dd\u0131r. Mehmet \u00d6ncel Ko\u00e7 \u015fiirlerini de\u011ferlendirmemi istedi\u011fimde \u201cBen edebiyat\u00e7\u0131 de\u011filim\u201d diyerek topu taca atabilirdim&#8230; Ama bu kolayc\u0131l\u0131k olurdu. \u00c7\u00fcnk\u00fc bir postac\u0131n\u0131n \u00fcnl\u00fc \u015fair Neruda\u2019ya dedi\u011fi gibi \u201c\u015eiir yazan\u0131n de\u011fil, ihtiyac\u0131 olan\u0131nd\u0131r\u201d&#8230; Edebiyat s\u0131nav\u0131nda sorulan \u201c\u015eair burada ne demek istemi\u015f? Sorusu yerine, \u201cBen bu \u015fiirin neresindeyim?\u201d d\u00fc\u015f\u00fcncesiyle okudum, sevgili Mehmet\u2019in \u015fiirlerini&#8230; Ve hayat\u0131ma dair pek \u00e7ok sevin\u00e7 ve h\u00fcz\u00fcn buldum. Duygu d\u00fcnyam\u0131n \u00e7ekmeceleri i\u00e7inden birbirinden de\u011ferli hat\u0131ralar yeniden kar\u0131\u015ft\u0131 hayat\u0131ma&#8230; Postac\u0131 hakl\u0131, \u015fiir yazan\u0131n de\u011fil, ihtiyac\u0131 olan\u0131nm\u0131\u015f. Te\u015fekk\u00fcrler Mehmet \u00d6ncel Ko\u00e7, duygu ve d\u00fc\u015f\u00fcnce d\u00fcnyam\u0131za tuttu\u011fun bu g\u00fczel ayna i\u00e7in te\u015fekk\u00fcrler&#8230; \u015eenol G\u00fcne\u015f<\/p>\n","protected":false},"excerpt":{"rendered":"<p>Futbol sahas\u0131nda g\u00fczel bir hareket g\u00f6rd\u00fc\u011f\u00fcm\u00fczde s\u00f6yledi\u011fimiz bir s\u00f6z vard\u0131r: \u201c\u015eiir gibi\u201d&#8230; Demek ki \u015fiir, g\u00fcndelik hayat\u0131m\u0131zda g\u00f6rd\u00fc\u011f\u00fcm\u00fcz, ya\u015fad\u0131\u011f\u0131m\u0131z g\u00fczel bir an\u0131n ba\u015f\u0131na koydu\u011fumuz \u201cta\u00e7\u201dd\u0131r. Mehmet<span class=\"excerpt-hellip\"> [\u2026]<\/span><\/p>\n","protected":false},"featured_media":0,"template":"","meta":{"_monsterinsights_skip_tracking":false,"_monsterinsights_sitenote_active":false,"_monsterinsights_sitenote_note":"","_monsterinsights_sitenote_category":0},"product_brand":[],"product_cat":[12291,12509],"product_tag":[],"class_list":{"0":"post-746375","1":"product","2":"type-product","3":"status-publish","5":"product_cat-edebiyat","6":"product_cat-siir","7":"pa_cilt-ciltsiz","8":"pa_tur-kitap","9":"pa_yayinevi-zet-yayinlari","10":"pa_yazar-mehmet-oncel-koc","12":"first","13":"instock","14":"sale","15":"shipping-taxable","16":"purchasable","17":"product-type-simple"},"_links":{"self":[{"href":"https:\/\/roveyayinevi.com.tr\/index.php\/wp-json\/wp\/v2\/product\/746375","targetHints":{"allow":["GET"]}}],"collection":[{"href":"https:\/\/roveyayinevi.com.tr\/index.php\/wp-json\/wp\/v2\/product"}],"about":[{"href":"https:\/\/roveyayinevi.com.tr\/index.php\/wp-json\/wp\/v2\/types\/product"}],"wp:attachment":[{"href":"https:\/\/roveyayinevi.com.tr\/index.php\/wp-json\/wp\/v2\/media?parent=746375"}],"wp:term":[{"taxonomy":"product_brand","embeddable":true,"href":"https:\/\/roveyayinevi.com.tr\/index.php\/wp-json\/wp\/v2\/product_brand?post=746375"},{"taxonomy":"product_cat","embeddable":true,"href":"https:\/\/roveyayinevi.com.tr\/index.php\/wp-json\/wp\/v2\/product_cat?post=746375"},{"taxonomy":"product_tag","embeddable":true,"href":"https:\/\/roveyayinevi.com.tr\/index.php\/wp-json\/wp\/v2\/product_tag?post=746375"}],"curies":[{"name":"wp","href":"https:\/\/api.w.org\/{rel}","templated":true}]}}