{"id":746372,"date":"2025-08-28T02:40:44","date_gmt":"2025-08-27T23:40:44","guid":{"rendered":"https:\/\/roveyayinevi.com.tr\/index.php\/urun\/dilek-mumu\/"},"modified":"2026-04-08T03:06:03","modified_gmt":"2026-04-08T00:06:03","slug":"dilek-mumu","status":"publish","type":"product","link":"https:\/\/roveyayinevi.com.tr\/index.php\/urun\/dilek-mumu\/","title":{"rendered":"Dilek Mumu"},"content":{"rendered":"<p>Bamba\u015fka bir cennet beklemekte seni \u00f6ld\u00fc\u011f\u00fcnde, latif bir hafiflik esmekte senin art\u0131k ta\u015f\u0131yamayaca\u011f\u0131n y\u00fckler s\u0131rt\u0131na bindi\u011finde. Sanc\u0131lar\u0131n s\u0131kla\u015ft\u0131\u011f\u0131nda anla ki yeni bir sen do\u011fmaktas\u0131n; hayallerin tam o anda ba\u015fl\u0131yor, zaman\u0131 geriye almak istedi\u011finde. <\/p>\n","protected":false},"excerpt":{"rendered":"<p>Bamba\u015fka bir cennet beklemekte seni \u00f6ld\u00fc\u011f\u00fcnde, latif bir hafiflik esmekte senin art\u0131k ta\u015f\u0131yamayaca\u011f\u0131n y\u00fckler s\u0131rt\u0131na bindi\u011finde. Sanc\u0131lar\u0131n s\u0131kla\u015ft\u0131\u011f\u0131nda anla ki yeni bir sen do\u011fmaktas\u0131n; hayallerin tam<span class=\"excerpt-hellip\"> [\u2026]<\/span><\/p>\n","protected":false},"featured_media":0,"template":"","meta":{"_monsterinsights_skip_tracking":false,"_monsterinsights_sitenote_active":false,"_monsterinsights_sitenote_note":"","_monsterinsights_sitenote_category":0},"product_brand":[],"product_cat":[12291,12711],"product_tag":[],"class_list":{"0":"post-746372","1":"product","2":"type-product","3":"status-publish","5":"product_cat-edebiyat","6":"product_cat-roman-oyku","7":"pa_cilt-ciltsiz","8":"pa_tur-kitap","9":"pa_yayinevi-zet-yayinlari","10":"pa_yazar-funda-gulec-yalcin","12":"first","13":"instock","14":"sale","15":"shipping-taxable","16":"purchasable","17":"product-type-simple"},"_links":{"self":[{"href":"https:\/\/roveyayinevi.com.tr\/index.php\/wp-json\/wp\/v2\/product\/746372","targetHints":{"allow":["GET"]}}],"collection":[{"href":"https:\/\/roveyayinevi.com.tr\/index.php\/wp-json\/wp\/v2\/product"}],"about":[{"href":"https:\/\/roveyayinevi.com.tr\/index.php\/wp-json\/wp\/v2\/types\/product"}],"wp:attachment":[{"href":"https:\/\/roveyayinevi.com.tr\/index.php\/wp-json\/wp\/v2\/media?parent=746372"}],"wp:term":[{"taxonomy":"product_brand","embeddable":true,"href":"https:\/\/roveyayinevi.com.tr\/index.php\/wp-json\/wp\/v2\/product_brand?post=746372"},{"taxonomy":"product_cat","embeddable":true,"href":"https:\/\/roveyayinevi.com.tr\/index.php\/wp-json\/wp\/v2\/product_cat?post=746372"},{"taxonomy":"product_tag","embeddable":true,"href":"https:\/\/roveyayinevi.com.tr\/index.php\/wp-json\/wp\/v2\/product_tag?post=746372"}],"curies":[{"name":"wp","href":"https:\/\/api.w.org\/{rel}","templated":true}]}}