{"id":746371,"date":"2025-08-28T02:40:43","date_gmt":"2025-08-27T23:40:43","guid":{"rendered":"https:\/\/roveyayinevi.com.tr\/index.php\/urun\/parya-perilerin-degistirdigi-cocuk\/"},"modified":"2026-04-16T02:58:53","modified_gmt":"2026-04-15T23:58:53","slug":"parya-perilerin-degistirdigi-cocuk","status":"publish","type":"product","link":"https:\/\/roveyayinevi.com.tr\/index.php\/urun\/parya-perilerin-degistirdigi-cocuk\/","title":{"rendered":"Parya :Perilerin De\u011fi\u015ftirdi\u011fi \u00c7ocuk"},"content":{"rendered":"<p>Peri soyundan gelen Edmund ve insan soyundangelip de ismi bile olmayan \u00c7ocuk, do\u011fduktan he-men sonra de\u011fi\u015ftirilir. Edmund \u015fimdi Yukar\u0131 D\u00fcn-ya\u2019da insanlarla birlikte, onu herkesten farkl\u0131 k\u0131lanperi g\u00fc\u00e7lerini saklayarak ya\u015famak zorundad\u0131r.\u00c7ocuk ise bir insan olman\u0131n kraliyet ailesinde peke\u011flenceli bulundu\u011fu A\u015fa\u011f\u0131 D\u00fcnya\u2019da, perilerinaras\u0131nda hayat\u0131n\u0131 s\u00fcrd\u00fcrmektedir. Ac\u0131mas\u0131z b\u00fcy\u00fcc\u00fc Hawthorne, A\u015fa\u011f\u0131 D\u00fcnya\u2019n\u0131ntaht\u0131na oturunca \u00c7ocuk ve Edmund, her ikid\u00fcnyay\u0131 da kurtarmak i\u00e7in tehlikeli bir yolculuktayeniden bir araya gelmek zorunda kal\u0131rlar. Ethan M. Aldridge\u2019in kaleme ald\u0131\u011f\u0131 Parya adl\u0131 bufantastik macerada Edmund ve \u00c7ocuk, nereye aitolduklar\u0131n\u0131 ke\u015ffedebilecek ve ailelerinekavu\u015fabilecekler mi?<\/p>\n","protected":false},"excerpt":{"rendered":"<p>Peri soyundan gelen Edmund ve insan soyundangelip de ismi bile olmayan \u00c7ocuk, do\u011fduktan he-men sonra de\u011fi\u015ftirilir. Edmund \u015fimdi Yukar\u0131 D\u00fcn-ya\u2019da insanlarla birlikte, onu herkesten farkl\u0131 k\u0131lanperi<span class=\"excerpt-hellip\"> [\u2026]<\/span><\/p>\n","protected":false},"featured_media":0,"template":"","meta":{"_monsterinsights_skip_tracking":false,"_monsterinsights_sitenote_active":false,"_monsterinsights_sitenote_note":"","_monsterinsights_sitenote_category":0},"product_brand":[],"product_cat":[12689,12274],"product_tag":[],"class_list":{"0":"post-746371","1":"product","2":"type-product","3":"status-publish","5":"product_cat-cizgi-roman-cocuk-ve-genclik-kitaplari","6":"product_cat-cocuk-ve-genclik-kitaplari","7":"pa_cilt-ciltsiz","8":"pa_tur-kitap","9":"pa_yayinevi-epsilon-yayinlari","10":"pa_yazar-ethan-m-aldridge","12":"first","13":"instock","14":"sale","15":"shipping-taxable","16":"purchasable","17":"product-type-simple"},"_links":{"self":[{"href":"https:\/\/roveyayinevi.com.tr\/index.php\/wp-json\/wp\/v2\/product\/746371","targetHints":{"allow":["GET"]}}],"collection":[{"href":"https:\/\/roveyayinevi.com.tr\/index.php\/wp-json\/wp\/v2\/product"}],"about":[{"href":"https:\/\/roveyayinevi.com.tr\/index.php\/wp-json\/wp\/v2\/types\/product"}],"wp:attachment":[{"href":"https:\/\/roveyayinevi.com.tr\/index.php\/wp-json\/wp\/v2\/media?parent=746371"}],"wp:term":[{"taxonomy":"product_brand","embeddable":true,"href":"https:\/\/roveyayinevi.com.tr\/index.php\/wp-json\/wp\/v2\/product_brand?post=746371"},{"taxonomy":"product_cat","embeddable":true,"href":"https:\/\/roveyayinevi.com.tr\/index.php\/wp-json\/wp\/v2\/product_cat?post=746371"},{"taxonomy":"product_tag","embeddable":true,"href":"https:\/\/roveyayinevi.com.tr\/index.php\/wp-json\/wp\/v2\/product_tag?post=746371"}],"curies":[{"name":"wp","href":"https:\/\/api.w.org\/{rel}","templated":true}]}}