{"id":746368,"date":"2025-08-28T02:40:40","date_gmt":"2025-08-27T23:40:40","guid":{"rendered":"https:\/\/roveyayinevi.com.tr\/index.php\/urun\/etnisiteyi-yeniden-dusunmek\/"},"modified":"2026-04-16T02:58:53","modified_gmt":"2026-04-15T23:58:53","slug":"etnisiteyi-yeniden-dusunmek","status":"publish","type":"product","link":"https:\/\/roveyayinevi.com.tr\/index.php\/urun\/etnisiteyi-yeniden-dusunmek\/","title":{"rendered":"Etnisiteyi Yeniden D\u00fc\u015f\u00fcnmek"},"content":{"rendered":"<p>Etnisiteyi Yeniden D\u00fc\u015f\u00fcnmek, ilk bask\u0131s\u0131 yap\u0131ld\u0131ktan k\u0131sa bir s\u00fcre sonra etnisite ve etnik ili\u015fkiler \u00f6\u011frencileri aras\u0131nda pop\u00fcler bir metin haline geldi. Ba\u015ftan sona g\u00f6zden ge\u00e7irilmi\u015f ve g\u00fcncellenmi\u015f ikinci bask\u0131dan yap\u0131lan bu \u00e7eviri, etnik gruplar \u00fczerine g\u00fcncel tart\u0131\u015fmalar\u0131 da kapsayan zengin bir metin. Etnisitenin kendisi hayali bir sosyal yap\u0131 olsa da etkileri hayali olmaktan \u00e7ok uzakt\u0131r. Jenkins, etnisiteyi in\u015fa eden sosyal mekanizmalar\u0131 ve insanlar\u0131n deneyimleri \u00fczerindeki ger\u00e7ek etkileri ile sonu\u00e7lar\u0131n\u0131 g\u00f6stermek \u00fczere farkl\u0131 \u00f6rneklerden yararlan\u0131yor. Uzun y\u0131llar s\u00fcren vaka \u00e7al\u0131\u015fmas\u0131 sonucunda elde edilen zengin materyallerden yararlan\u0131larak haz\u0131rlanan kitap, etnisite ve onunla yak\u0131n ili\u015fki i\u00e7indeki konular\u0131 tart\u0131\u015f\u0131yor. Bahsi ge\u00e7en konular aras\u0131nda \u00e7o\u011fulcu toplum \u201cmiti\u201d, postmodern farkl\u0131l\u0131k, etnisite, \u201c\u0131rk\u201d ve milliyet\u00e7ilik aras\u0131ndaki ili\u015fki, ideoloji, dil, din ve \u015fiddet, ulusal kimli\u011fin g\u00fcndelik in\u015fas\u0131 gibi \u00e7arp\u0131c\u0131 ba\u015fl\u0131klar bulunuyor. Sonu\u00e7, \u00e7a\u011fda\u015f d\u00fcnyay\u0131 anlamland\u0131rmak i\u00e7in vazge\u00e7ilmez bir kavrama dair derli toplu ve zihin a\u00e7\u0131c\u0131 bir inceleme.  <\/p>\n","protected":false},"excerpt":{"rendered":"<p>Etnisiteyi Yeniden D\u00fc\u015f\u00fcnmek, ilk bask\u0131s\u0131 yap\u0131ld\u0131ktan k\u0131sa bir s\u00fcre sonra etnisite ve etnik ili\u015fkiler \u00f6\u011frencileri aras\u0131nda pop\u00fcler bir metin haline geldi. Ba\u015ftan sona g\u00f6zden ge\u00e7irilmi\u015f ve<span class=\"excerpt-hellip\"> [\u2026]<\/span><\/p>\n","protected":false},"featured_media":0,"template":"","meta":{"_monsterinsights_skip_tracking":false,"_monsterinsights_sitenote_active":false,"_monsterinsights_sitenote_note":"","_monsterinsights_sitenote_category":0},"product_brand":[],"product_cat":[13548,12408],"product_tag":[],"class_list":{"0":"post-746368","1":"product","2":"type-product","3":"status-publish","5":"product_cat-kuram","6":"product_cat-sanat","7":"pa_cilt-ciltsiz","8":"pa_tur-kitap","9":"pa_yayinevi-koyusiyah-kitap","10":"pa_yazar-richard-jenkins","12":"first","13":"instock","14":"sale","15":"shipping-taxable","16":"purchasable","17":"product-type-simple"},"_links":{"self":[{"href":"https:\/\/roveyayinevi.com.tr\/index.php\/wp-json\/wp\/v2\/product\/746368","targetHints":{"allow":["GET"]}}],"collection":[{"href":"https:\/\/roveyayinevi.com.tr\/index.php\/wp-json\/wp\/v2\/product"}],"about":[{"href":"https:\/\/roveyayinevi.com.tr\/index.php\/wp-json\/wp\/v2\/types\/product"}],"wp:attachment":[{"href":"https:\/\/roveyayinevi.com.tr\/index.php\/wp-json\/wp\/v2\/media?parent=746368"}],"wp:term":[{"taxonomy":"product_brand","embeddable":true,"href":"https:\/\/roveyayinevi.com.tr\/index.php\/wp-json\/wp\/v2\/product_brand?post=746368"},{"taxonomy":"product_cat","embeddable":true,"href":"https:\/\/roveyayinevi.com.tr\/index.php\/wp-json\/wp\/v2\/product_cat?post=746368"},{"taxonomy":"product_tag","embeddable":true,"href":"https:\/\/roveyayinevi.com.tr\/index.php\/wp-json\/wp\/v2\/product_tag?post=746368"}],"curies":[{"name":"wp","href":"https:\/\/api.w.org\/{rel}","templated":true}]}}