{"id":746365,"date":"2025-08-28T02:40:36","date_gmt":"2025-08-27T23:40:36","guid":{"rendered":"https:\/\/roveyayinevi.com.tr\/index.php\/urun\/fire-force-alev-gucu-2-cilt\/"},"modified":"2026-04-16T02:58:52","modified_gmt":"2026-04-15T23:58:52","slug":"fire-force-alev-gucu-2-cilt","status":"publish","type":"product","link":"https:\/\/roveyayinevi.com.tr\/index.php\/urun\/fire-force-alev-gucu-2-cilt\/","title":{"rendered":"Fire Force Alev G\u00fcc\u00fc (2. Cilt)"},"content":{"rendered":"<p>Alevli bir maceraya haz\u0131r m\u0131s\u0131n\u0131z? Masum, basit bir yar\u0131\u015fma olarak ba\u015flayan etkinlik, bir \u00f6l\u00fcm kal\u0131m m\u00fccadelesine d\u00f6n\u00fc\u015f\u00fcr! Tek amac\u0131 \u015einra\u2019ya ula\u015fmak olan gizemli bir adam sinsice Acemiler Turnuvas\u0131na s\u0131zar! Bu tehlikeli yabanc\u0131, \u015einra\u2019n\u0131n annesinin ve karde\u015finin \u00f6ld\u00fc\u011f\u00fc 12 y\u0131l \u00f6nceki yang\u0131n\u0131n ard\u0131ndaki ger\u00e7e\u011fi iddia etti\u011fi gibi biliyor olabilir mi? Peki \u015einra kahraman olma hayalini h\u00e2l\u00e2 s\u00fcrd\u00fcrecek mi, yoksa bu gizemli adam\u0131n \u015fok edici s\u00f6zleri, onu ger\u00e7ek bir \u015feytan olmaya m\u0131 sevk edecek? <\/p>\n","protected":false},"excerpt":{"rendered":"<p>Alevli bir maceraya haz\u0131r m\u0131s\u0131n\u0131z? Masum, basit bir yar\u0131\u015fma olarak ba\u015flayan etkinlik, bir \u00f6l\u00fcm kal\u0131m m\u00fccadelesine d\u00f6n\u00fc\u015f\u00fcr! Tek amac\u0131 \u015einra\u2019ya ula\u015fmak olan gizemli bir adam sinsice<span class=\"excerpt-hellip\"> [\u2026]<\/span><\/p>\n","protected":false},"featured_media":0,"template":"","meta":{"_monsterinsights_skip_tracking":false,"_monsterinsights_sitenote_active":false,"_monsterinsights_sitenote_note":"","_monsterinsights_sitenote_category":0},"product_brand":[],"product_cat":[12416,12291],"product_tag":[],"class_list":{"0":"post-746365","1":"product","2":"type-product","3":"status-publish","5":"product_cat-cizgi-roman","6":"product_cat-edebiyat","7":"pa_cilt-ciltsiz","8":"pa_tur-kitap","9":"pa_yayinevi-akil-celen-kitaplar","10":"pa_yazar-atsushi-ohkubo","12":"first","13":"instock","14":"sale","15":"shipping-taxable","16":"purchasable","17":"product-type-simple"},"_links":{"self":[{"href":"https:\/\/roveyayinevi.com.tr\/index.php\/wp-json\/wp\/v2\/product\/746365","targetHints":{"allow":["GET"]}}],"collection":[{"href":"https:\/\/roveyayinevi.com.tr\/index.php\/wp-json\/wp\/v2\/product"}],"about":[{"href":"https:\/\/roveyayinevi.com.tr\/index.php\/wp-json\/wp\/v2\/types\/product"}],"wp:attachment":[{"href":"https:\/\/roveyayinevi.com.tr\/index.php\/wp-json\/wp\/v2\/media?parent=746365"}],"wp:term":[{"taxonomy":"product_brand","embeddable":true,"href":"https:\/\/roveyayinevi.com.tr\/index.php\/wp-json\/wp\/v2\/product_brand?post=746365"},{"taxonomy":"product_cat","embeddable":true,"href":"https:\/\/roveyayinevi.com.tr\/index.php\/wp-json\/wp\/v2\/product_cat?post=746365"},{"taxonomy":"product_tag","embeddable":true,"href":"https:\/\/roveyayinevi.com.tr\/index.php\/wp-json\/wp\/v2\/product_tag?post=746365"}],"curies":[{"name":"wp","href":"https:\/\/api.w.org\/{rel}","templated":true}]}}