{"id":746360,"date":"2025-08-28T02:40:29","date_gmt":"2025-08-27T23:40:29","guid":{"rendered":"https:\/\/roveyayinevi.com.tr\/index.php\/urun\/24-parca-yer-puzzle-doga-yuruyusu\/"},"modified":"2026-04-16T02:58:52","modified_gmt":"2026-04-15T23:58:52","slug":"24-parca-yer-puzzle-doga-yuruyusu","status":"publish","type":"product","link":"https:\/\/roveyayinevi.com.tr\/index.php\/urun\/24-parca-yer-puzzle-doga-yuruyusu\/","title":{"rendered":"24 Par\u00e7a Yer Puzzle \u2013 Do\u011fa Y\u00fcr\u00fcy\u00fc\u015f\u00fc"},"content":{"rendered":"<p>El-g\u00f6z koordinasyonu, ince motor becerilerini desteklemek,Par\u00e7a-b\u00fct\u00fcn ili\u015fkisini kurabilmek; par\u00e7adan b\u00fct\u00fcne ya da b\u00fct\u00fcnden par\u00e7alara gidebilmek,G\u00f6rsel belle\u011fini g\u00fc\u00e7lendirmek, g\u00f6rsel dikkatini peki\u015ftirmek,Dikkati odaklama ve yo\u011funla\u015ft\u0131rma yetilerini geli\u015ftirmek.<\/p>\n","protected":false},"excerpt":{"rendered":"<p>El-g\u00f6z koordinasyonu, ince motor becerilerini desteklemek,Par\u00e7a-b\u00fct\u00fcn ili\u015fkisini kurabilmek; par\u00e7adan b\u00fct\u00fcne ya da b\u00fct\u00fcnden par\u00e7alara gidebilmek,G\u00f6rsel belle\u011fini g\u00fc\u00e7lendirmek, g\u00f6rsel dikkatini peki\u015ftirmek,Dikkati odaklama ve yo\u011funla\u015ft\u0131rma yetilerini geli\u015ftirmek.<\/p>\n","protected":false},"featured_media":0,"template":"","meta":{"_monsterinsights_skip_tracking":false,"_monsterinsights_sitenote_active":false,"_monsterinsights_sitenote_note":"","_monsterinsights_sitenote_category":0},"product_brand":[],"product_cat":[12274,15842],"product_tag":[],"class_list":{"0":"post-746360","1":"product","2":"type-product","3":"status-publish","5":"product_cat-cocuk-ve-genclik-kitaplari","6":"product_cat-egitici-kitaplar","7":"pa_cilt-ciltsiz","8":"pa_tur-kitap20","9":"pa_yayinevi-eolo-yayincilik","10":"pa_yazar-kolektif","12":"first","13":"instock","14":"sale","15":"shipping-taxable","16":"purchasable","17":"product-type-simple"},"_links":{"self":[{"href":"https:\/\/roveyayinevi.com.tr\/index.php\/wp-json\/wp\/v2\/product\/746360","targetHints":{"allow":["GET"]}}],"collection":[{"href":"https:\/\/roveyayinevi.com.tr\/index.php\/wp-json\/wp\/v2\/product"}],"about":[{"href":"https:\/\/roveyayinevi.com.tr\/index.php\/wp-json\/wp\/v2\/types\/product"}],"wp:attachment":[{"href":"https:\/\/roveyayinevi.com.tr\/index.php\/wp-json\/wp\/v2\/media?parent=746360"}],"wp:term":[{"taxonomy":"product_brand","embeddable":true,"href":"https:\/\/roveyayinevi.com.tr\/index.php\/wp-json\/wp\/v2\/product_brand?post=746360"},{"taxonomy":"product_cat","embeddable":true,"href":"https:\/\/roveyayinevi.com.tr\/index.php\/wp-json\/wp\/v2\/product_cat?post=746360"},{"taxonomy":"product_tag","embeddable":true,"href":"https:\/\/roveyayinevi.com.tr\/index.php\/wp-json\/wp\/v2\/product_tag?post=746360"}],"curies":[{"name":"wp","href":"https:\/\/api.w.org\/{rel}","templated":true}]}}