{"id":746356,"date":"2025-08-28T02:40:25","date_gmt":"2025-08-27T23:40:25","guid":{"rendered":"https:\/\/roveyayinevi.com.tr\/index.php\/urun\/basmelegimsi\/"},"modified":"2026-04-08T03:06:02","modified_gmt":"2026-04-08T00:06:02","slug":"basmelegimsi","status":"publish","type":"product","link":"https:\/\/roveyayinevi.com.tr\/index.php\/urun\/basmelegimsi\/","title":{"rendered":"Ba\u015fmele\u011fimsi"},"content":{"rendered":"<p>Bu kitap, Georges Bataille&#8217;\u0131n l&#8217;Archangelique isimli \u015fiir kitab\u0131n\u0131n tam metninin T\u00fcrk\u00e7e terc\u00fcmesidir. Bataille bu \u015fiirleri s\u00f6ylemekle birlikte, Avrupa&#8217;daki &#8220;cemaati olmayanlar\u0131n cemaatine&#8221; ve sanat\u0131n karanl\u0131k ve kasvetli sahas\u0131na dair \u00f6nemli bir sesleni\u015fe sebep olmu\u015ftur. Bu sesleni\u015fin, yirmi birinci asr\u0131n T\u00fcrkiye\u2019sinde tekrar s\u00f6ylenilmesi, Bataille&#8217;\u0131n esrarengiz d\u00fcnyas\u0131n\u0131, yeniden, daha kuvvetli bir \u015fekilde canland\u0131rmay\u0131 esas alm\u0131\u015ft\u0131r. <\/p>\n","protected":false},"excerpt":{"rendered":"<p>Bu kitap, Georges Bataille&#8217;\u0131n l&#8217;Archangelique isimli \u015fiir kitab\u0131n\u0131n tam metninin T\u00fcrk\u00e7e terc\u00fcmesidir. Bataille bu \u015fiirleri s\u00f6ylemekle birlikte, Avrupa&#8217;daki &#8220;cemaati olmayanlar\u0131n cemaatine&#8221; ve sanat\u0131n karanl\u0131k ve kasvetli<span class=\"excerpt-hellip\"> [\u2026]<\/span><\/p>\n","protected":false},"featured_media":0,"template":"","meta":{"_monsterinsights_skip_tracking":false,"_monsterinsights_sitenote_active":false,"_monsterinsights_sitenote_note":"","_monsterinsights_sitenote_category":0},"product_brand":[],"product_cat":[12291,12509],"product_tag":[],"class_list":{"0":"post-746356","1":"product","2":"type-product","3":"status-publish","5":"product_cat-edebiyat","6":"product_cat-siir","7":"pa_cilt-ciltsiz","8":"pa_tur-kitap","9":"pa_yayinevi-nika-yayinevi","10":"pa_yazar-georges-bataille","12":"first","13":"instock","14":"sale","15":"shipping-taxable","16":"purchasable","17":"product-type-simple"},"_links":{"self":[{"href":"https:\/\/roveyayinevi.com.tr\/index.php\/wp-json\/wp\/v2\/product\/746356","targetHints":{"allow":["GET"]}}],"collection":[{"href":"https:\/\/roveyayinevi.com.tr\/index.php\/wp-json\/wp\/v2\/product"}],"about":[{"href":"https:\/\/roveyayinevi.com.tr\/index.php\/wp-json\/wp\/v2\/types\/product"}],"wp:attachment":[{"href":"https:\/\/roveyayinevi.com.tr\/index.php\/wp-json\/wp\/v2\/media?parent=746356"}],"wp:term":[{"taxonomy":"product_brand","embeddable":true,"href":"https:\/\/roveyayinevi.com.tr\/index.php\/wp-json\/wp\/v2\/product_brand?post=746356"},{"taxonomy":"product_cat","embeddable":true,"href":"https:\/\/roveyayinevi.com.tr\/index.php\/wp-json\/wp\/v2\/product_cat?post=746356"},{"taxonomy":"product_tag","embeddable":true,"href":"https:\/\/roveyayinevi.com.tr\/index.php\/wp-json\/wp\/v2\/product_tag?post=746356"}],"curies":[{"name":"wp","href":"https:\/\/api.w.org\/{rel}","templated":true}]}}