{"id":746355,"date":"2025-08-28T02:40:24","date_gmt":"2025-08-27T23:40:24","guid":{"rendered":"https:\/\/roveyayinevi.com.tr\/index.php\/urun\/egitim-adalet-ekonomi-egitim-felsefesi-tartismalari\/"},"modified":"2026-04-16T02:58:52","modified_gmt":"2026-04-15T23:58:52","slug":"egitim-adalet-ekonomi-egitim-felsefesi-tartismalari","status":"publish","type":"product","link":"https:\/\/roveyayinevi.com.tr\/index.php\/urun\/egitim-adalet-ekonomi-egitim-felsefesi-tartismalari\/","title":{"rendered":"E\u011fitim, Adalet Ekonomi: E\u011fitim Felsefesi Tart\u0131\u015fmalar\u0131"},"content":{"rendered":"<p>Bir toplumsal d\u00fczenin siyasal yap\u0131s\u0131n\u0131n adil i\u015fleyi\u015fi, o yap\u0131y\u0131 olu\u015fturan t\u00fcm unsurlar\u0131n bir b\u00fct\u00fcn olarak ve bir ahenk i\u00e7inde ortaya \u00e7\u0131kmas\u0131na ba\u011fl\u0131d\u0131r. Elbette, m\u00fckemmel bir toplumsal d\u00fczen iddias\u0131 bir\u00e7ok y\u00f6nden ele\u015ftiriye a\u00e7\u0131k olacakt\u0131r. Fakat tarihsel deneyimler ve bu kapsamda ele al\u0131nm\u0131\u015f \u00e7e\u015fitli problemler \u00fczerine tart\u0131\u015fmalar, bug\u00fcn gelinen noktada toplumsal ve siyasal meseleleri daha etrafl\u0131ca ele almay\u0131 ve gelece\u011fe y\u00f6nelik umut verici \u00f6nerileri s\u00fcrd\u00fcrmeyi olanakl\u0131 k\u0131lmaktad\u0131r. Bu eser de disiplinler aras\u0131 bir yakla\u015f\u0131mla e\u011fitim, adalet ve ekonomi gibi toplumsal ahengin temel olu\u015fturucu unsurlar\u0131n\u0131 farkl\u0131 bak\u0131\u015f a\u00e7\u0131lar\u0131ndan ele al\u0131yor ve gelece\u011fe y\u00f6nelik umuda bir \u0131\u015f\u0131k olmay\u0131 ama\u00e7l\u0131yor.   Adil ve Kapsay\u0131c\u0131 Bir E\u011fitimin Epistemik Olana\u011f\u0131 \u00dczerine Bir \u0130nceleme  Eray Ya\u011fanak \u2022 Wollstonecraft m\u0131, Rousseau mu? Cinsiyet\u00e7i Olmayan Bir E\u011fitim Felsefesinin Gerek\u00e7elendirilmesi Asl\u0131 \u015eent\u00dcrk, Muharrem A\u00e7\u0131kg\u00f6z \u2022 E\u011fitim ve \u0130nsan Sermayesi \u00dczerine Ele\u015ftirel Bir De\u011ferlendirme Ra\u015fit \u00c7elik \u2022 Adaletin Failleri \u00dczerine Bir Deneme  Sibel Kibar \u2022 Tzvetan Todorov\u2019un Ayd\u0131nlanmay\u0131 Savunusu Ba\u011flam\u0131nda \u201cNas\u0131l Ya\u015famal\u0131?\u201d Sorusunun \u00d6nemi \u0130smail Serin \u2022 Foucault\u2019nun \u0130zinde ve \u00d6tesinde \u00c7eli\u015fkinin Politik Ekonomisi \u00dczerine Bir Deneme Ceyhun G\u00dcrkan \u2022 M\u00fc\u015fterek \u00d6\u011frenme Mevzii Olarak Toplumsal Hareketler \u00dcmit Kartal  <\/p>\n","protected":false},"excerpt":{"rendered":"<p>Bir toplumsal d\u00fczenin siyasal yap\u0131s\u0131n\u0131n adil i\u015fleyi\u015fi, o yap\u0131y\u0131 olu\u015fturan t\u00fcm unsurlar\u0131n bir b\u00fct\u00fcn olarak ve bir ahenk i\u00e7inde ortaya \u00e7\u0131kmas\u0131na ba\u011fl\u0131d\u0131r. Elbette, m\u00fckemmel bir toplumsal<span class=\"excerpt-hellip\"> [\u2026]<\/span><\/p>\n","protected":false},"featured_media":0,"template":"","meta":{"_monsterinsights_skip_tracking":false,"_monsterinsights_sitenote_active":false,"_monsterinsights_sitenote_note":"","_monsterinsights_sitenote_category":0},"product_brand":[],"product_cat":[12389,12388],"product_tag":[],"class_list":{"0":"post-746355","1":"product","2":"type-product","3":"status-publish","5":"product_cat-diger-felsefe","6":"product_cat-felsefe","7":"pa_cilt-ciltsiz","8":"pa_tur-kitap","9":"pa_yayinevi-nika-yayinevi","10":"pa_yazar-kolektif","12":"first","13":"instock","14":"sale","15":"shipping-taxable","16":"purchasable","17":"product-type-simple"},"_links":{"self":[{"href":"https:\/\/roveyayinevi.com.tr\/index.php\/wp-json\/wp\/v2\/product\/746355","targetHints":{"allow":["GET"]}}],"collection":[{"href":"https:\/\/roveyayinevi.com.tr\/index.php\/wp-json\/wp\/v2\/product"}],"about":[{"href":"https:\/\/roveyayinevi.com.tr\/index.php\/wp-json\/wp\/v2\/types\/product"}],"wp:attachment":[{"href":"https:\/\/roveyayinevi.com.tr\/index.php\/wp-json\/wp\/v2\/media?parent=746355"}],"wp:term":[{"taxonomy":"product_brand","embeddable":true,"href":"https:\/\/roveyayinevi.com.tr\/index.php\/wp-json\/wp\/v2\/product_brand?post=746355"},{"taxonomy":"product_cat","embeddable":true,"href":"https:\/\/roveyayinevi.com.tr\/index.php\/wp-json\/wp\/v2\/product_cat?post=746355"},{"taxonomy":"product_tag","embeddable":true,"href":"https:\/\/roveyayinevi.com.tr\/index.php\/wp-json\/wp\/v2\/product_tag?post=746355"}],"curies":[{"name":"wp","href":"https:\/\/api.w.org\/{rel}","templated":true}]}}