{"id":746354,"date":"2025-08-28T02:40:23","date_gmt":"2025-08-27T23:40:23","guid":{"rendered":"https:\/\/roveyayinevi.com.tr\/index.php\/urun\/yesil-dusunce-yesil-siyaset-ve-cevre-iletisimi\/"},"modified":"2026-01-29T03:29:42","modified_gmt":"2026-01-29T00:29:42","slug":"yesil-dusunce-yesil-siyaset-ve-cevre-iletisimi","status":"publish","type":"product","link":"https:\/\/roveyayinevi.com.tr\/index.php\/urun\/yesil-dusunce-yesil-siyaset-ve-cevre-iletisimi\/","title":{"rendered":"Ye\u015fil D\u00fc\u015f\u00fcnce, Ye\u015fil Siyaset Ve \u00c7evre \u0130leti\u015fimi"},"content":{"rendered":"<p>Ekolojik sorunlar 20. y\u00fczy\u0131l\u0131n ikinci yar\u0131s\u0131ndan itibaren k\u00fcresel bir mesele haline gelmi\u015ftir. \u0130klim krizi, n\u00fckleer at\u0131klar, plastik kirlili\u011fi, zirai zehirler gibi pek \u00e7ok \u00f6rne\u011fini \u00e7o\u011faltabilece\u011fimiz bir \u00e7\u00f6k\u00fc\u015f haliyle kar\u015f\u0131 kar\u015f\u0131yay\u0131z. Ekolojik d\u00f6ng\u00fc, s\u00fcrd\u00fcr\u00fclebilirli\u011fini yitirirken b\u00fct\u00fcn ya\u015fam b\u00fcy\u00fck bir tehdit alt\u0131na girmi\u015ftir. Bu kriz, gelecek bir zamanda de\u011fil i\u00e7inde bulundu\u011fumuz andad\u0131r. Dolay\u0131s\u0131yla ilk yap\u0131lmas\u0131 gereken \u015fey, sorunun vahametini i\u015faretlemek olacakt\u0131r. Ancak soruna i\u015faret ederken b\u00fct\u00fcnc\u00fcl bir bak\u0131\u015f a\u00e7\u0131s\u0131na ihtiyac\u0131m\u0131z vard\u0131r. Ekolojik sorunlar, siyasal ve toplumsal y\u00f6nleriyle birlikte ele al\u0131nmak durumundad\u0131r. Bu \u00e7al\u0131\u015fma, bu perspektifi merkeze alarak ekolojik sorunlar\u0131n arka plan\u0131n\u0131 irdelemeye \u00e7al\u0131\u015f\u0131rken bunun ad\u0131na da \u201cye\u015fil d\u00fc\u015f\u00fcnce\u201d demi\u015ftir. Bu kitapta, ye\u015fil d\u00fc\u015f\u00fcncenin teorik temelleri \u00fczerinden \u0130leti\u015fim Bilimleri\u2019nin \u00e7evre\/ekoloji sorunlar\u0131na dair fark\u0131ndal\u0131\u011f\u0131 ve etkin ileti\u015fimin olu\u015fumunda nas\u0131l bir katk\u0131 sunabilece\u011fi soru\u015fturulmu\u015ftur. Bu ba\u011flamda, kitapta, \u201c\u00c7evre ileti\u015fiminin do\u011fa savunusu i\u00e7in pragmatik ere\u011fi nas\u0131l \u00f6n plana \u00e7\u0131kar\u0131labilir?\u201d, \u201cGeni\u015f toplum kesimleri \u00fczerinde nas\u0131l etki yarat\u0131labilir?\u201d, \u201cMedyan\u0131n ve \u00f6zellikle dijital kamusal uzam\u0131n ekoloji yanl\u0131s\u0131 toplumsal fark\u0131ndal\u0131\u011f\u0131 \u00f6rmede nas\u0131l bir potansiyeli vard\u0131r?\u201d sorular\u0131n\u0131n yan\u0131tlar\u0131 incelenmi\u015ftir&#8230; (Arka Kapaktan)<\/p>\n","protected":false},"excerpt":{"rendered":"<p>Ekolojik sorunlar 20. y\u00fczy\u0131l\u0131n ikinci yar\u0131s\u0131ndan itibaren k\u00fcresel bir mesele haline gelmi\u015ftir. \u0130klim krizi, n\u00fckleer at\u0131klar, plastik kirlili\u011fi, zirai zehirler gibi pek \u00e7ok \u00f6rne\u011fini \u00e7o\u011faltabilece\u011fimiz bir<span class=\"excerpt-hellip\"> [\u2026]<\/span><\/p>\n","protected":false},"featured_media":0,"template":"","meta":{"_monsterinsights_skip_tracking":false,"_monsterinsights_sitenote_active":false,"_monsterinsights_sitenote_note":"","_monsterinsights_sitenote_category":0},"product_brand":[],"product_cat":[23323,12364],"product_tag":[],"class_list":{"0":"post-746354","1":"product","2":"type-product","3":"status-publish","5":"product_cat-ekoloji","6":"product_cat-genel-konular","7":"pa_cilt-ciltsiz","8":"pa_tur-kitap","9":"pa_yayinevi-utopya-yayinevi","10":"pa_yazar-selcuk-cetin","12":"first","13":"instock","14":"sale","15":"shipping-taxable","16":"purchasable","17":"product-type-simple"},"_links":{"self":[{"href":"https:\/\/roveyayinevi.com.tr\/index.php\/wp-json\/wp\/v2\/product\/746354","targetHints":{"allow":["GET"]}}],"collection":[{"href":"https:\/\/roveyayinevi.com.tr\/index.php\/wp-json\/wp\/v2\/product"}],"about":[{"href":"https:\/\/roveyayinevi.com.tr\/index.php\/wp-json\/wp\/v2\/types\/product"}],"wp:attachment":[{"href":"https:\/\/roveyayinevi.com.tr\/index.php\/wp-json\/wp\/v2\/media?parent=746354"}],"wp:term":[{"taxonomy":"product_brand","embeddable":true,"href":"https:\/\/roveyayinevi.com.tr\/index.php\/wp-json\/wp\/v2\/product_brand?post=746354"},{"taxonomy":"product_cat","embeddable":true,"href":"https:\/\/roveyayinevi.com.tr\/index.php\/wp-json\/wp\/v2\/product_cat?post=746354"},{"taxonomy":"product_tag","embeddable":true,"href":"https:\/\/roveyayinevi.com.tr\/index.php\/wp-json\/wp\/v2\/product_tag?post=746354"}],"curies":[{"name":"wp","href":"https:\/\/api.w.org\/{rel}","templated":true}]}}