{"id":746353,"date":"2025-08-28T02:40:22","date_gmt":"2025-08-27T23:40:22","guid":{"rendered":"https:\/\/roveyayinevi.com.tr\/index.php\/urun\/kasabada-bir-sali\/"},"modified":"2026-01-29T03:29:42","modified_gmt":"2026-01-29T00:29:42","slug":"kasabada-bir-sali","status":"publish","type":"product","link":"https:\/\/roveyayinevi.com.tr\/index.php\/urun\/kasabada-bir-sali\/","title":{"rendered":"Kasabada Bir Sal\u0131"},"content":{"rendered":"<p>Avukat d\u0131\u015far\u0131 \u00e7\u0131k\u0131nca, ya\u011fmurun durdu\u011funu ve kara bir sisin caddeye \u00e7\u00f6kt\u00fc\u011f\u00fcn\u00fc g\u00f6rm\u00fc\u015ft\u00fc. Restoran \u00e7ok uzak de\u011fildi ve kara g\u00f6zl\u00fckleriyle, kara sisin i\u00e7inde kara bir g\u00f6lge gibi y\u00fcr\u00fcmeye ba\u015flam\u0131\u015ft\u0131. Arkas\u0131nda bir \u00e7\u0131t\u0131rt\u0131 duyup ba\u015f\u0131n\u0131 \u00e7evirince kara g\u00f6zl\u00fcklerinin arkas\u0131ndan iki kara g\u00f6lgenin uzun ince caddenin ortas\u0131nda y\u00fcr\u00fcd\u00fc\u011f\u00fcn\u00fc g\u00f6rm\u00fc\u015ft\u00fc. Biraz durup ceketini d\u00fczeltir gibi yapm\u0131\u015ft\u0131 ve g\u00f6lgeler de durmu\u015ftu. Y\u00fcr\u00fcmeye ba\u015flam\u0131\u015f, g\u00f6lgeler de hareket etmi\u015fti&#8230;. (Arka Kapaktan)<\/p>\n","protected":false},"excerpt":{"rendered":"<p>Avukat d\u0131\u015far\u0131 \u00e7\u0131k\u0131nca, ya\u011fmurun durdu\u011funu ve kara bir sisin caddeye \u00e7\u00f6kt\u00fc\u011f\u00fcn\u00fc g\u00f6rm\u00fc\u015ft\u00fc. Restoran \u00e7ok uzak de\u011fildi ve kara g\u00f6zl\u00fckleriyle, kara sisin i\u00e7inde kara bir g\u00f6lge gibi<span class=\"excerpt-hellip\"> [\u2026]<\/span><\/p>\n","protected":false},"featured_media":0,"template":"","meta":{"_monsterinsights_skip_tracking":false,"_monsterinsights_sitenote_active":false,"_monsterinsights_sitenote_note":"","_monsterinsights_sitenote_category":0},"product_brand":[],"product_cat":[12291,12711],"product_tag":[],"class_list":{"0":"post-746353","1":"product","2":"type-product","3":"status-publish","5":"product_cat-edebiyat","6":"product_cat-roman-oyku","7":"pa_cilt-ciltsiz","8":"pa_tur-kitap","9":"pa_yayinevi-utopya-yayinevi","10":"pa_yazar-kubilay-cak","12":"first","13":"instock","14":"sale","15":"shipping-taxable","16":"purchasable","17":"product-type-simple"},"_links":{"self":[{"href":"https:\/\/roveyayinevi.com.tr\/index.php\/wp-json\/wp\/v2\/product\/746353","targetHints":{"allow":["GET"]}}],"collection":[{"href":"https:\/\/roveyayinevi.com.tr\/index.php\/wp-json\/wp\/v2\/product"}],"about":[{"href":"https:\/\/roveyayinevi.com.tr\/index.php\/wp-json\/wp\/v2\/types\/product"}],"wp:attachment":[{"href":"https:\/\/roveyayinevi.com.tr\/index.php\/wp-json\/wp\/v2\/media?parent=746353"}],"wp:term":[{"taxonomy":"product_brand","embeddable":true,"href":"https:\/\/roveyayinevi.com.tr\/index.php\/wp-json\/wp\/v2\/product_brand?post=746353"},{"taxonomy":"product_cat","embeddable":true,"href":"https:\/\/roveyayinevi.com.tr\/index.php\/wp-json\/wp\/v2\/product_cat?post=746353"},{"taxonomy":"product_tag","embeddable":true,"href":"https:\/\/roveyayinevi.com.tr\/index.php\/wp-json\/wp\/v2\/product_tag?post=746353"}],"curies":[{"name":"wp","href":"https:\/\/api.w.org\/{rel}","templated":true}]}}