{"id":746351,"date":"2025-08-28T02:40:20","date_gmt":"2025-08-27T23:40:20","guid":{"rendered":"https:\/\/roveyayinevi.com.tr\/index.php\/urun\/samanizm-cadilik-ve-sifa-cilt-iv\/"},"modified":"2026-04-16T02:58:52","modified_gmt":"2026-04-15T23:58:52","slug":"samanizm-cadilik-ve-sifa-cilt-iv","status":"publish","type":"product","link":"https:\/\/roveyayinevi.com.tr\/index.php\/urun\/samanizm-cadilik-ve-sifa-cilt-iv\/","title":{"rendered":"\u015eamanizm, Cad\u0131l\u0131k ve \u015eifa  Cilt -IV"},"content":{"rendered":"<p>\u015eamanlar ve cad\u0131lar\u2026 Bat\u0131l\u0131 d\u00fc\u015f\u00fcnce onlar\u0131 \u00f6nce \u015farlatan, sonra \u015eeytan\u2019\u0131n hizmetk\u00e2r\u0131 olarak damgalad\u0131. Sonunda itibarlar\u0131n\u0131 iade ederek \u015famanlar\u0131 insanl\u0131\u011f\u0131n ilk hekimleri ve ilk psikoterapistleri olarak tan\u0131d\u0131. Cad\u0131lar ise muhtemelen tarihin ilk e\u011fitimli ebeleri ve otac\u0131lar\u0131yd\u0131. \u015eamanik \u015fifa ger\u00e7ek mi? 21. y\u00fczy\u0131lda \u015eamanizm insan sa\u011fl\u0131\u011f\u0131na hizmet edebilir mi? Ger\u00e7ekte \u015famanlar\u0131n as\u0131l becerileri nelerdi? Davulun, bir \u015faman\u0131n en kutsal e\u015fyas\u0131 olmas\u0131n\u0131n bilimsel a\u00e7\u0131klamas\u0131 nedir? Avrupa cad\u0131 mahkemelerinde en \u00e7ok ebe-cad\u0131lar m\u0131 yak\u0131ld\u0131? Ebe-cad\u0131lar, \u00fcreme \u00fczerindeki kad\u0131n hakimiyetine indirilen ataerkil bir darbenin kurban\u0131 m\u0131 oldu? T\u00fcm bu inan\u00e7lar\u0131n ve uygulamalar\u0131n arkas\u0131ndaki bilimsel a\u00e7\u0131klamalar neler? Bu ciltte toplanm\u0131\u015f makaleler, \u015eamanizm\u2019in bir \u015fifaland\u0131rma tekni\u011fi olarak i\u015fleyi\u015finin ard\u0131ndaki sosyo-psikolojik etkenleri, kulland\u0131\u011f\u0131 teknik ve mekanizmalar\u0131, g\u00fcncel bilimsel ara\u015ft\u0131rmalar\u0131n \u0131\u015f\u0131\u011f\u0131nda a\u00e7\u0131kl\u0131yor. 21. y\u00fczy\u0131lda \u015eamanizm nas\u0131l i\u015fimize yarayabilir, sorusuna birbirinden farkl\u0131 ve k\u0131ymetli ara\u015ft\u0131rmac\u0131lar\u0131n elinden \u00e7\u0131km\u0131\u015f bilimsel sonu\u00e7larla yan\u0131t veriyor. Bug\u00fcnk\u00fc sa\u011fl\u0131k sisteminin psikolojik iyile\u015fmeyi \u00f6ncelemesi gerekti\u011fini, daha b\u00fct\u00fcnc\u00fcl bir t\u0131p anlay\u0131\u015f\u0131n\u0131n insan sa\u011fl\u0131\u011f\u0131 a\u00e7\u0131s\u0131ndan \u00e7ok daha olumlu sonu\u00e7lar do\u011furaca\u011f\u0131n\u0131, sa\u011fl\u0131k emek\u00e7isi ile hasta aras\u0131ndaki g\u00fcvene dayal\u0131 ili\u015fkinin iyile\u015fmede b\u00fcy\u00fck ilerleme sa\u011flad\u0131\u011f\u0131n\u0131, psikiyatrist ve psikologlar\u0131n mesleklerinin \u015eamanik ge\u00e7mi\u015fiyle ilgili ara\u015ft\u0131rmalar\u0131 vas\u0131tas\u0131yla anlat\u0131yor. <\/p>\n","protected":false},"excerpt":{"rendered":"<p>\u015eamanlar ve cad\u0131lar\u2026 Bat\u0131l\u0131 d\u00fc\u015f\u00fcnce onlar\u0131 \u00f6nce \u015farlatan, sonra \u015eeytan\u2019\u0131n hizmetk\u00e2r\u0131 olarak damgalad\u0131. Sonunda itibarlar\u0131n\u0131 iade ederek \u015famanlar\u0131 insanl\u0131\u011f\u0131n ilk hekimleri ve ilk psikoterapistleri olarak tan\u0131d\u0131.<span class=\"excerpt-hellip\"> [\u2026]<\/span><\/p>\n","protected":false},"featured_media":0,"template":"","meta":{"_monsterinsights_skip_tracking":false,"_monsterinsights_sitenote_active":false,"_monsterinsights_sitenote_note":"","_monsterinsights_sitenote_category":0},"product_brand":[],"product_cat":[12312,12304],"product_tag":[],"class_list":{"0":"post-746351","1":"product","2":"type-product","3":"status-publish","5":"product_cat-diger","6":"product_cat-tarih","7":"pa_cilt-ciltsiz","8":"pa_tur-kitap","9":"pa_yayinevi-pinhan-yayincilik","10":"pa_yazar-kolektif","12":"first","13":"instock","14":"sale","15":"shipping-taxable","16":"purchasable","17":"product-type-simple"},"_links":{"self":[{"href":"https:\/\/roveyayinevi.com.tr\/index.php\/wp-json\/wp\/v2\/product\/746351","targetHints":{"allow":["GET"]}}],"collection":[{"href":"https:\/\/roveyayinevi.com.tr\/index.php\/wp-json\/wp\/v2\/product"}],"about":[{"href":"https:\/\/roveyayinevi.com.tr\/index.php\/wp-json\/wp\/v2\/types\/product"}],"wp:attachment":[{"href":"https:\/\/roveyayinevi.com.tr\/index.php\/wp-json\/wp\/v2\/media?parent=746351"}],"wp:term":[{"taxonomy":"product_brand","embeddable":true,"href":"https:\/\/roveyayinevi.com.tr\/index.php\/wp-json\/wp\/v2\/product_brand?post=746351"},{"taxonomy":"product_cat","embeddable":true,"href":"https:\/\/roveyayinevi.com.tr\/index.php\/wp-json\/wp\/v2\/product_cat?post=746351"},{"taxonomy":"product_tag","embeddable":true,"href":"https:\/\/roveyayinevi.com.tr\/index.php\/wp-json\/wp\/v2\/product_tag?post=746351"}],"curies":[{"name":"wp","href":"https:\/\/api.w.org\/{rel}","templated":true}]}}