{"id":746349,"date":"2025-08-28T02:40:18","date_gmt":"2025-08-27T23:40:18","guid":{"rendered":"https:\/\/roveyayinevi.com.tr\/index.php\/urun\/kant-2\/"},"modified":"2026-04-16T02:58:52","modified_gmt":"2026-04-15T23:58:52","slug":"kant-2","status":"publish","type":"product","link":"https:\/\/roveyayinevi.com.tr\/index.php\/urun\/kant-2\/","title":{"rendered":"Kant"},"content":{"rendered":"<p>Kant ard\u0131nda devasa bir k\u00fclliyat b\u0131rakt\u0131, sahip oldu\u011fu d\u00e2hiyane i\u00e7g\u00fcd\u00fcyle felsefi sorunlar\u0131n s\u0131n\u0131rlar\u0131n\u0131 \u00e7izdi. D\u00fc\u015f\u00fcncesiyle felsefe tarihinin her alan\u0131na y\u00f6n vermi\u015f nadir isimlerdendi: Metafizik, etik ve epistemoloji K\u00f6nigsbergli d\u00e2hiden sonra yeni bir \u015fekil ald\u0131. Zihinsel yetilerimiz; ak\u0131l, anlama yetisi ve yarg\u0131 g\u00fcc\u00fc art\u0131k yeni bir anlama sahipti. Ayn\u0131 zamanda, denilebilir ki, Fichte, Schelling ve Hegel Kant\u2019\u0131n \u00e7ocuklar\u0131yd\u0131lar.  Bu kitap Kant\u2019\u0131n hayat\u0131 ve felsefesine temel yap\u0131tlar\u0131 \u00fczerinden giri\u015f yap\u0131yor. Filozofun duygusal ve ki\u015fisel d\u00fcnyas\u0131, aile k\u00f6kleri ve \u00f6\u011frencilik y\u0131llar\u0131n\u0131 ortaya koyuyor; Kant\u2019\u0131n d\u00fc\u015f\u00fcnce d\u00fcnyas\u0131n\u0131n evrimi ve fikirlerinin geli\u015fiminin izini s\u00fcr\u00fcyor. Kant\u2019\u0131n \u2018ele\u015ftiri\u2019 \u00f6ncesi \u00e7al\u0131\u015fmalar\u0131 ve \u00dc\u00e7 Ele\u015ftiri\u2019nin temel problemleri a\u00e7\u0131k bir \u00fcslupla ele al\u0131n\u0131yor.<\/p>\n","protected":false},"excerpt":{"rendered":"<p>Kant ard\u0131nda devasa bir k\u00fclliyat b\u0131rakt\u0131, sahip oldu\u011fu d\u00e2hiyane i\u00e7g\u00fcd\u00fcyle felsefi sorunlar\u0131n s\u0131n\u0131rlar\u0131n\u0131 \u00e7izdi. D\u00fc\u015f\u00fcncesiyle felsefe tarihinin her alan\u0131na y\u00f6n vermi\u015f nadir isimlerdendi: Metafizik, etik ve<span class=\"excerpt-hellip\"> [\u2026]<\/span><\/p>\n","protected":false},"featured_media":0,"template":"","meta":{"_monsterinsights_skip_tracking":false,"_monsterinsights_sitenote_active":false,"_monsterinsights_sitenote_note":"","_monsterinsights_sitenote_category":0},"product_brand":[],"product_cat":[12388],"product_tag":[],"class_list":{"0":"post-746349","1":"product","2":"type-product","3":"status-publish","5":"product_cat-felsefe","6":"pa_cilt-ciltsiz","7":"pa_tur-kitap","8":"pa_yayinevi-fol-kitap","9":"pa_yazar-william-wallace","11":"first","12":"instock","13":"sale","14":"shipping-taxable","15":"purchasable","16":"product-type-simple"},"_links":{"self":[{"href":"https:\/\/roveyayinevi.com.tr\/index.php\/wp-json\/wp\/v2\/product\/746349","targetHints":{"allow":["GET"]}}],"collection":[{"href":"https:\/\/roveyayinevi.com.tr\/index.php\/wp-json\/wp\/v2\/product"}],"about":[{"href":"https:\/\/roveyayinevi.com.tr\/index.php\/wp-json\/wp\/v2\/types\/product"}],"wp:attachment":[{"href":"https:\/\/roveyayinevi.com.tr\/index.php\/wp-json\/wp\/v2\/media?parent=746349"}],"wp:term":[{"taxonomy":"product_brand","embeddable":true,"href":"https:\/\/roveyayinevi.com.tr\/index.php\/wp-json\/wp\/v2\/product_brand?post=746349"},{"taxonomy":"product_cat","embeddable":true,"href":"https:\/\/roveyayinevi.com.tr\/index.php\/wp-json\/wp\/v2\/product_cat?post=746349"},{"taxonomy":"product_tag","embeddable":true,"href":"https:\/\/roveyayinevi.com.tr\/index.php\/wp-json\/wp\/v2\/product_tag?post=746349"}],"curies":[{"name":"wp","href":"https:\/\/api.w.org\/{rel}","templated":true}]}}