{"id":746348,"date":"2025-08-28T02:40:17","date_gmt":"2025-08-27T23:40:17","guid":{"rendered":"https:\/\/roveyayinevi.com.tr\/index.php\/urun\/doga-yasalari-cignediginde\/"},"modified":"2026-04-16T02:58:52","modified_gmt":"2026-04-15T23:58:52","slug":"doga-yasalari-cignediginde","status":"publish","type":"product","link":"https:\/\/roveyayinevi.com.tr\/index.php\/urun\/doga-yasalari-cignediginde\/","title":{"rendered":"Do\u011fa, Yasalar\u0131 \u00c7i\u011fnedi\u011finde"},"content":{"rendered":"<p>\u201cMary Roach yine d\u00f6kt\u00fcr\u00fcyor. Bilimle mizah\u0131n kayna\u015fmas\u0131 bize kahkaha olarak geri d\u00f6n\u00fcyor.\u201d Lexi Pandell, Wired   K\u0131rm\u0131z\u0131 \u0131\u015f\u0131kta ge\u00e7en geyiklere ceza kesilir mi? M\u00fclke izinsiz giren ay\u0131 tutuklanabilir mi? A\u011fa\u00e7lardan seri katil olur mu? Do\u011fa, insanlar\u0131n yasalar\u0131n\u0131 \u00e7i\u011fnedi\u011finde izlenecek yol nedir? Bundan \u00fc\u00e7 y\u00fczy\u0131l \u00f6nce yasalar\u0131 \u00e7i\u011fneyen hayvanlar mahkemelerde yarg\u0131lanabiliyor, aforoz edilebiliyor, yuvalar\u0131ndan \u00e7\u0131kmalar\u0131 i\u00e7in tahliye emri alabiliyor, hatta s\u00fcrg\u00fcne g\u00f6nderilebiliyorlard\u0131. Peki, bug\u00fcn ne de\u011fi\u015fti? New York Times\u2019\u0131n en \u00e7ok sat\u0131lan kitaplar listesinin m\u00fcdavimi Mary Roach, bizi bug\u00fcn bu sorular\u0131n yan\u0131t\u0131n\u0131 hukukta veya ba\u015fka yerde de\u011fil bilimde aramaya davet ediyor. \u0130nsan ile vah\u015fi ya\u015fam aras\u0131ndaki bitmek bilmez \u00e7at\u0131\u015fmay\u0131 \u00e7\u00f6zmek i\u00e7in insan davran\u0131\u015f\u0131 ve vah\u015fi ya\u015fam biyolojisi alanlar\u0131n\u0131n kav\u015fak noktas\u0131nda yer alan \u2018insan\/do\u011fa \u00e7at\u0131\u015fmas\u0131 bilimi\u2019nin \u0131\u015f\u0131\u011f\u0131nda, trajikomik olaylar\u0131n ya\u015fand\u0131\u011f\u0131  \u2018sorunlu b\u00f6lgelerde\u2019 \u00e7ok e\u011flenceli ve \u015fa\u015f\u0131rt\u0131c\u0131 bir yolculu\u011fa \u00e7\u0131kar\u0131yor. Bu yolculukta ekip arkada\u015flar\u0131 da en az kendisi kadar s\u0131rad\u0131\u015f\u0131: bir insan\/fil arabulucusu, ay\u0131 y\u00f6neticisi, y\u0131rt\u0131c\u0131 sald\u0131r\u0131lar\u0131 ve adli t\u0131p uzmanlar\u0131, lazer korkuluk \u00fcreticileri ve daha kimler, kimler&#8230; Roach, Aspen\u2019in arka sokaklar\u0131ndan Hindistan\u2019da leoparlar\u0131n ter\u00f6r estirdi\u011fi mezralara, Papa\u2019n\u0131n Paskalya Ayini\u2019nden bir gece \u00f6nce mart\u0131 sald\u0131r\u0131lar\u0131na maruz kalan Aziz Petrus Meydan\u0131\u2019na uzanan yolculu\u011funda, bilim ve okuru i\u00e7in hi\u00e7bir zahmetten ka\u00e7\u0131nmay\u0131p s\u0131\u00e7an yeminin tad\u0131na bak\u0131yor, hatta yolda bir maka\u011f\u0131n sald\u0131r\u0131s\u0131na da u\u011fruyor. Sorunu do\u011fada de\u011fil kendimizde, yani insanda aramam\u0131z\u0131n belki daha iyi olaca\u011f\u0131n\u0131 f\u0131s\u0131ld\u0131yor.<\/p>\n","protected":false},"excerpt":{"rendered":"<p>\u201cMary Roach yine d\u00f6kt\u00fcr\u00fcyor. Bilimle mizah\u0131n kayna\u015fmas\u0131 bize kahkaha olarak geri d\u00f6n\u00fcyor.\u201d Lexi Pandell, Wired K\u0131rm\u0131z\u0131 \u0131\u015f\u0131kta ge\u00e7en geyiklere ceza kesilir mi? M\u00fclke izinsiz giren ay\u0131<span class=\"excerpt-hellip\"> [\u2026]<\/span><\/p>\n","protected":false},"featured_media":0,"template":"","meta":{"_monsterinsights_skip_tracking":false,"_monsterinsights_sitenote_active":false,"_monsterinsights_sitenote_note":"","_monsterinsights_sitenote_category":0},"product_brand":[],"product_cat":[12388],"product_tag":[],"class_list":{"0":"post-746348","1":"product","2":"type-product","3":"status-publish","5":"product_cat-felsefe","6":"pa_cilt-ciltsiz","7":"pa_tur-kitap","8":"pa_yayinevi-fol-kitap","9":"pa_yazar-mary-roach","11":"first","12":"instock","13":"sale","14":"shipping-taxable","15":"purchasable","16":"product-type-simple"},"_links":{"self":[{"href":"https:\/\/roveyayinevi.com.tr\/index.php\/wp-json\/wp\/v2\/product\/746348","targetHints":{"allow":["GET"]}}],"collection":[{"href":"https:\/\/roveyayinevi.com.tr\/index.php\/wp-json\/wp\/v2\/product"}],"about":[{"href":"https:\/\/roveyayinevi.com.tr\/index.php\/wp-json\/wp\/v2\/types\/product"}],"wp:attachment":[{"href":"https:\/\/roveyayinevi.com.tr\/index.php\/wp-json\/wp\/v2\/media?parent=746348"}],"wp:term":[{"taxonomy":"product_brand","embeddable":true,"href":"https:\/\/roveyayinevi.com.tr\/index.php\/wp-json\/wp\/v2\/product_brand?post=746348"},{"taxonomy":"product_cat","embeddable":true,"href":"https:\/\/roveyayinevi.com.tr\/index.php\/wp-json\/wp\/v2\/product_cat?post=746348"},{"taxonomy":"product_tag","embeddable":true,"href":"https:\/\/roveyayinevi.com.tr\/index.php\/wp-json\/wp\/v2\/product_tag?post=746348"}],"curies":[{"name":"wp","href":"https:\/\/api.w.org\/{rel}","templated":true}]}}