{"id":746345,"date":"2025-08-28T02:40:13","date_gmt":"2025-08-27T23:40:13","guid":{"rendered":"https:\/\/roveyayinevi.com.tr\/index.php\/urun\/hayatini-bastan-yaz\/"},"modified":"2026-04-08T03:06:02","modified_gmt":"2026-04-08T00:06:02","slug":"hayatini-bastan-yaz","status":"publish","type":"product","link":"https:\/\/roveyayinevi.com.tr\/index.php\/urun\/hayatini-bastan-yaz\/","title":{"rendered":"Hayat\u0131n\u0131 Ba\u015ftan Yaz"},"content":{"rendered":"<p>HERKES KEND\u0130 HAYATININ KAHRAMANI! Hayat\u0131n kaosu, ko\u015fturmacas\u0131 i\u00e7inde hep unuttu\u011fumuz bir ger\u00e7ek bu. Oysa anlaml\u0131, mutlu, sahic bir \u00f6mu\u0308r su\u0308rmenin \u00f6nko\u015fulu bu ger\u00e7e\u011fi hep ak\u0131lda tutmak. Evet, herkes kendi hayat\u0131n\u0131n kahraman\u0131.   Ve hik\u00e2yenizin, bu hayat\u0131n ba\u015frolu\u0308 de senaryo yazar\u0131 da sizsiniz! Hayat yolunda en ba\u015ftan en sona yan\u0131n\u0131zda olacak tek ki\u015fi yine sizsiniz, kendinizsiniz. Bu da kendinize de\u011fer vermek i\u00e7in en \u00f6nemli sebebiniz. Belki bugu\u0308ne dek yaz\u0131lm\u0131\u015f olan k\u0131s\u0131mda sizin arzunuz d\u0131\u015f\u0131nda \u015feyler oldu, belki ko\u015fullar tam da istedi\u011finiz gibi \u00f6zgu\u0308rce ya\u015faman\u0131za izin vermedi, ama bundan sonras\u0131 i\u00e7in her \u015fey sizin elinizde. Hayat\u0131n\u0131z\u0131 ba\u015ftan yazmak sizin elinizde!   Nas\u0131l m\u0131? \u0130\u015fe kendimizi tan\u0131makla ba\u015flayaca\u011f\u0131z. Sonra 101 ad\u0131mda ya\u015famak istedi\u011fimiz hayat\u0131 kurgulayaca\u011f\u0131z. Dilerim ki kitab\u0131m hem kendinizi tan\u0131ma yolculu\u011funda hem de hayallerinizdeki hayat\u0131 yaratmada en bu\u0308yu\u0308k rehberiniz olacak. Hadi al\u0131n kalemi elinize. Ba\u015flay\u0131n ya\u015famak istedi\u011finiz hayat\u0131 yazmaya\u2026. <\/p>\n","protected":false},"excerpt":{"rendered":"<p>HERKES KEND\u0130 HAYATININ KAHRAMANI! Hayat\u0131n kaosu, ko\u015fturmacas\u0131 i\u00e7inde hep unuttu\u011fumuz bir ger\u00e7ek bu. Oysa anlaml\u0131, mutlu, sahic bir \u00f6mu\u0308r su\u0308rmenin \u00f6nko\u015fulu bu ger\u00e7e\u011fi hep ak\u0131lda tutmak.<span class=\"excerpt-hellip\"> [\u2026]<\/span><\/p>\n","protected":false},"featured_media":0,"template":"","meta":{"_monsterinsights_skip_tracking":false,"_monsterinsights_sitenote_active":false,"_monsterinsights_sitenote_note":"","_monsterinsights_sitenote_category":0},"product_brand":[],"product_cat":[12364,12376],"product_tag":[],"class_list":{"0":"post-746345","1":"product","2":"type-product","3":"status-publish","5":"product_cat-genel-konular","6":"product_cat-kisisel-gelisim","7":"pa_cilt-ciltsiz","8":"pa_tur-kitap","9":"pa_yayinevi-butik-yayinlari","10":"pa_yazar-asli-akyazici","12":"first","13":"instock","14":"sale","15":"shipping-taxable","16":"purchasable","17":"product-type-simple"},"_links":{"self":[{"href":"https:\/\/roveyayinevi.com.tr\/index.php\/wp-json\/wp\/v2\/product\/746345","targetHints":{"allow":["GET"]}}],"collection":[{"href":"https:\/\/roveyayinevi.com.tr\/index.php\/wp-json\/wp\/v2\/product"}],"about":[{"href":"https:\/\/roveyayinevi.com.tr\/index.php\/wp-json\/wp\/v2\/types\/product"}],"wp:attachment":[{"href":"https:\/\/roveyayinevi.com.tr\/index.php\/wp-json\/wp\/v2\/media?parent=746345"}],"wp:term":[{"taxonomy":"product_brand","embeddable":true,"href":"https:\/\/roveyayinevi.com.tr\/index.php\/wp-json\/wp\/v2\/product_brand?post=746345"},{"taxonomy":"product_cat","embeddable":true,"href":"https:\/\/roveyayinevi.com.tr\/index.php\/wp-json\/wp\/v2\/product_cat?post=746345"},{"taxonomy":"product_tag","embeddable":true,"href":"https:\/\/roveyayinevi.com.tr\/index.php\/wp-json\/wp\/v2\/product_tag?post=746345"}],"curies":[{"name":"wp","href":"https:\/\/api.w.org\/{rel}","templated":true}]}}