{"id":746343,"date":"2025-08-28T02:40:10","date_gmt":"2025-08-27T23:40:10","guid":{"rendered":"https:\/\/roveyayinevi.com.tr\/index.php\/urun\/dokunmasin-kimse\/"},"modified":"2026-04-16T02:58:52","modified_gmt":"2026-04-15T23:58:52","slug":"dokunmasin-kimse","status":"publish","type":"product","link":"https:\/\/roveyayinevi.com.tr\/index.php\/urun\/dokunmasin-kimse\/","title":{"rendered":"Dokunmas\u0131n Kimse"},"content":{"rendered":"<p>1 A\u011fustos 1971 Tarsus do\u011fumluyum. E\u011fitim durumum ise, lise mezunuyum. Ya\u011fl\u0131 boya, akrilik ve karakalem \u00e7al\u0131\u015fmalar\u0131m oldu. Ve halen resim \u00e7al\u0131\u015fmalar\u0131na devam etmekteyim. Kapak resmim kendi \u00e7al\u0131\u015fmamd\u0131r.   \u00c7ocukluk g\u00fcnlerimden beri sanata, \u015fiirlere ve \u015fiir yazmaya \u00e7ok duygusal biri  oldu\u011fumdan, b\u00fcy\u00fck sevgim oldu. 2019\u2019da \u015fiir yazmaya ba\u015flad\u0131m. Bir avu\u00e7 \u015fiir Grubunda y\u00f6netici olarak g\u00f6rev yapmaktay\u0131m. Grubumuzun 2021 ve 2022 de \u00e7\u0131kard\u0131\u011f\u0131 2. ve 4. antoloji kitaplar\u0131nda bende \u015fiirlerimle yer ald\u0131m. \u0130ki adet \u015fiirim t\u00fcrk\u00fc olarak bestelenmi\u015ftir \u015eiirlerimin \u00e7o\u011fu duygusal, serbest \u015fiir ve hece \u015fiirleri de yazmaktay\u0131m\u2026   Sesini duymak, ne g\u00fczeldi. Y\u00fcz\u00fcn\u00fc g\u00f6rebilseydim e\u011fer, g\u00f6zlerine bakarak. Resmederdim seni g\u00f6ky\u00fcz\u00fcne, g\u00fcne\u015fe, Ama en g\u00fczeli kalbime. Gel benim sonbahar\u0131m Gel beraber ya\u015flanal\u0131m Gel senden biraz, benden biraz tek nefes olal\u0131m. S\u00f6yle ey yar, A\u015fk \u00f6yle de\u011fil midir? Tek nefes olmak, tek can olmak. Her dalgaya ra\u011fmen, denizi a\u015fmak, \u00d6yle de\u011fil midir sevda s\u00f6yle\u2026   Atife TENRUH <\/p>\n","protected":false},"excerpt":{"rendered":"<p>1 A\u011fustos 1971 Tarsus do\u011fumluyum. E\u011fitim durumum ise, lise mezunuyum. Ya\u011fl\u0131 boya, akrilik ve karakalem \u00e7al\u0131\u015fmalar\u0131m oldu. Ve halen resim \u00e7al\u0131\u015fmalar\u0131na devam etmekteyim. Kapak resmim kendi<span class=\"excerpt-hellip\"> [\u2026]<\/span><\/p>\n","protected":false},"featured_media":0,"template":"","meta":{"_monsterinsights_skip_tracking":false,"_monsterinsights_sitenote_active":false,"_monsterinsights_sitenote_note":"","_monsterinsights_sitenote_category":0},"product_brand":[],"product_cat":[12291,12509],"product_tag":[],"class_list":{"0":"post-746343","1":"product","2":"type-product","3":"status-publish","5":"product_cat-edebiyat","6":"product_cat-siir","7":"pa_cilt-ciltsiz","8":"pa_tur-kitap","9":"pa_yayinevi-gulnar-yayinlari","10":"pa_yazar-atife-tenruh","12":"first","13":"instock","14":"sale","15":"shipping-taxable","16":"purchasable","17":"product-type-simple"},"_links":{"self":[{"href":"https:\/\/roveyayinevi.com.tr\/index.php\/wp-json\/wp\/v2\/product\/746343","targetHints":{"allow":["GET"]}}],"collection":[{"href":"https:\/\/roveyayinevi.com.tr\/index.php\/wp-json\/wp\/v2\/product"}],"about":[{"href":"https:\/\/roveyayinevi.com.tr\/index.php\/wp-json\/wp\/v2\/types\/product"}],"wp:attachment":[{"href":"https:\/\/roveyayinevi.com.tr\/index.php\/wp-json\/wp\/v2\/media?parent=746343"}],"wp:term":[{"taxonomy":"product_brand","embeddable":true,"href":"https:\/\/roveyayinevi.com.tr\/index.php\/wp-json\/wp\/v2\/product_brand?post=746343"},{"taxonomy":"product_cat","embeddable":true,"href":"https:\/\/roveyayinevi.com.tr\/index.php\/wp-json\/wp\/v2\/product_cat?post=746343"},{"taxonomy":"product_tag","embeddable":true,"href":"https:\/\/roveyayinevi.com.tr\/index.php\/wp-json\/wp\/v2\/product_tag?post=746343"}],"curies":[{"name":"wp","href":"https:\/\/api.w.org\/{rel}","templated":true}]}}