{"id":746342,"date":"2025-08-28T02:40:09","date_gmt":"2025-08-27T23:40:09","guid":{"rendered":"https:\/\/roveyayinevi.com.tr\/index.php\/urun\/tutundum-yuregine\/"},"modified":"2026-04-16T02:58:52","modified_gmt":"2026-04-15T23:58:52","slug":"tutundum-yuregine","status":"publish","type":"product","link":"https:\/\/roveyayinevi.com.tr\/index.php\/urun\/tutundum-yuregine\/","title":{"rendered":"Tutundum Y\u00fcre\u011fine"},"content":{"rendered":"<p>Ali TURGUT 05 May\u0131s 1964 Ankara do\u011fumlu olup aslen Erzurumludur.   E\u011fitim durumu halkla ili\u015fkiler b\u00f6l\u00fcm\u00fc mezunudur. Ankara \u00dcniversitesi Rekt\u00f6rl\u00fc\u011f\u00fc \u0130dari Mali \u0130\u015fler Daire Ba\u015fkanl\u0131\u011f\u0131nda Y\u00f6netici olarak uzun y\u0131llar g\u00f6rev yapt\u0131.   \u015eiir hayat\u0131ma 2009\u2019da ba\u015flam\u0131\u015f, \u015fiir yazmay\u0131 ve kendi \u015fiirlerinin yan\u0131 s\u0131ra da, de\u011ferli \u015fair dostlar\u0131n\u0131n \u015fiirlerini de seslendirerek, youtube kanal\u0131nda, hem de \u015fiir guruplar\u0131nda, y\u00fczlerce \u00e7al\u0131\u015fmas\u0131 yay\u0131nlam\u0131\u015ft\u0131r.   Ayr\u0131ca kendi kitab\u0131 d\u00e2hil, 11 kitab\u0131n edit\u00f6rl\u00fc\u011f\u00fcn\u00fc de yapm\u0131\u015ft\u0131r.  \u00c7e\u015fitli sanat\u00e7\u0131lar taraf\u0131ndan da, 15 adet \u015fiiri bestelenip, \u015fark\u0131 ve t\u00fcrk\u00fc olarak \u00e7al\u0131n\u0131p s\u00f6ylenmi\u015ftir.   Bir Avu\u00e7 \u015eiir Gurubu y\u00f6neticisi olarak g\u00f6rev yapmakta olup, 2021 y\u0131l\u0131nda Grubun 2 ve 3\u2019\u00fcnc\u00fc 2022\u2019de de 4.\u2019\u00fcnc\u00fc antoloji kitaplar\u0131n\u0131n \u00e7\u0131kar\u0131lmas\u0131 organizasyonunu ve edit\u00f6rl\u00fc\u011f\u00fcn\u00fc yapm\u0131\u015ft\u0131r.   \u015eiirlerinin \u00e7o\u011fu mutluluk ve a\u015fk \u015fiirleridir. Serbest vezin ve hece \u015fiirleri yazmaktad\u0131r.   Kitap kapa\u011f\u0131 ise Sevgili arkada\u015f\u0131 \u015fair ve ressam Atife TENRUH\u2019un \u00e7al\u0131\u015fmas\u0131d\u0131r. Kendisine bu jesti i\u00e7in te\u015fekk\u00fcr ediyoruz.   Kitab\u0131 keyifle okuyaca\u011f\u0131n\u0131z\u0131 d\u00fc\u015f\u00fcnmekteyiz. Tabi ki takdir siz de\u011ferli okuyucular\u0131m\u0131z\u0131n.  Sevgiler sunuyorum keyifli okumalar diliyorum\u2026 <\/p>\n","protected":false},"excerpt":{"rendered":"<p>Ali TURGUT 05 May\u0131s 1964 Ankara do\u011fumlu olup aslen Erzurumludur. E\u011fitim durumu halkla ili\u015fkiler b\u00f6l\u00fcm\u00fc mezunudur. Ankara \u00dcniversitesi Rekt\u00f6rl\u00fc\u011f\u00fc \u0130dari Mali \u0130\u015fler Daire Ba\u015fkanl\u0131\u011f\u0131nda Y\u00f6netici olarak<span class=\"excerpt-hellip\"> [\u2026]<\/span><\/p>\n","protected":false},"featured_media":0,"template":"","meta":{"_monsterinsights_skip_tracking":false,"_monsterinsights_sitenote_active":false,"_monsterinsights_sitenote_note":"","_monsterinsights_sitenote_category":0},"product_brand":[],"product_cat":[12291,12509],"product_tag":[],"class_list":{"0":"post-746342","1":"product","2":"type-product","3":"status-publish","5":"product_cat-edebiyat","6":"product_cat-siir","7":"pa_cilt-ciltsiz","8":"pa_tur-kitap","9":"pa_yayinevi-gulnar-yayinlari","10":"pa_yazar-ali-turgut","12":"first","13":"instock","14":"sale","15":"shipping-taxable","16":"purchasable","17":"product-type-simple"},"_links":{"self":[{"href":"https:\/\/roveyayinevi.com.tr\/index.php\/wp-json\/wp\/v2\/product\/746342","targetHints":{"allow":["GET"]}}],"collection":[{"href":"https:\/\/roveyayinevi.com.tr\/index.php\/wp-json\/wp\/v2\/product"}],"about":[{"href":"https:\/\/roveyayinevi.com.tr\/index.php\/wp-json\/wp\/v2\/types\/product"}],"wp:attachment":[{"href":"https:\/\/roveyayinevi.com.tr\/index.php\/wp-json\/wp\/v2\/media?parent=746342"}],"wp:term":[{"taxonomy":"product_brand","embeddable":true,"href":"https:\/\/roveyayinevi.com.tr\/index.php\/wp-json\/wp\/v2\/product_brand?post=746342"},{"taxonomy":"product_cat","embeddable":true,"href":"https:\/\/roveyayinevi.com.tr\/index.php\/wp-json\/wp\/v2\/product_cat?post=746342"},{"taxonomy":"product_tag","embeddable":true,"href":"https:\/\/roveyayinevi.com.tr\/index.php\/wp-json\/wp\/v2\/product_tag?post=746342"}],"curies":[{"name":"wp","href":"https:\/\/api.w.org\/{rel}","templated":true}]}}