{"id":746341,"date":"2025-08-28T02:40:08","date_gmt":"2025-08-27T23:40:08","guid":{"rendered":"https:\/\/roveyayinevi.com.tr\/index.php\/urun\/mine-sanati-ve-teknikleri\/"},"modified":"2026-04-16T02:58:52","modified_gmt":"2026-04-15T23:58:52","slug":"mine-sanati-ve-teknikleri","status":"publish","type":"product","link":"https:\/\/roveyayinevi.com.tr\/index.php\/urun\/mine-sanati-ve-teknikleri\/","title":{"rendered":"Mine Sanat\u0131 ve Teknikleri"},"content":{"rendered":"<p>Mine, metali cam kaplama sanat\u0131d\u0131r. Halk aras\u0131nda s\u0131cak mine, emay ya da kuyumcu minesi olarak bilinir. \u201cMine Sanat\u0131 ve Teknikleri\u201d kitab\u0131nda, mine sanat\u0131n\u0131n tarih\u00e7esi ile mine yap\u0131m\u0131nda kullan\u0131lan malzemeler, at\u00f6lye ortam\u0131 ve teknikler ad\u0131m ad\u0131m foto\u011fraflar ile anlat\u0131l\u0131yor. ABD North Texas \u00dcniversitesi, Metal Tasar\u0131m\u0131 ve M\u00fccevher Tasar\u0131m\u0131 B\u00f6l\u00fcm\u00fc \u00f6\u011fretim \u00fcyesi Umut Demirg\u00fc\u00e7 Thurman taraf\u0131ndan haz\u0131rlan, mine sanat\u0131 ve teknikleri \u00fczerine genel bir tan\u0131t\u0131m niteli\u011findeki bu kitab\u0131n mineye ilgi duyan herkese yard\u0131mc\u0131 olaca\u011f\u0131n\u0131 umuyoruz.  <\/p>\n","protected":false},"excerpt":{"rendered":"<p>Mine, metali cam kaplama sanat\u0131d\u0131r. Halk aras\u0131nda s\u0131cak mine, emay ya da kuyumcu minesi olarak bilinir. \u201cMine Sanat\u0131 ve Teknikleri\u201d kitab\u0131nda, mine sanat\u0131n\u0131n tarih\u00e7esi ile mine<span class=\"excerpt-hellip\"> [\u2026]<\/span><\/p>\n","protected":false},"featured_media":0,"template":"","meta":{"_monsterinsights_skip_tracking":false,"_monsterinsights_sitenote_active":false,"_monsterinsights_sitenote_note":"","_monsterinsights_sitenote_category":0},"product_brand":[],"product_cat":[44608,12408],"product_tag":[],"class_list":{"0":"post-746341","1":"product","2":"type-product","3":"status-publish","5":"product_cat-diger-sanat","6":"product_cat-sanat","7":"pa_cilt-ciltsiz","8":"pa_tur-kitap","9":"pa_yayinevi-myrina-yayinlari","10":"pa_yazar-umut-demirguc-thurman","12":"first","13":"instock","14":"sale","15":"shipping-taxable","16":"purchasable","17":"product-type-simple"},"_links":{"self":[{"href":"https:\/\/roveyayinevi.com.tr\/index.php\/wp-json\/wp\/v2\/product\/746341","targetHints":{"allow":["GET"]}}],"collection":[{"href":"https:\/\/roveyayinevi.com.tr\/index.php\/wp-json\/wp\/v2\/product"}],"about":[{"href":"https:\/\/roveyayinevi.com.tr\/index.php\/wp-json\/wp\/v2\/types\/product"}],"wp:attachment":[{"href":"https:\/\/roveyayinevi.com.tr\/index.php\/wp-json\/wp\/v2\/media?parent=746341"}],"wp:term":[{"taxonomy":"product_brand","embeddable":true,"href":"https:\/\/roveyayinevi.com.tr\/index.php\/wp-json\/wp\/v2\/product_brand?post=746341"},{"taxonomy":"product_cat","embeddable":true,"href":"https:\/\/roveyayinevi.com.tr\/index.php\/wp-json\/wp\/v2\/product_cat?post=746341"},{"taxonomy":"product_tag","embeddable":true,"href":"https:\/\/roveyayinevi.com.tr\/index.php\/wp-json\/wp\/v2\/product_tag?post=746341"}],"curies":[{"name":"wp","href":"https:\/\/api.w.org\/{rel}","templated":true}]}}