{"id":746340,"date":"2025-08-28T02:40:07","date_gmt":"2025-08-27T23:40:07","guid":{"rendered":"https:\/\/roveyayinevi.com.tr\/index.php\/urun\/sanat-eserinin-biricikligi-fenomeni-non-fungible-token-ve-sanat\/"},"modified":"2026-04-16T02:58:52","modified_gmt":"2026-04-15T23:58:52","slug":"sanat-eserinin-biricikligi-fenomeni-non-fungible-token-ve-sanat","status":"publish","type":"product","link":"https:\/\/roveyayinevi.com.tr\/index.php\/urun\/sanat-eserinin-biricikligi-fenomeni-non-fungible-token-ve-sanat\/","title":{"rendered":"Sanat Eserinin Biricikli\u011fi Fenomeni Non-Fungible Token ve Sanat"},"content":{"rendered":"<p>Sanat Eserinin Biricikli\u011fi Fenomeni: Non-Fungible Token ve Sanat, birbirinden k\u0131ymetli sanat\u00e7\u0131lar, akademisyenler, koleksiyonerler ve sanat insanlar\u0131 ile \u201cNFT ve Sanat\u201d birlikteli\u011fini mercek alt\u0131na al\u0131yor. Kitap, \u00f6nemli sanat\u00e7\u0131lar\u0131n ve koleksiyonerlerin vermi\u015f oldu\u011fu renkli resimlerle desteklenmi\u015ftir. Sanat nereden nereye geldi, dijital sanatlara nas\u0131l bakmal\u0131y\u0131z, gelece\u011fin sanat\u0131 ne olacak. \u0130lgiyle okuyaca\u011f\u0131n\u0131z\u0131 umuyoruz.      <\/p>\n","protected":false},"excerpt":{"rendered":"<p>Sanat Eserinin Biricikli\u011fi Fenomeni: Non-Fungible Token ve Sanat, birbirinden k\u0131ymetli sanat\u00e7\u0131lar, akademisyenler, koleksiyonerler ve sanat insanlar\u0131 ile \u201cNFT ve Sanat\u201d birlikteli\u011fini mercek alt\u0131na al\u0131yor. Kitap, \u00f6nemli<span class=\"excerpt-hellip\"> [\u2026]<\/span><\/p>\n","protected":false},"featured_media":0,"template":"","meta":{"_monsterinsights_skip_tracking":false,"_monsterinsights_sitenote_active":false,"_monsterinsights_sitenote_note":"","_monsterinsights_sitenote_category":0},"product_brand":[],"product_cat":[44608,12408],"product_tag":[],"class_list":{"0":"post-746340","1":"product","2":"type-product","3":"status-publish","5":"product_cat-diger-sanat","6":"product_cat-sanat","7":"pa_cilt-ciltsiz","8":"pa_tur-kitap","9":"pa_yayinevi-myrina-yayinlari","10":"pa_yazar-alp-dogu-eser","12":"first","13":"instock","14":"sale","15":"shipping-taxable","16":"purchasable","17":"product-type-simple"},"_links":{"self":[{"href":"https:\/\/roveyayinevi.com.tr\/index.php\/wp-json\/wp\/v2\/product\/746340","targetHints":{"allow":["GET"]}}],"collection":[{"href":"https:\/\/roveyayinevi.com.tr\/index.php\/wp-json\/wp\/v2\/product"}],"about":[{"href":"https:\/\/roveyayinevi.com.tr\/index.php\/wp-json\/wp\/v2\/types\/product"}],"wp:attachment":[{"href":"https:\/\/roveyayinevi.com.tr\/index.php\/wp-json\/wp\/v2\/media?parent=746340"}],"wp:term":[{"taxonomy":"product_brand","embeddable":true,"href":"https:\/\/roveyayinevi.com.tr\/index.php\/wp-json\/wp\/v2\/product_brand?post=746340"},{"taxonomy":"product_cat","embeddable":true,"href":"https:\/\/roveyayinevi.com.tr\/index.php\/wp-json\/wp\/v2\/product_cat?post=746340"},{"taxonomy":"product_tag","embeddable":true,"href":"https:\/\/roveyayinevi.com.tr\/index.php\/wp-json\/wp\/v2\/product_tag?post=746340"}],"curies":[{"name":"wp","href":"https:\/\/api.w.org\/{rel}","templated":true}]}}