{"id":746338,"date":"2025-08-28T02:40:05","date_gmt":"2025-08-27T23:40:05","guid":{"rendered":"https:\/\/roveyayinevi.com.tr\/index.php\/urun\/hipnoz-ve-iyilesmek\/"},"modified":"2026-04-16T02:58:52","modified_gmt":"2026-04-15T23:58:52","slug":"hipnoz-ve-iyilesmek","status":"publish","type":"product","link":"https:\/\/roveyayinevi.com.tr\/index.php\/urun\/hipnoz-ve-iyilesmek\/","title":{"rendered":"Hipnoz ve \u0130yile\u015fmek"},"content":{"rendered":"<p>Okuyucu, kitaptaki \u00f6rnekleri uygulayarak g\u00fcnl\u00fck ya\u015famda ba\u015f etmekte g\u00fc\u00e7l\u00fck \u00e7ekti\u011fi bir\u00e7ok problem konusunda kendisine destek olabilecek bir k\u0131lavuza sahip olacak. Ayr\u0131ca depresyon anksiyete ve stres gibi yak\u0131nmalarla ba\u015f ba\u015fa olan ki\u015filer ve onlar\u0131n \u00e7evresindeki ki\u015filerin iyile\u015fmeye y\u00f6nelik bir bak\u0131\u015f a\u00e7\u0131s\u0131 kazanmas\u0131na destek sunacak. Bilimsel bir bak\u0131\u015f a\u00e7\u0131s\u0131yla insan zihninin nas\u0131l \u00e7al\u0131\u015ft\u0131\u011f\u0131n\u0131 ve zihnin \u00e7al\u0131\u015fma prensiplerini anlatan kitapta uluslararas\u0131 ve ulusal \u00e7apta yap\u0131lm\u0131\u015f bilimsel ara\u015ft\u0131rmalara yer veriliyor. Kitap, bir\u00e7ok uzman\u0131n profesyonel mesleklerini icra ederken yararlanaca\u011f\u0131 bir kaynak niteli\u011fi ta\u015f\u0131yor. <\/p>\n","protected":false},"excerpt":{"rendered":"<p>Okuyucu, kitaptaki \u00f6rnekleri uygulayarak g\u00fcnl\u00fck ya\u015famda ba\u015f etmekte g\u00fc\u00e7l\u00fck \u00e7ekti\u011fi bir\u00e7ok problem konusunda kendisine destek olabilecek bir k\u0131lavuza sahip olacak. Ayr\u0131ca depresyon anksiyete ve stres gibi<span class=\"excerpt-hellip\"> [\u2026]<\/span><\/p>\n","protected":false},"featured_media":0,"template":"","meta":{"_monsterinsights_skip_tracking":false,"_monsterinsights_sitenote_active":false,"_monsterinsights_sitenote_note":"","_monsterinsights_sitenote_category":0},"product_brand":[],"product_cat":[20502,12357],"product_tag":[],"class_list":{"0":"post-746338","1":"product","2":"type-product","3":"status-publish","5":"product_cat-basvuru-kitaplari-psikoloji","6":"product_cat-psikoloji","7":"pa_cilt-ciltsiz","8":"pa_tur-kitap","9":"pa_yayinevi-pusula-yayinevi-ankara","10":"pa_yazar-mehmet-ali-bulut","12":"first","13":"instock","14":"sale","15":"shipping-taxable","16":"purchasable","17":"product-type-simple"},"_links":{"self":[{"href":"https:\/\/roveyayinevi.com.tr\/index.php\/wp-json\/wp\/v2\/product\/746338","targetHints":{"allow":["GET"]}}],"collection":[{"href":"https:\/\/roveyayinevi.com.tr\/index.php\/wp-json\/wp\/v2\/product"}],"about":[{"href":"https:\/\/roveyayinevi.com.tr\/index.php\/wp-json\/wp\/v2\/types\/product"}],"wp:attachment":[{"href":"https:\/\/roveyayinevi.com.tr\/index.php\/wp-json\/wp\/v2\/media?parent=746338"}],"wp:term":[{"taxonomy":"product_brand","embeddable":true,"href":"https:\/\/roveyayinevi.com.tr\/index.php\/wp-json\/wp\/v2\/product_brand?post=746338"},{"taxonomy":"product_cat","embeddable":true,"href":"https:\/\/roveyayinevi.com.tr\/index.php\/wp-json\/wp\/v2\/product_cat?post=746338"},{"taxonomy":"product_tag","embeddable":true,"href":"https:\/\/roveyayinevi.com.tr\/index.php\/wp-json\/wp\/v2\/product_tag?post=746338"}],"curies":[{"name":"wp","href":"https:\/\/api.w.org\/{rel}","templated":true}]}}