{"id":746336,"date":"2025-08-28T02:40:02","date_gmt":"2025-08-27T23:40:02","guid":{"rendered":"https:\/\/roveyayinevi.com.tr\/index.php\/urun\/ucu-bir-arada-pratik-ders-notlari\/"},"modified":"2026-04-06T03:11:36","modified_gmt":"2026-04-06T00:11:36","slug":"ucu-bir-arada-pratik-ders-notlari","status":"publish","type":"product","link":"https:\/\/roveyayinevi.com.tr\/index.php\/urun\/ucu-bir-arada-pratik-ders-notlari\/","title":{"rendered":"\u00dc\u00e7\u00fc Bir Arada Pratik Ders Notlar\u0131"},"content":{"rendered":"<p>Sevgili \u00d6\u011frenciler;                    Elinizdeki pratik notlar kitab\u0131 KPSS ve YKS yolunda hedefinize uygun olarak daha verimli haz\u0131rlanman\u0131z i\u00e7in olu\u015fturulmu\u015ftur. Bu s\u00fcre\u00e7te daha verimli ders \u00e7al\u0131\u015fabilmeniz i\u00e7in hap bilgiler haz\u0131rlanm\u0131\u015ft\u0131r. \u00d6SYM s\u0131navlar\u0131nda \u00e7\u0131kan sorular esas al\u0131narak haz\u0131rlanan bu hap bilgiler ayn\u0131 zamanda \u00d6SYM\u2019nin a\u011f\u0131rl\u0131k verdi\u011fi konulara g\u00f6re d\u00fczenlenmi\u015ftir.             S\u0131navlara haz\u0131rl\u0131k s\u00fcrecinde emek veren de\u011ferli \u00f6\u011frencilerime hayat yolculuklar\u0131nda ba\u015far\u0131lar diliyorum. L\u00fctfen \u015funu unutmay\u0131n; \u201cUmut en karanl\u0131k zamanlarda bile bulunabilir, sadece \u0131\u015f\u0131klar\u0131 yakmay\u0131 unutmay\u0131n!\u201d               Belirledi\u011finiz hedeften asla vazge\u00e7meyin.             Mustafa Kemal Atat\u00fcrk\u2019\u00fcn dedi\u011fi gibi \u201cZafer, \u201cZAFER BEN\u0130MD\u0130R\u201d diyebilenindir. Ba\u015far\u0131 ise \u201cBA\u015eARACA\u011eIM\u201d diye ba\u015flayarak sonunda \u201cBA\u015eARDIM\u201d diyenindir.\u201d <\/p>\n","protected":false},"excerpt":{"rendered":"<p>Sevgili \u00d6\u011frenciler; Elinizdeki pratik notlar kitab\u0131 KPSS ve YKS yolunda hedefinize uygun olarak daha verimli haz\u0131rlanman\u0131z i\u00e7in olu\u015fturulmu\u015ftur. Bu s\u00fcre\u00e7te daha verimli ders \u00e7al\u0131\u015fabilmeniz i\u00e7in hap<span class=\"excerpt-hellip\"> [\u2026]<\/span><\/p>\n","protected":false},"featured_media":0,"template":"","meta":{"_monsterinsights_skip_tracking":false,"_monsterinsights_sitenote_active":false,"_monsterinsights_sitenote_note":"","_monsterinsights_sitenote_category":0},"product_brand":[],"product_cat":[12566,13473],"product_tag":[],"class_list":{"0":"post-746336","1":"product","2":"type-product","3":"status-publish","5":"product_cat-egitim","6":"product_cat-sinavlara-hazirlik-okula-yardimci-kaynaklar","7":"pa_cilt-ciltsiz","8":"pa_tur-kitap","9":"pa_yayinevi-kitap-muptelasi-yayinlari","10":"pa_yazar-serkan-kocak","12":"first","13":"instock","14":"sale","15":"shipping-taxable","16":"purchasable","17":"product-type-simple"},"_links":{"self":[{"href":"https:\/\/roveyayinevi.com.tr\/index.php\/wp-json\/wp\/v2\/product\/746336","targetHints":{"allow":["GET"]}}],"collection":[{"href":"https:\/\/roveyayinevi.com.tr\/index.php\/wp-json\/wp\/v2\/product"}],"about":[{"href":"https:\/\/roveyayinevi.com.tr\/index.php\/wp-json\/wp\/v2\/types\/product"}],"wp:attachment":[{"href":"https:\/\/roveyayinevi.com.tr\/index.php\/wp-json\/wp\/v2\/media?parent=746336"}],"wp:term":[{"taxonomy":"product_brand","embeddable":true,"href":"https:\/\/roveyayinevi.com.tr\/index.php\/wp-json\/wp\/v2\/product_brand?post=746336"},{"taxonomy":"product_cat","embeddable":true,"href":"https:\/\/roveyayinevi.com.tr\/index.php\/wp-json\/wp\/v2\/product_cat?post=746336"},{"taxonomy":"product_tag","embeddable":true,"href":"https:\/\/roveyayinevi.com.tr\/index.php\/wp-json\/wp\/v2\/product_tag?post=746336"}],"curies":[{"name":"wp","href":"https:\/\/api.w.org\/{rel}","templated":true}]}}