{"id":746335,"date":"2025-08-28T02:40:01","date_gmt":"2025-08-27T23:40:01","guid":{"rendered":"https:\/\/roveyayinevi.com.tr\/index.php\/urun\/eger-tasiyabilirsen\/"},"modified":"2026-04-15T03:09:16","modified_gmt":"2026-04-15T00:09:16","slug":"eger-tasiyabilirsen","status":"publish","type":"product","link":"https:\/\/roveyayinevi.com.tr\/index.php\/urun\/eger-tasiyabilirsen\/","title":{"rendered":"E\u011fer Ta\u015f\u0131yabilirsen"},"content":{"rendered":"<p>Buras\u0131 hayal \u00e2lemi de\u011fil, hayallerin bitti\u011fi yerdir, y\u00fczle\u015fme cesareti olmayan buradan ka\u00e7arak gider, ka\u00e7arak gidene neden gidiyorsun denilmez, bu d\u00fcnyadan \u00e7o\u011fu hi\u00e7 uyanmadan gider, belki de \u00f6yle gitmesi gerekir, uyuyanlara deli demeyiz, neden uyuyor demeyiz, k\u0131namay\u0131z, herkesin uyanmayaca\u011f\u0131n\u0131 bildi\u011fimiz gibi herkesin uyumayaca\u011f\u0131n\u0131 da biliriz. Ne uyanan\u0131n kibre hakk\u0131 vard\u0131r bu \u00e2lemde ne de uyuyan\u0131n! Emin heyecanla avu\u00e7lar\u0131n\u0131 a\u00e7t\u0131 ve avu\u00e7lar\u0131n\u0131n i\u00e7inde b\u00fcy\u00fck harflerle: \u201cHAZLARINI VE KORKULARINI TERK ETT\u0130\u011e\u0130NDE ACILARIN SEN\u0130 TERK EDECEK, E\u011eER TA\u015eIYAB\u0130L\u0130RSEN!\u201d yazd\u0131\u011f\u0131n\u0131 g\u00f6rd\u00fc. Nimetler de imtihanlar da \u201ce\u011fer ta\u015f\u0131yabilirsen\u201d diyerek gelirler bize. Ta\u015f\u0131yabildi\u011fimizden fazlas\u0131n\u0131 y\u00fcklemeyen bir Rabbimiz var, ta\u015f\u0131mam\u0131z gerekeni ta\u015f\u0131y\u0131p, bize yak\u0131\u015fan\u0131 yap\u0131p, edebimizle gidece\u011fiz in\u015fallah bu d\u00fcnyadan. <\/p>\n","protected":false},"excerpt":{"rendered":"<p>Buras\u0131 hayal \u00e2lemi de\u011fil, hayallerin bitti\u011fi yerdir, y\u00fczle\u015fme cesareti olmayan buradan ka\u00e7arak gider, ka\u00e7arak gidene neden gidiyorsun denilmez, bu d\u00fcnyadan \u00e7o\u011fu hi\u00e7 uyanmadan gider, belki de<span class=\"excerpt-hellip\"> [\u2026]<\/span><\/p>\n","protected":false},"featured_media":0,"template":"","meta":{"_monsterinsights_skip_tracking":false,"_monsterinsights_sitenote_active":false,"_monsterinsights_sitenote_note":"","_monsterinsights_sitenote_category":0},"product_brand":[],"product_cat":[12291,12711],"product_tag":[],"class_list":{"0":"post-746335","1":"product","2":"type-product","3":"status-publish","5":"product_cat-edebiyat","6":"product_cat-roman-oyku","7":"pa_cilt-ciltsiz","8":"pa_tur-kitap","9":"pa_yayinevi-perseus","10":"pa_yazar-mehmet-emin-ozgul","12":"first","13":"instock","14":"sale","15":"shipping-taxable","16":"purchasable","17":"product-type-simple"},"_links":{"self":[{"href":"https:\/\/roveyayinevi.com.tr\/index.php\/wp-json\/wp\/v2\/product\/746335","targetHints":{"allow":["GET"]}}],"collection":[{"href":"https:\/\/roveyayinevi.com.tr\/index.php\/wp-json\/wp\/v2\/product"}],"about":[{"href":"https:\/\/roveyayinevi.com.tr\/index.php\/wp-json\/wp\/v2\/types\/product"}],"wp:attachment":[{"href":"https:\/\/roveyayinevi.com.tr\/index.php\/wp-json\/wp\/v2\/media?parent=746335"}],"wp:term":[{"taxonomy":"product_brand","embeddable":true,"href":"https:\/\/roveyayinevi.com.tr\/index.php\/wp-json\/wp\/v2\/product_brand?post=746335"},{"taxonomy":"product_cat","embeddable":true,"href":"https:\/\/roveyayinevi.com.tr\/index.php\/wp-json\/wp\/v2\/product_cat?post=746335"},{"taxonomy":"product_tag","embeddable":true,"href":"https:\/\/roveyayinevi.com.tr\/index.php\/wp-json\/wp\/v2\/product_tag?post=746335"}],"curies":[{"name":"wp","href":"https:\/\/api.w.org\/{rel}","templated":true}]}}