{"id":746333,"date":"2025-08-28T02:39:58","date_gmt":"2025-08-27T23:39:58","guid":{"rendered":"https:\/\/roveyayinevi.com.tr\/index.php\/urun\/etikte-oznellik-nesnellik-tartismasi\/"},"modified":"2026-04-16T02:58:52","modified_gmt":"2026-04-15T23:58:52","slug":"etikte-oznellik-nesnellik-tartismasi","status":"publish","type":"product","link":"https:\/\/roveyayinevi.com.tr\/index.php\/urun\/etikte-oznellik-nesnellik-tartismasi\/","title":{"rendered":"Etikte \u00d6znellik Nesnellik Tart\u0131\u015fmas\u0131"},"content":{"rendered":"<p>Bu kitapta g\u00fcn\u00fcm\u00fcz eti\u011finin temel tart\u0131\u015fma konular\u0131ndan birisi olan etikte nesnellik-\u00f6znellik sorunu, \u201cEtik olgular ger\u00e7ekten var m\u0131d\u0131r?\u201d sorusu etraf\u0131nda d\u00f6nen ontolojik problem ve \u201cEtik olgular\u0131 nas\u0131l biliyoruz?\u201d sorusunu yan\u0131tlamay\u0131 merkeze alan epistemolojik problem olarak ele al\u0131nmakta; etik nesnelcili\u011fin ve etik \u00f6znelcili\u011fin temel savlar\u0131 temsilcilerinin a\u011fz\u0131ndan ortaya konulmaktad\u0131r. G\u00fcn\u00fcm\u00fcz etik d\u00fc\u015f\u00fcncesinde nesnellik-\u00f6znellik ikileminin \u201colgu\u201d ve \u201cde\u011fer\u201d ayr\u0131m\u0131ndan kaynaklanan bir sorun oldu\u011fu, sorunun \u00f6ncellikle \u00f6znellik ve nesnellikten ne anla\u015f\u0131ld\u0131\u011f\u0131n\u0131n, neyin \u00f6znellik ya da nesnelli\u011finden s\u00f6z edildi\u011finin ortaya konulmas\u0131, do\u011fal ve moral olgular aras\u0131ndaki ontolojik farklar\u0131n a\u00e7\u0131k k\u0131l\u0131nmas\u0131yla \u00e7\u00f6z\u00fclebilece\u011fi g\u00f6sterilmeye \u00e7al\u0131\u015f\u0131lmaktad\u0131r. <\/p>\n","protected":false},"excerpt":{"rendered":"<p>Bu kitapta g\u00fcn\u00fcm\u00fcz eti\u011finin temel tart\u0131\u015fma konular\u0131ndan birisi olan etikte nesnellik-\u00f6znellik sorunu, \u201cEtik olgular ger\u00e7ekten var m\u0131d\u0131r?\u201d sorusu etraf\u0131nda d\u00f6nen ontolojik problem ve \u201cEtik olgular\u0131 nas\u0131l<span class=\"excerpt-hellip\"> [\u2026]<\/span><\/p>\n","protected":false},"featured_media":0,"template":"","meta":{"_monsterinsights_skip_tracking":false,"_monsterinsights_sitenote_active":false,"_monsterinsights_sitenote_note":"","_monsterinsights_sitenote_category":0},"product_brand":[],"product_cat":[12388],"product_tag":[],"class_list":{"0":"post-746333","1":"product","2":"type-product","3":"status-publish","5":"product_cat-felsefe","6":"pa_cilt-ciltsiz","7":"pa_tur-kitap","8":"pa_yayinevi-bilgesu-yayincilik","9":"pa_yazar-berfin-kart-tepe","11":"first","12":"instock","13":"sale","14":"shipping-taxable","15":"purchasable","16":"product-type-simple"},"_links":{"self":[{"href":"https:\/\/roveyayinevi.com.tr\/index.php\/wp-json\/wp\/v2\/product\/746333","targetHints":{"allow":["GET"]}}],"collection":[{"href":"https:\/\/roveyayinevi.com.tr\/index.php\/wp-json\/wp\/v2\/product"}],"about":[{"href":"https:\/\/roveyayinevi.com.tr\/index.php\/wp-json\/wp\/v2\/types\/product"}],"wp:attachment":[{"href":"https:\/\/roveyayinevi.com.tr\/index.php\/wp-json\/wp\/v2\/media?parent=746333"}],"wp:term":[{"taxonomy":"product_brand","embeddable":true,"href":"https:\/\/roveyayinevi.com.tr\/index.php\/wp-json\/wp\/v2\/product_brand?post=746333"},{"taxonomy":"product_cat","embeddable":true,"href":"https:\/\/roveyayinevi.com.tr\/index.php\/wp-json\/wp\/v2\/product_cat?post=746333"},{"taxonomy":"product_tag","embeddable":true,"href":"https:\/\/roveyayinevi.com.tr\/index.php\/wp-json\/wp\/v2\/product_tag?post=746333"}],"curies":[{"name":"wp","href":"https:\/\/api.w.org\/{rel}","templated":true}]}}