{"id":746329,"date":"2025-08-28T02:39:53","date_gmt":"2025-08-27T23:39:53","guid":{"rendered":"https:\/\/roveyayinevi.com.tr\/index.php\/urun\/cehaletin-kulturel-uretimi-ve-hayvanlar\/"},"modified":"2026-04-16T02:58:52","modified_gmt":"2026-04-15T23:58:52","slug":"cehaletin-kulturel-uretimi-ve-hayvanlar","status":"publish","type":"product","link":"https:\/\/roveyayinevi.com.tr\/index.php\/urun\/cehaletin-kulturel-uretimi-ve-hayvanlar\/","title":{"rendered":"Cehaletin K\u00fclt\u00fcrel \u00dcretimi ve Hayvanlar"},"content":{"rendered":"<p>G\u00fcn\u00fcm\u00fczde insanl\u0131\u011f\u0131n belki de en b\u00fcy\u00fck sorunu, hayat\u0131 yorumlama s\u00fcrecini kendine mal etmesi. \u0130nsanlar\u0131n pek \u00e7o\u011funa g\u00f6re her \u015fey insan i\u00e7in. Bu sebeple de t\u00fcm anlama, anlamland\u0131rma, yaratma eylemleri insan merkezli. Hayata bu bak\u0131\u015f a\u00e7\u0131s\u0131yla bakan insan ne yaz\u0131k ki b\u00fcy\u00fck bir y\u0131k\u0131m\u0131n e\u015fi\u011finde oldu\u011funun bilincine varam\u0131yor ve buna devam etti\u011fi takdirde sadece gezegeni payla\u015ft\u0131\u011f\u0131m\u0131z di\u011fer canl\u0131lar\u0131 de\u011fil, kendini de yok olu\u015fa s\u00fcr\u00fckledi\u011fini fark edemiyor.   Peki nas\u0131l oluyor da bunca ilerlemeye, teknolojik \u00fcst\u00fcnl\u00fc\u011fe sahip insan bu basit ger\u00e7ekli\u011fi g\u00f6remiyor? \u0130\u015fte bu noktada cehalet kavram\u0131 \u00e7\u0131k\u0131yor kar\u015f\u0131m\u0131za. Sahip oldu\u011fumuz k\u00fclt\u00fcr, bulundu\u011fumuz co\u011frafya, ekonomik \u015fartlar ve fiziksel s\u0131n\u0131rlar nedeniyle bir\u00e7ok konuda cahiliz. Ancak burada korkutucu olan bilin\u00e7li se\u00e7ilmi\u015f cehalettir. ABD&#8217;li f\u00fct\u00fcrist Alvin Toffler, \u201c21. y\u00fczy\u0131l\u0131n cahilleri okuma yazma bilmeyenler de\u011fil, \u00f6\u011frenmeyen, \u00f6\u011frendi\u011fi yanl\u0131\u015flardan vazge\u00e7meyen ve yeniden \u00f6\u011frenmeyenler olacak.\u201d derken i\u015fte b\u00f6yle bir cehaleti anlat\u0131r. B\u00f6ylece cehaletin k\u00fclt\u00fcrel in\u015fas\u0131; mahremiyet, aptall\u0131k, kay\u0131ts\u0131zl\u0131k, sans\u00fcr, bilgi kirlili\u011fi, inan\u00e7, sindirme, bast\u0131rma gibi stratejilerle tekrar tekrar \u00fcretilmi\u015f olur.   Cehaletin k\u00fclt\u00fcrel olarak \u00fcretiminden en \u00e7ok etkilenen canl\u0131lar\u0131n ba\u015f\u0131nda ise hayvanlar geliyor. Bu in\u015fan\u0131n en etkili silah\u0131 da dil. Dilin t\u00fcrc\u00fc ve y\u00f6nlendirici kullan\u0131m\u0131 hayvanlar hakk\u0131ndaki cehaletimizin en \u00f6nemli gerek\u00e7elerinden biri.   Fulya Marmara, bu kitab\u0131nda okuru zihinsel bir yolculu\u011fa \u00e7\u0131kar\u0131yor. Cehaletin yani bilmediklerimizle bildi\u011fimizi sand\u0131klar\u0131m\u0131z\u0131n ve tahakk\u00fcm\u00fc ortaya \u00e7\u0131karan mekanizmalar\u0131n pe\u015fine d\u00fc\u015f\u00fcyor ve diyor ki \u201c\u0130nsan\u0131n kurtulu\u015fu; hayat\u0131n \u00e7oklu yorumuna ve yarat\u0131m\u0131na sayg\u0131l\u0131 bir bak\u0131\u015f\u0131n i\u00e7selle\u015ftirilmesiyle m\u00fcmk\u00fcnd\u00fcr.\u201d<\/p>\n","protected":false},"excerpt":{"rendered":"<p>G\u00fcn\u00fcm\u00fczde insanl\u0131\u011f\u0131n belki de en b\u00fcy\u00fck sorunu, hayat\u0131 yorumlama s\u00fcrecini kendine mal etmesi. \u0130nsanlar\u0131n pek \u00e7o\u011funa g\u00f6re her \u015fey insan i\u00e7in. Bu sebeple de t\u00fcm anlama,<span class=\"excerpt-hellip\"> [\u2026]<\/span><\/p>\n","protected":false},"featured_media":0,"template":"","meta":{"_monsterinsights_skip_tracking":false,"_monsterinsights_sitenote_active":false,"_monsterinsights_sitenote_note":"","_monsterinsights_sitenote_category":0},"product_brand":[],"product_cat":[23323,12364],"product_tag":[],"class_list":{"0":"post-746329","1":"product","2":"type-product","3":"status-publish","5":"product_cat-ekoloji","6":"product_cat-genel-konular","7":"pa_cilt-ciltsiz","8":"pa_tur-kitap","9":"pa_yayinevi-yeni-insan-yayinlari","10":"pa_yazar-fulya-marmara","12":"first","13":"instock","14":"sale","15":"shipping-taxable","16":"purchasable","17":"product-type-simple"},"_links":{"self":[{"href":"https:\/\/roveyayinevi.com.tr\/index.php\/wp-json\/wp\/v2\/product\/746329","targetHints":{"allow":["GET"]}}],"collection":[{"href":"https:\/\/roveyayinevi.com.tr\/index.php\/wp-json\/wp\/v2\/product"}],"about":[{"href":"https:\/\/roveyayinevi.com.tr\/index.php\/wp-json\/wp\/v2\/types\/product"}],"wp:attachment":[{"href":"https:\/\/roveyayinevi.com.tr\/index.php\/wp-json\/wp\/v2\/media?parent=746329"}],"wp:term":[{"taxonomy":"product_brand","embeddable":true,"href":"https:\/\/roveyayinevi.com.tr\/index.php\/wp-json\/wp\/v2\/product_brand?post=746329"},{"taxonomy":"product_cat","embeddable":true,"href":"https:\/\/roveyayinevi.com.tr\/index.php\/wp-json\/wp\/v2\/product_cat?post=746329"},{"taxonomy":"product_tag","embeddable":true,"href":"https:\/\/roveyayinevi.com.tr\/index.php\/wp-json\/wp\/v2\/product_tag?post=746329"}],"curies":[{"name":"wp","href":"https:\/\/api.w.org\/{rel}","templated":true}]}}