{"id":746328,"date":"2025-08-28T02:39:52","date_gmt":"2025-08-27T23:39:52","guid":{"rendered":"https:\/\/roveyayinevi.com.tr\/index.php\/urun\/kayip-tren\/"},"modified":"2026-04-16T02:58:52","modified_gmt":"2026-04-15T23:58:52","slug":"kayip-tren","status":"publish","type":"product","link":"https:\/\/roveyayinevi.com.tr\/index.php\/urun\/kayip-tren\/","title":{"rendered":"Kay\u0131p Tren"},"content":{"rendered":"<p>\u201cMutlulu\u011fu bir kez tatt\u0131\u011f\u0131n\u0131zda, bir daha mutlu olamayaca\u011f\u0131n\u0131za inanmak imk\u00e2ns\u0131zd\u0131r.\u201d \u00d6l\u00fcm, bir tren yolculu\u011fu gibidir \u00e2deta. \u0130nsan\u0131n asla geri d\u00f6nemeyece\u011fi, yolun sonunun hi\u00e7bir yere varamad\u0131\u011f\u0131, biti\u015f \u00e7izgisinin sesini duydu\u011fu ama elinden bir \u015fey gelmedi\u011fi bir ortadan kaybolma hik\u00e2yesi\u2026 Kay\u0131p Tren\u2019de kaybolanlar sadece insanlar de\u011fil, onlar\u0131n ya\u015fam tarzlar\u0131 ve k\u00f6yler de s\u0131rra kadem bas\u0131yor. Chapleau veya Metagama\u2019n\u0131n kaderi, i\u00e7inde ya\u015fad\u0131\u011f\u0131 insan ekosisteminin ya\u015fam \u00e7izgisi olan demiryolu a\u011f\u0131n\u0131n gizemine ba\u011flan\u0131yor. Kuzey Ontario&#8217;nun uzak b\u00f6lgelerinde tren, bu unutulmu\u015f yerlerde ya\u015fayanlar\u0131n hayatlar\u0131n\u0131 \u015feffaf bir perdenin ard\u0131ndan g\u00f6rmemizi sa\u011fl\u0131yor. Roman, alacakaranl\u0131k gibi belirsiz renklerden olu\u015fuyor gibi g\u00f6z\u00fck\u00fcyorsa da, her \u015fey gri de\u011fildir. Yaln\u0131zl\u0131k ve ayr\u0131l\u0131\u015flara kar\u015f\u0131 dostluk, yard\u0131mla\u015fma ve bir olma gibi g\u00fc\u00e7l\u00fc duygular da romana h\u00e2kimdir. Jocelyne Saucier, \u00f6l\u00fcm ve intihar gibi ciddi konular\u0131, etkili bir dille s\u00fcsleyerek, olu\u015fturduklar\u0131 hassas i\u00e7erikleri de g\u00f6zeterek harmanl\u0131yor ve bir g\u00fc\u00e7 g\u00f6steri yap\u0131yor. Yazar, az bilinen k\u00f6ylerin sakinlerinin trenle olan ba\u011f\u0131n\u0131, bizi Kanada demiryollar\u0131nda bir yolculu\u011fa \u00e7\u0131kararak anlat\u0131yor.  B\u00fcy\u00fck bir mutluluk ve \u015fa\u015fk\u0131nl\u0131kla kendimi kapt\u0131rd\u0131\u011f\u0131m e\u015fi benzeri olmayan bir yolculuk!                                                    Michel D\u00e9sautels, D\u00e9sautels le dimanche, Ici Radio-Canada Jocelyne Saucier bize Kanada\u2019n\u0131n demiryolu tarihini ve Gladys\u2019in anlam aray\u0131\u015f\u0131n\u0131 anlat\u0131rken son derece insani bir roman sunuyor.                                                                                                        Nathalie Collard, La Presse Bu uzun bekleyi\u015fe de\u011fen Jocelyne Saucier\u2019nin yeni roman\u0131, Kuzey Ontario\u2019nun tren yollar\u0131n\u0131 bir soru\u015fturman\u0131n \u0131\u015f\u0131\u011f\u0131nda takip ediyor. Yazar\u0131n bir kez daha ya\u015fl\u0131l\u0131k ve dostluk temalar\u0131n\u0131 i\u015fleyen huzurlu \u00fcslubu, bu sefer bizi sonsuz demiryollar\u0131 \u00fczerinde ilerleyen bir tren gibi zarif\u00e7e ta\u015f\u0131yor.                                                                                                                        Coup de Pouce <\/p>\n","protected":false},"excerpt":{"rendered":"<p>\u201cMutlulu\u011fu bir kez tatt\u0131\u011f\u0131n\u0131zda, bir daha mutlu olamayaca\u011f\u0131n\u0131za inanmak imk\u00e2ns\u0131zd\u0131r.\u201d \u00d6l\u00fcm, bir tren yolculu\u011fu gibidir \u00e2deta. \u0130nsan\u0131n asla geri d\u00f6nemeyece\u011fi, yolun sonunun hi\u00e7bir yere varamad\u0131\u011f\u0131, biti\u015f<span class=\"excerpt-hellip\"> [\u2026]<\/span><\/p>\n","protected":false},"featured_media":0,"template":"","meta":{"_monsterinsights_skip_tracking":false,"_monsterinsights_sitenote_active":false,"_monsterinsights_sitenote_note":"","_monsterinsights_sitenote_category":0},"product_brand":[],"product_cat":[12291,12711],"product_tag":[],"class_list":{"0":"post-746328","1":"product","2":"type-product","3":"status-publish","5":"product_cat-edebiyat","6":"product_cat-roman-oyku","7":"pa_cilt-ciltsiz","8":"pa_tur-kitap","9":"pa_yayinevi-yeni-insan-yayinlari","10":"pa_yazar-jocelyne-saucier","12":"first","13":"instock","14":"sale","15":"shipping-taxable","16":"purchasable","17":"product-type-simple"},"_links":{"self":[{"href":"https:\/\/roveyayinevi.com.tr\/index.php\/wp-json\/wp\/v2\/product\/746328","targetHints":{"allow":["GET"]}}],"collection":[{"href":"https:\/\/roveyayinevi.com.tr\/index.php\/wp-json\/wp\/v2\/product"}],"about":[{"href":"https:\/\/roveyayinevi.com.tr\/index.php\/wp-json\/wp\/v2\/types\/product"}],"wp:attachment":[{"href":"https:\/\/roveyayinevi.com.tr\/index.php\/wp-json\/wp\/v2\/media?parent=746328"}],"wp:term":[{"taxonomy":"product_brand","embeddable":true,"href":"https:\/\/roveyayinevi.com.tr\/index.php\/wp-json\/wp\/v2\/product_brand?post=746328"},{"taxonomy":"product_cat","embeddable":true,"href":"https:\/\/roveyayinevi.com.tr\/index.php\/wp-json\/wp\/v2\/product_cat?post=746328"},{"taxonomy":"product_tag","embeddable":true,"href":"https:\/\/roveyayinevi.com.tr\/index.php\/wp-json\/wp\/v2\/product_tag?post=746328"}],"curies":[{"name":"wp","href":"https:\/\/api.w.org\/{rel}","templated":true}]}}