{"id":746325,"date":"2025-08-28T02:39:48","date_gmt":"2025-08-27T23:39:48","guid":{"rendered":"https:\/\/roveyayinevi.com.tr\/index.php\/urun\/cikis-yolu-turetim-ekonomisi\/"},"modified":"2026-04-16T02:58:52","modified_gmt":"2026-04-15T23:58:52","slug":"cikis-yolu-turetim-ekonomisi","status":"publish","type":"product","link":"https:\/\/roveyayinevi.com.tr\/index.php\/urun\/cikis-yolu-turetim-ekonomisi\/","title":{"rendered":"\u00c7\u0131k\u0131\u015f Yolu T\u00fcretim Ekonomisi"},"content":{"rendered":"<p>&#8220;D\u00fcnyan\u0131n kendini yenileme kapasitesini a\u015fal\u0131 neredeyse 35 y\u0131l olmu\u015fken, d\u00f6ng\u00fcsellik ilkesi \u00fczerine in\u015fa olan t\u00fcretim ekonomisinin ana ilkelerinin ve uygulama alanlar\u0131n\u0131n ikna kabiliyeti y\u00fcksek bir dille aktar\u0131ld\u0131\u011f\u0131 bu kitab\u0131n T\u00fcrkiye gibi ne pahas\u0131na olursa olsun b\u00fcy\u00fcyelim \u015fiar\u0131nda olan bir co\u011frafyada etkisinin \u00e7ok y\u00fcksek olaca\u011f\u0131na inanmaktay\u0131m.\u201d                                                                                                              Prof. Dr. Fikret Adaman   &#8221;Bu kitap, iflas etmeyelim diye ve insan\u0131n, gezegenle uyumlu bir varolu\u015fu ger\u00e7ekle\u015ftirmek i\u00e7in orman gibi bir ekonomik ekosistem kurabilmesi amac\u0131yla yaz\u0131ld\u0131.\u2019\u2019                                                                                                               Prof. Dr. Mehmet Altan   &#8220;S\u0131n\u0131rl\u0131 kaynaklar\u0131 hoyrat\u00e7a s\u00f6m\u00fcren, \u00e7al\u0131\u015fanlar\u0131 ezen, topra\u011f\u0131 havay\u0131 at\u0131klar\u0131yla kirleten do\u011frusal ekonomik yap\u0131y\u0131 d\u00f6ng\u00fcselle\u015ftirmemiz gerekiyor. 2019 tarihli Avrupa Ye\u015fil Mutabakat\u0131 ile bu d\u00f6n\u00fc\u015f\u00fcm bir zorunluluk haline geliyor. Uygar \u00d6zesmi&#8217;nin t\u00fcretim ekonomisi ba\u011flam\u0131nda sundu\u011fu perspektif bu yol ayr\u0131m\u0131nda y\u00f6n\u00fcn\u00fc arayanlara etkili bir uygulama prati\u011fi \u00f6neriyor.\u201d                                                                                                          Do\u00e7. Dr. Ahmet At\u0131l A\u015f\u0131c\u0131 <\/p>\n","protected":false},"excerpt":{"rendered":"<p>&#8220;D\u00fcnyan\u0131n kendini yenileme kapasitesini a\u015fal\u0131 neredeyse 35 y\u0131l olmu\u015fken, d\u00f6ng\u00fcsellik ilkesi \u00fczerine in\u015fa olan t\u00fcretim ekonomisinin ana ilkelerinin ve uygulama alanlar\u0131n\u0131n ikna kabiliyeti y\u00fcksek bir dille<span class=\"excerpt-hellip\"> [\u2026]<\/span><\/p>\n","protected":false},"featured_media":0,"template":"","meta":{"_monsterinsights_skip_tracking":false,"_monsterinsights_sitenote_active":false,"_monsterinsights_sitenote_note":"","_monsterinsights_sitenote_category":0},"product_brand":[],"product_cat":[14841,13043],"product_tag":[],"class_list":{"0":"post-746325","1":"product","2":"type-product","3":"status-publish","5":"product_cat-arastirma-inceleme-kuram","6":"product_cat-ekonomi","7":"pa_cilt-ciltsiz","8":"pa_tur-kitap","9":"pa_yayinevi-yeni-insan-yayinlari","10":"pa_yazar-ece-satici-uygar-ozesmi","12":"first","13":"instock","14":"sale","15":"shipping-taxable","16":"purchasable","17":"product-type-simple"},"_links":{"self":[{"href":"https:\/\/roveyayinevi.com.tr\/index.php\/wp-json\/wp\/v2\/product\/746325","targetHints":{"allow":["GET"]}}],"collection":[{"href":"https:\/\/roveyayinevi.com.tr\/index.php\/wp-json\/wp\/v2\/product"}],"about":[{"href":"https:\/\/roveyayinevi.com.tr\/index.php\/wp-json\/wp\/v2\/types\/product"}],"wp:attachment":[{"href":"https:\/\/roveyayinevi.com.tr\/index.php\/wp-json\/wp\/v2\/media?parent=746325"}],"wp:term":[{"taxonomy":"product_brand","embeddable":true,"href":"https:\/\/roveyayinevi.com.tr\/index.php\/wp-json\/wp\/v2\/product_brand?post=746325"},{"taxonomy":"product_cat","embeddable":true,"href":"https:\/\/roveyayinevi.com.tr\/index.php\/wp-json\/wp\/v2\/product_cat?post=746325"},{"taxonomy":"product_tag","embeddable":true,"href":"https:\/\/roveyayinevi.com.tr\/index.php\/wp-json\/wp\/v2\/product_tag?post=746325"}],"curies":[{"name":"wp","href":"https:\/\/api.w.org\/{rel}","templated":true}]}}