{"id":746324,"date":"2025-08-28T02:39:47","date_gmt":"2025-08-27T23:39:47","guid":{"rendered":"https:\/\/roveyayinevi.com.tr\/index.php\/urun\/yaratici-turkce-dersleri\/"},"modified":"2026-04-06T13:17:18","modified_gmt":"2026-04-06T10:17:18","slug":"yaratici-turkce-dersleri","status":"publish","type":"product","link":"https:\/\/roveyayinevi.com.tr\/index.php\/urun\/yaratici-turkce-dersleri\/","title":{"rendered":"Yarat\u0131c\u0131 T\u00fcrk\u00e7e Dersleri"},"content":{"rendered":"<p>\u00d6\u011frencilik y\u0131llar\u0131m\u0131z dinleme temeli \u00fcst\u00fcne kurulu, edilgen bir yap\u0131da ge\u00e7ti. Nas\u0131l \u00f6\u011frendi\u011fimizle, \u00f6\u011frendi\u011fimiz konuya ilgi duyup duymad\u0131\u011f\u0131m\u0131zla, derse kat\u0131l\u0131p kat\u0131lmad\u0131\u011f\u0131m\u0131zla kimse ilgilenmedi. Belki de en e\u011flenceli olabilecek dil dersleri de birbirinin kopyas\u0131 \u015feklinde y\u0131llar boyu devam etti. T\u00fcrk\u00e7e kitaplar\u0131nda belirtilen sayfadaki metin a\u00e7\u0131l\u0131r, s\u0131ral\u0131 okumalar ba\u015flar, metinle ilgili sorular cevapland\u0131r\u0131l\u0131r, konu\u015fma ve yazma becerisi genellikle geri planda kal\u0131rd\u0131. Y\u0131llar ge\u00e7ti ama dil derslerinin i\u015flenme \u015feklinde bir de\u011fi\u015fim olmad\u0131. Bu kitap alternatif bir T\u00fcrk\u00e7e ders kitab\u0131 de\u011fil. Metin temelli derslerin aras\u0131na girebilecek, \u00f6\u011frencilerin derste etkin olabilece\u011fi etkinlik \u00f6rneklerinin yer ald\u0131\u011f\u0131 ve yazmaya dair \u00f6neriler i\u00e7eren bir \u00e7al\u0131\u015fma. Farkl\u0131 bir sesin, bir derse farkl\u0131 bir bak\u0131\u015f getirmesi \u00fcmidiyle yaz\u0131ld\u0131. <\/p>\n","protected":false},"excerpt":{"rendered":"<p>\u00d6\u011frencilik y\u0131llar\u0131m\u0131z dinleme temeli \u00fcst\u00fcne kurulu, edilgen bir yap\u0131da ge\u00e7ti. Nas\u0131l \u00f6\u011frendi\u011fimizle, \u00f6\u011frendi\u011fimiz konuya ilgi duyup duymad\u0131\u011f\u0131m\u0131zla, derse kat\u0131l\u0131p kat\u0131lmad\u0131\u011f\u0131m\u0131zla kimse ilgilenmedi. Belki de en e\u011flenceli<span class=\"excerpt-hellip\"> [\u2026]<\/span><\/p>\n","protected":false},"featured_media":0,"template":"","meta":{"_monsterinsights_skip_tracking":false,"_monsterinsights_sitenote_active":false,"_monsterinsights_sitenote_note":"","_monsterinsights_sitenote_category":0},"product_brand":[],"product_cat":[12567,12566],"product_tag":[],"class_list":{"0":"post-746324","1":"product","2":"type-product","3":"status-publish","5":"product_cat-diger-egitim","6":"product_cat-egitim","7":"pa_cilt-ciltsiz","8":"pa_tur-kitap","9":"pa_yayinevi-elma-yayinevi","10":"pa_yazar-mujdat-ataman","12":"first","13":"instock","14":"sale","15":"shipping-taxable","16":"purchasable","17":"product-type-simple"},"_links":{"self":[{"href":"https:\/\/roveyayinevi.com.tr\/index.php\/wp-json\/wp\/v2\/product\/746324","targetHints":{"allow":["GET"]}}],"collection":[{"href":"https:\/\/roveyayinevi.com.tr\/index.php\/wp-json\/wp\/v2\/product"}],"about":[{"href":"https:\/\/roveyayinevi.com.tr\/index.php\/wp-json\/wp\/v2\/types\/product"}],"wp:attachment":[{"href":"https:\/\/roveyayinevi.com.tr\/index.php\/wp-json\/wp\/v2\/media?parent=746324"}],"wp:term":[{"taxonomy":"product_brand","embeddable":true,"href":"https:\/\/roveyayinevi.com.tr\/index.php\/wp-json\/wp\/v2\/product_brand?post=746324"},{"taxonomy":"product_cat","embeddable":true,"href":"https:\/\/roveyayinevi.com.tr\/index.php\/wp-json\/wp\/v2\/product_cat?post=746324"},{"taxonomy":"product_tag","embeddable":true,"href":"https:\/\/roveyayinevi.com.tr\/index.php\/wp-json\/wp\/v2\/product_tag?post=746324"}],"curies":[{"name":"wp","href":"https:\/\/api.w.org\/{rel}","templated":true}]}}