{"id":746322,"date":"2025-08-28T02:39:45","date_gmt":"2025-08-27T23:39:45","guid":{"rendered":"https:\/\/roveyayinevi.com.tr\/index.php\/urun\/kodlama-ile-dinimizi-ogreniyorum\/"},"modified":"2026-04-16T02:58:52","modified_gmt":"2026-04-15T23:58:52","slug":"kodlama-ile-dinimizi-ogreniyorum","status":"publish","type":"product","link":"https:\/\/roveyayinevi.com.tr\/index.php\/urun\/kodlama-ile-dinimizi-ogreniyorum\/","title":{"rendered":"Kodlama \u0130le Dinimizi \u00d6\u011freniyorum"},"content":{"rendered":"<p>Kodlama, zihni aktif olarak me\u015fgul eden ve \u00e7ocuklar i\u00e7in bir\u00e7ok b\u00fcy\u00fck fay- da sa\u011flayan e\u011flenceli, \u00e7ok disiplinli bir etkiliktir. \u00d6rne\u011fin \u00e7ocuklar\u0131n, yaradandan   gelen yarat\u0131c\u0131l\u0131klar\u0131n\u0131, mant\u0131ksal d\u00fc\u015f\u00fcnmelerini ve konsantre olma yeteneklerini   destekler. Mant\u0131ksal d\u00fc\u015f\u00fcnme zorlu bir i\u015ftir. Etkinlik kitab\u0131m\u0131zda, mant\u0131ksal d\u00fc- \u015f\u00fcnmenin temel bile\u015feni, ayr\u0131\u015ft\u0131rma yani her \u015feyi en k\u00fc\u00e7\u00fck par\u00e7alara b\u00f6lmek, bu   da onlar\u0131n birbiriyle nas\u0131l ili\u015fkili oldu\u011funu g\u00f6rmeye \u00f6nem verilmi\u015ftir. Y\u00fcce dini- mizin kurallar\u0131 kodlama yoluyla ayr\u0131\u015ft\u0131r\u0131larak verilmi\u015ftir. Her kodlama \u00e7al\u0131\u015fmas\u0131,   bir g\u00f6revin daha k\u00fc\u00e7\u00fck par\u00e7alara ayr\u0131\u015ft\u0131r\u0131lmas\u0131n\u0131 gerektirir. Etkinlik kitab\u0131m\u0131zda minik yavrular\u0131m\u0131za sebat ve kararl\u0131l\u0131k a\u015f\u0131lamak da \u00f6nemsemektedir. Sebat, ilk ba\u015far\u0131s\u0131zl\u0131k belirtisinde pes etmemeyi i\u00e7erir. Kitab\u0131- m\u0131zdaki etkinlikler dakikalar s\u00fcrebilir yinede deneme yan\u0131lma s\u00fcreci h\u0131zl\u0131 bir ye- nilgiye izin vermez, bunun yerine \u00e7ocuklar\u0131 devam etmeye ve ba\u015far\u0131l\u0131 bir sonu- ca ula\u015fmaya motive eder. \u00c7ocuklar i\u00e7in kodlaman\u0131n di\u011fer faydalar\u0131ndan biri de   matematik \u00f6n becerileri daha anla\u015f\u0131l\u0131r hale getirmesidir. \u00c7ocuklar\u0131m\u0131z\u0131n severek y\u00fcce dinimizi kodlamayla \u00f6\u011frenmesi hem becerilerini geli\u015ftirmeye hem de dini vecibeleri \u00f6\u011frenmesine yarar sa\u011flayacakt\u0131r. <\/p>\n","protected":false},"excerpt":{"rendered":"<p>Kodlama, zihni aktif olarak me\u015fgul eden ve \u00e7ocuklar i\u00e7in bir\u00e7ok b\u00fcy\u00fck fay- da sa\u011flayan e\u011flenceli, \u00e7ok disiplinli bir etkiliktir. \u00d6rne\u011fin \u00e7ocuklar\u0131n, yaradandan gelen yarat\u0131c\u0131l\u0131klar\u0131n\u0131, mant\u0131ksal d\u00fc\u015f\u00fcnmelerini<span class=\"excerpt-hellip\"> [\u2026]<\/span><\/p>\n","protected":false},"featured_media":0,"template":"","meta":{"_monsterinsights_skip_tracking":false,"_monsterinsights_sitenote_active":false,"_monsterinsights_sitenote_note":"","_monsterinsights_sitenote_category":0},"product_brand":[],"product_cat":[12274,18802],"product_tag":[],"class_list":{"0":"post-746322","1":"product","2":"type-product","3":"status-publish","5":"product_cat-cocuk-ve-genclik-kitaplari","6":"product_cat-din-egitimi","7":"pa_cilt-ciltsiz","8":"pa_tur-kitap","9":"pa_yayinevi-mirhan-kitap","10":"pa_yazar-komisyon","12":"first","13":"instock","14":"sale","15":"shipping-taxable","16":"purchasable","17":"product-type-simple"},"_links":{"self":[{"href":"https:\/\/roveyayinevi.com.tr\/index.php\/wp-json\/wp\/v2\/product\/746322","targetHints":{"allow":["GET"]}}],"collection":[{"href":"https:\/\/roveyayinevi.com.tr\/index.php\/wp-json\/wp\/v2\/product"}],"about":[{"href":"https:\/\/roveyayinevi.com.tr\/index.php\/wp-json\/wp\/v2\/types\/product"}],"wp:attachment":[{"href":"https:\/\/roveyayinevi.com.tr\/index.php\/wp-json\/wp\/v2\/media?parent=746322"}],"wp:term":[{"taxonomy":"product_brand","embeddable":true,"href":"https:\/\/roveyayinevi.com.tr\/index.php\/wp-json\/wp\/v2\/product_brand?post=746322"},{"taxonomy":"product_cat","embeddable":true,"href":"https:\/\/roveyayinevi.com.tr\/index.php\/wp-json\/wp\/v2\/product_cat?post=746322"},{"taxonomy":"product_tag","embeddable":true,"href":"https:\/\/roveyayinevi.com.tr\/index.php\/wp-json\/wp\/v2\/product_tag?post=746322"}],"curies":[{"name":"wp","href":"https:\/\/api.w.org\/{rel}","templated":true}]}}