{"id":746319,"date":"2025-08-28T02:39:42","date_gmt":"2025-08-27T23:39:42","guid":{"rendered":"https:\/\/roveyayinevi.com.tr\/index.php\/urun\/5-7-5-hayvanlar-adan-zye-hayvanlarla-haiku\/"},"modified":"2026-04-16T02:58:51","modified_gmt":"2026-04-15T23:58:51","slug":"5-7-5-hayvanlar-adan-zye-hayvanlarla-haiku","status":"publish","type":"product","link":"https:\/\/roveyayinevi.com.tr\/index.php\/urun\/5-7-5-hayvanlar-adan-zye-hayvanlarla-haiku\/","title":{"rendered":"5-7-5 Hayvanlar A\u2019dan Z\u2019ye Hayvanlarla Haiku"},"content":{"rendered":"<p>Alfabedeki her harfle bir hayvan, her hayvanla bir \u015fiir bu kitapta seni bekliyor. Geleneksel Japon \u015fiir t\u00fcr\u00fc Haiku\u2019ya g\u00f6z k\u0131rpan e\u011flenceli m\u0131sralar, A\u2019dan Z\u2019ye birbirinden tuhaf hayvanlar\u0131n hik\u00e2yesini anlat\u0131yor. Her \u015fiirin sonundaki e\u011flenceli sorularla hik\u00e2ye daha da ilgin\u00e7le\u015fiyor. \u015eimdi s\u0131ra sende. B\u0130LGEL\u0130\u011e\u0130YLE YAVA\u015e\u00c7A DONATMI\u015eTIR SIRTINDAK\u0130 EV\u0130N\u0130, YALDIZDIR \u0130Z\u0130, \u0130\u00c7\u0130 DOLU HAZ\u0130NE TAB\u0130\u0130 OKUYABILENE, PE\u015e\u0130NDED\u0130R G\u00d6KKU\u015eA\u011eININ YA\u011eMURDAN HEMEN SONRA. Bil bakal\u0131m, hangi hayvan \u015fiirdeki? Cevab\u0131 kitab\u0131n i\u00e7inde. <\/p>\n","protected":false},"excerpt":{"rendered":"<p>Alfabedeki her harfle bir hayvan, her hayvanla bir \u015fiir bu kitapta seni bekliyor. Geleneksel Japon \u015fiir t\u00fcr\u00fc Haiku\u2019ya g\u00f6z k\u0131rpan e\u011flenceli m\u0131sralar, A\u2019dan Z\u2019ye birbirinden tuhaf<span class=\"excerpt-hellip\"> [\u2026]<\/span><\/p>\n","protected":false},"featured_media":0,"template":"","meta":{"_monsterinsights_skip_tracking":false,"_monsterinsights_sitenote_active":false,"_monsterinsights_sitenote_note":"","_monsterinsights_sitenote_category":0},"product_brand":[],"product_cat":[12275,12274],"product_tag":[],"class_list":{"0":"post-746319","1":"product","2":"type-product","3":"status-publish","5":"product_cat-6-12-yas-kitaplari","6":"product_cat-cocuk-ve-genclik-kitaplari","7":"pa_cilt-ciltsiz","8":"pa_tur-kitap","9":"pa_yayinevi-abm-yayinevi","10":"pa_yazar-songul-bozaci","12":"first","13":"instock","14":"sale","15":"shipping-taxable","16":"purchasable","17":"product-type-simple"},"_links":{"self":[{"href":"https:\/\/roveyayinevi.com.tr\/index.php\/wp-json\/wp\/v2\/product\/746319","targetHints":{"allow":["GET"]}}],"collection":[{"href":"https:\/\/roveyayinevi.com.tr\/index.php\/wp-json\/wp\/v2\/product"}],"about":[{"href":"https:\/\/roveyayinevi.com.tr\/index.php\/wp-json\/wp\/v2\/types\/product"}],"wp:attachment":[{"href":"https:\/\/roveyayinevi.com.tr\/index.php\/wp-json\/wp\/v2\/media?parent=746319"}],"wp:term":[{"taxonomy":"product_brand","embeddable":true,"href":"https:\/\/roveyayinevi.com.tr\/index.php\/wp-json\/wp\/v2\/product_brand?post=746319"},{"taxonomy":"product_cat","embeddable":true,"href":"https:\/\/roveyayinevi.com.tr\/index.php\/wp-json\/wp\/v2\/product_cat?post=746319"},{"taxonomy":"product_tag","embeddable":true,"href":"https:\/\/roveyayinevi.com.tr\/index.php\/wp-json\/wp\/v2\/product_tag?post=746319"}],"curies":[{"name":"wp","href":"https:\/\/api.w.org\/{rel}","templated":true}]}}