{"id":746317,"date":"2025-08-28T02:39:38","date_gmt":"2025-08-27T23:39:38","guid":{"rendered":"https:\/\/roveyayinevi.com.tr\/index.php\/urun\/demdeme-2\/"},"modified":"2026-04-16T02:58:51","modified_gmt":"2026-04-15T23:58:51","slug":"demdeme-2","status":"publish","type":"product","link":"https:\/\/roveyayinevi.com.tr\/index.php\/urun\/demdeme-2\/","title":{"rendered":"Demdeme"},"content":{"rendered":"<p>Naci, eskinin t\u00fcmden reddedilmeden yeniliklere kap\u0131 aralanmas\u0131n\u0131, bir anlamda, \u201citidal\u201di tavsiye etmektedir. Bu, Yeni Lisanc\u0131lar\u0131n, dilde yer etmi\u015f yabanc\u0131 k\u00f6kenli s\u00f6zc\u00fcklerin kullan\u0131labilece\u011fini s\u00f6ylemesine benzer bir tav\u0131rd\u0131r esas\u0131nda. Ancak Naci, bir t\u00fcr propagandayla, sanki yenilik ad\u0131na yap\u0131lan ne varsa ona kar\u015f\u0131 olan, tutucu bir \u015fah\u0131s olarak zihinlerde yer etmi\u015ftir. Bu nedenle midir bilinmez, bu b\u00fcy\u00fck tart\u0131\u015fman\u0131n taraflar\u0131ndan biri olan \u201cZemzeme\u201d yay\u0131mlanm\u0131\u015fken, \u201cDemdeme\u201d, bildi\u011fimiz kadar\u0131yla, yeni harflerle hi\u00e7 yay\u0131mlanmam\u0131\u015ft\u0131r. \u00c7al\u0131\u015fman\u0131n bu eksikli\u011fi tamamlamas\u0131n\u0131 umuyoruz.  <\/p>\n","protected":false},"excerpt":{"rendered":"<p>Naci, eskinin t\u00fcmden reddedilmeden yeniliklere kap\u0131 aralanmas\u0131n\u0131, bir anlamda, \u201citidal\u201di tavsiye etmektedir. Bu, Yeni Lisanc\u0131lar\u0131n, dilde yer etmi\u015f yabanc\u0131 k\u00f6kenli s\u00f6zc\u00fcklerin kullan\u0131labilece\u011fini s\u00f6ylemesine benzer bir tav\u0131rd\u0131r<span class=\"excerpt-hellip\"> [\u2026]<\/span><\/p>\n","protected":false},"featured_media":0,"template":"","meta":{"_monsterinsights_skip_tracking":false,"_monsterinsights_sitenote_active":false,"_monsterinsights_sitenote_note":"","_monsterinsights_sitenote_category":0},"product_brand":[],"product_cat":[12291],"product_tag":[],"class_list":{"0":"post-746317","1":"product","2":"type-product","3":"status-publish","5":"product_cat-edebiyat","6":"pa_cilt-ciltsiz","7":"pa_tur-kitap","8":"pa_yayinevi-bilge-kultur-sanat","9":"pa_yazar-muallim-naci","11":"first","12":"instock","13":"sale","14":"shipping-taxable","15":"purchasable","16":"product-type-simple"},"_links":{"self":[{"href":"https:\/\/roveyayinevi.com.tr\/index.php\/wp-json\/wp\/v2\/product\/746317","targetHints":{"allow":["GET"]}}],"collection":[{"href":"https:\/\/roveyayinevi.com.tr\/index.php\/wp-json\/wp\/v2\/product"}],"about":[{"href":"https:\/\/roveyayinevi.com.tr\/index.php\/wp-json\/wp\/v2\/types\/product"}],"wp:attachment":[{"href":"https:\/\/roveyayinevi.com.tr\/index.php\/wp-json\/wp\/v2\/media?parent=746317"}],"wp:term":[{"taxonomy":"product_brand","embeddable":true,"href":"https:\/\/roveyayinevi.com.tr\/index.php\/wp-json\/wp\/v2\/product_brand?post=746317"},{"taxonomy":"product_cat","embeddable":true,"href":"https:\/\/roveyayinevi.com.tr\/index.php\/wp-json\/wp\/v2\/product_cat?post=746317"},{"taxonomy":"product_tag","embeddable":true,"href":"https:\/\/roveyayinevi.com.tr\/index.php\/wp-json\/wp\/v2\/product_tag?post=746317"}],"curies":[{"name":"wp","href":"https:\/\/api.w.org\/{rel}","templated":true}]}}