{"id":746316,"date":"2025-08-28T02:39:37","date_gmt":"2025-08-27T23:39:37","guid":{"rendered":"https:\/\/roveyayinevi.com.tr\/index.php\/urun\/eski-yunanca-dilbilgisi\/"},"modified":"2026-04-02T03:08:42","modified_gmt":"2026-04-02T00:08:42","slug":"eski-yunanca-dilbilgisi","status":"publish","type":"product","link":"https:\/\/roveyayinevi.com.tr\/index.php\/urun\/eski-yunanca-dilbilgisi\/","title":{"rendered":"Eski Yunanca Dilbilgisi"},"content":{"rendered":"<p>\u201cEski Yunanca Dilbilgisi: Yo\u011funla\u015ft\u0131r\u0131lm\u0131\u015f Dersler, temel antik Yunanca \u00f6\u011fretimi i\u00e7in \u015fu anda mevcut olan en kapsaml\u0131 metin. Pedagojik yakla\u015f\u0131m her zamanki gibi geleneksel ama yo\u011fun; her \u00f6\u011fretmenin hayalini kurdu\u011fu t\u00fcrden ayr\u0131nt\u0131larla dolu&#8230; Antik Yunancan\u0131n eksiksiz ve do\u011fru \u015fekilde \u00f6\u011fretilmesi i\u00e7in esasl\u0131 bir ara\u00e7 olarak kalmaya devam edecek.\u201d \u2013Modern Language Journal   \u201cHem \u00f6\u011frencilere hem de e\u011fitmenlere keyif verecek kadar harika bir berrakl\u0131kl\u0131\u011f\u0131 olan bir metin.\u201d \u2013Lydia Lenaghan, Barnard College   \u201cDi\u011fer geleneksel kitaplar\u0131n aksine, \u00e7ekimli bir dile dair \u00f6nceden bilgi sahibi oldu\u011funuzu varsaym\u0131yor; Yunancay\u0131 anlamak i\u00e7in gerekli t\u00fcm a\u00e7\u0131klamalar kitab\u0131n i\u00e7inde yer al\u0131yor.\u201d \u2013Languages and Literature   \u201cT\u00fcm yeni materyaller gayet eksiksiz ve net bir \u015fekilde izah ediliyor&#8230; Bu metin, ba\u015flang\u0131\u00e7 seviyesinde ders veren bir Yunanca \u00f6\u011fretmeninin elindeki  se\u00e7eneklere g\u00fc\u00e7l\u00fc bir katk\u0131.\u201d \u2013New England Classical Newsletter   <\/p>\n","protected":false},"excerpt":{"rendered":"<p>\u201cEski Yunanca Dilbilgisi: Yo\u011funla\u015ft\u0131r\u0131lm\u0131\u015f Dersler, temel antik Yunanca \u00f6\u011fretimi i\u00e7in \u015fu anda mevcut olan en kapsaml\u0131 metin. Pedagojik yakla\u015f\u0131m her zamanki gibi geleneksel ama yo\u011fun; her<span class=\"excerpt-hellip\"> [\u2026]<\/span><\/p>\n","protected":false},"featured_media":0,"template":"","meta":{"_monsterinsights_skip_tracking":false,"_monsterinsights_sitenote_active":false,"_monsterinsights_sitenote_note":"","_monsterinsights_sitenote_category":0},"product_brand":[],"product_cat":[12573,12566],"product_tag":[],"class_list":{"0":"post-746316","1":"product","2":"type-product","3":"status-publish","5":"product_cat-akademik-kitaplar","6":"product_cat-egitim","7":"pa_cilt-ciltsiz","8":"pa_tur-kitap","9":"pa_yayinevi-alfa-yayinlari","10":"pa_yazar-hardy-hansen-gerald-m-quinn","12":"first","13":"instock","14":"sale","15":"shipping-taxable","16":"purchasable","17":"product-type-simple"},"_links":{"self":[{"href":"https:\/\/roveyayinevi.com.tr\/index.php\/wp-json\/wp\/v2\/product\/746316","targetHints":{"allow":["GET"]}}],"collection":[{"href":"https:\/\/roveyayinevi.com.tr\/index.php\/wp-json\/wp\/v2\/product"}],"about":[{"href":"https:\/\/roveyayinevi.com.tr\/index.php\/wp-json\/wp\/v2\/types\/product"}],"wp:attachment":[{"href":"https:\/\/roveyayinevi.com.tr\/index.php\/wp-json\/wp\/v2\/media?parent=746316"}],"wp:term":[{"taxonomy":"product_brand","embeddable":true,"href":"https:\/\/roveyayinevi.com.tr\/index.php\/wp-json\/wp\/v2\/product_brand?post=746316"},{"taxonomy":"product_cat","embeddable":true,"href":"https:\/\/roveyayinevi.com.tr\/index.php\/wp-json\/wp\/v2\/product_cat?post=746316"},{"taxonomy":"product_tag","embeddable":true,"href":"https:\/\/roveyayinevi.com.tr\/index.php\/wp-json\/wp\/v2\/product_tag?post=746316"}],"curies":[{"name":"wp","href":"https:\/\/api.w.org\/{rel}","templated":true}]}}