{"id":746314,"date":"2025-08-28T02:39:34","date_gmt":"2025-08-27T23:39:34","guid":{"rendered":"https:\/\/roveyayinevi.com.tr\/index.php\/urun\/gul-sevdasi\/"},"modified":"2026-04-16T02:58:51","modified_gmt":"2026-04-15T23:58:51","slug":"gul-sevdasi","status":"publish","type":"product","link":"https:\/\/roveyayinevi.com.tr\/index.php\/urun\/gul-sevdasi\/","title":{"rendered":"G\u00fcl Sevdas\u0131"},"content":{"rendered":"<p>2\/07\/1970 y\u0131l\u0131nda Kahramanmara\u015f\/ G\u00f6ksun \u0130l\u00e7esi Karaahmet k\u00f6y\u00fcnde d\u00fcnyaya geldi. \u0130lkokulu do\u011fum yeri Karaahmet k\u00f6y\u00fc \u0130lkokulunda tamamlad\u0131. 1989 y\u0131l\u0131nda G\u00f6ksun \u0130mam Hatip Lisesinden mezun oldu. Ayn\u0131 y\u0131l Kayseri Erciyes \u00dcniversitesi, \u0130lahiyat Fak\u00fcltesini kazand\u0131 ve 1994 y\u0131l\u0131nda mezun oldu. Eyl\u00fcl1994\u2019 de Erciyes \u00dcniversitesi, Sosyal Bilimler Enstit\u00fcs\u00fc, Temel \u0130slami Bilimler Anabilim Dal\u0131 Kelam Bilim Dal\u0131nda Y\u00fcksek Lisans yapmaya hak kazand\u0131 ve 1999\u2019 da ba\u015far\u0131yla mezun oldu. 1999 y\u0131l\u0131nda Aste\u011fmen \u00d6\u011fretmen olarak \u015e\u0131rnak \u0130linde vatani g\u00f6revini tamamlad\u0131. \u00c7e\u015fitli okullarda idarecilik ve \u00f6\u011fretmenlik yapt\u0131. Halen MEB Kayseri Kocasinan \u0130l\u00e7esi Nuh Mehmet Yamaner Anadolu \u0130mam Hatip Lisesinde Meslek Dersleri \u00d6\u011fretmeni olarak g\u00f6rev yapmaktad\u0131r. Ayn\u0131 zamanda Konya Necmettin Erbakan \u00dcniversitesi, Sosyal Bilimler Enstit\u00fcs\u00fc, Temel \u0130slam Bilimleri Kelam Anabilim Dal\u0131nda Doktora e\u011fitimine devam etmektedir. Evli ve iki \u00e7ocuk babas\u0131 olan \u015fair Resul CO\u015eKUN \u00c7erkezce, Arap\u00e7a ve \u0130ngilizce dillerini bilmekte ve Arap\u00e7a dilinde Yeminli Terc\u00fcmanl\u0131k yapmaktad\u0131r. \u015eiirlerinde hece \u00f6l\u00e7\u00fcs\u00fcn\u00fc kullanmakta olan \u015fair \u201cMuhibbi Rasul\u201d mahlas\u0131n\u0131 kullanmaktad\u0131r. <\/p>\n","protected":false},"excerpt":{"rendered":"<p>2\/07\/1970 y\u0131l\u0131nda Kahramanmara\u015f\/ G\u00f6ksun \u0130l\u00e7esi Karaahmet k\u00f6y\u00fcnde d\u00fcnyaya geldi. \u0130lkokulu do\u011fum yeri Karaahmet k\u00f6y\u00fc \u0130lkokulunda tamamlad\u0131. 1989 y\u0131l\u0131nda G\u00f6ksun \u0130mam Hatip Lisesinden mezun oldu. Ayn\u0131 y\u0131l<span class=\"excerpt-hellip\"> [\u2026]<\/span><\/p>\n","protected":false},"featured_media":0,"template":"","meta":{"_monsterinsights_skip_tracking":false,"_monsterinsights_sitenote_active":false,"_monsterinsights_sitenote_note":"","_monsterinsights_sitenote_category":0},"product_brand":[],"product_cat":[12291,12509],"product_tag":[],"class_list":{"0":"post-746314","1":"product","2":"type-product","3":"status-publish","5":"product_cat-edebiyat","6":"product_cat-siir","7":"pa_cilt-ciltsiz","8":"pa_tur-kitap","9":"pa_yayinevi-gulnar-yayinlari","10":"pa_yazar-resul-coskun","12":"first","13":"instock","14":"sale","15":"shipping-taxable","16":"purchasable","17":"product-type-simple"},"_links":{"self":[{"href":"https:\/\/roveyayinevi.com.tr\/index.php\/wp-json\/wp\/v2\/product\/746314","targetHints":{"allow":["GET"]}}],"collection":[{"href":"https:\/\/roveyayinevi.com.tr\/index.php\/wp-json\/wp\/v2\/product"}],"about":[{"href":"https:\/\/roveyayinevi.com.tr\/index.php\/wp-json\/wp\/v2\/types\/product"}],"wp:attachment":[{"href":"https:\/\/roveyayinevi.com.tr\/index.php\/wp-json\/wp\/v2\/media?parent=746314"}],"wp:term":[{"taxonomy":"product_brand","embeddable":true,"href":"https:\/\/roveyayinevi.com.tr\/index.php\/wp-json\/wp\/v2\/product_brand?post=746314"},{"taxonomy":"product_cat","embeddable":true,"href":"https:\/\/roveyayinevi.com.tr\/index.php\/wp-json\/wp\/v2\/product_cat?post=746314"},{"taxonomy":"product_tag","embeddable":true,"href":"https:\/\/roveyayinevi.com.tr\/index.php\/wp-json\/wp\/v2\/product_tag?post=746314"}],"curies":[{"name":"wp","href":"https:\/\/api.w.org\/{rel}","templated":true}]}}