{"id":746313,"date":"2025-08-28T02:39:33","date_gmt":"2025-08-27T23:39:33","guid":{"rendered":"https:\/\/roveyayinevi.com.tr\/index.php\/urun\/sah-i-siirler-5\/"},"modified":"2026-04-16T02:58:51","modified_gmt":"2026-04-15T23:58:51","slug":"sah-i-siirler-5","status":"publish","type":"product","link":"https:\/\/roveyayinevi.com.tr\/index.php\/urun\/sah-i-siirler-5\/","title":{"rendered":"\u015eah-\u0131 \u015eiirler 5"},"content":{"rendered":"<p>Yine merhaba! Be\u015finci kez \u015eah-\u0131 \u015eiirler kitab\u0131m\u0131zla merhaba. Sizlere d\u00f6rt d\u00f6rtl\u00fck bir eser sunmak isteyince 45 \u015fairle geldik bu sefer!  \u00dclkemizin farkl\u0131 yerlerinden, farkl\u0131 y\u00fcreklerle \u00e7\u0131kt\u0131k kar\u015f\u0131n\u0131za. A\u015fk dedik evvela, \u00e7ocuk dedik, bahar dedik. Sevdaland\u0131\u011f\u0131m\u0131z ay y\u0131ld\u0131z\u0131n g\u00f6lgesinde bayrak dedik. \u0130nsan dedik her daim. S\u0131ms\u0131k\u0131 sar\u0131ld\u0131k bu milletin mazisine Atat\u00fcrk dedik, Cumhuriyet dedik. Yar\u0131nlar\u0131m\u0131za sar\u0131ld\u0131k, \u00e7ocuk dedik, gen\u00e7 dedik. \u00c7ocuklar\u0131 gen\u00e7leri yar\u0131nlara haz\u0131rlayan annelere sunduk minnetimizi, \u00f6\u011fretmen dedik. Vatan topra\u011f\u0131 i\u00e7in kan\u0131n\u0131 d\u00f6km\u00fc\u015f, can\u0131n\u0131 vermi\u015f \u015fehitlerimize sar\u0131ld\u0131k, gazilerimize\u2026 Ba\u011f\u0131ms\u0131zl\u0131k t\u00fcrk\u00fcs\u00fc dedik. Farkl\u0131 sesler, farkl\u0131 kalemler, ayn\u0131 lisandan konu\u015ftuk asl\u0131nda. Bir saz\u0131n telleri gibi. Her nota farkl\u0131 sesi \u00e7\u0131kard\u0131 ama hep birlikte ayn\u0131 t\u00fcrk\u00fcye e\u015flik ettik. Ve \u015fimdi de o t\u00fcrk\u00fcy\u00fc s\u00f6yleme zaman\u0131. Birlikte s\u00f6yleyip, birlikte dinleyece\u011fimiz Bar\u0131\u015f ve \u0130nsan t\u00fcrk\u00fcm\u00fcz\u00fc sizlerle payla\u015fma zaman\u0131. Kimi dostlar ba\u015fkentin g\u00f6be\u011finden seslendi, kimisi do\u011funun en u\u00e7 cennetinden. Kimisi Trakya\u2019dan ses oldu bizlere, kimisi Karadeniz yaylalar\u0131ndan. Ege\u2019nin efeleri de kat\u0131ld\u0131 bu \u015fiir \u015f\u00f6lenine. Ve i\u015fte bu eser, sonra da da\u011f\u0131lacak yurdun her yan\u0131na. Yine sizlerle olman\u0131n ve sizlere ula\u015fman\u0131n heyecan\u0131 ve k\u0131vanc\u0131yla\u2026 O halde bitmez t\u00fckenmez enerjimiz, insan sevgimiz, memleket a\u015fk\u0131m\u0131zla bir kez daha Merhaba\u2026   <\/p>\n","protected":false},"excerpt":{"rendered":"<p>Yine merhaba! Be\u015finci kez \u015eah-\u0131 \u015eiirler kitab\u0131m\u0131zla merhaba. Sizlere d\u00f6rt d\u00f6rtl\u00fck bir eser sunmak isteyince 45 \u015fairle geldik bu sefer! \u00dclkemizin farkl\u0131 yerlerinden, farkl\u0131 y\u00fcreklerle \u00e7\u0131kt\u0131k<span class=\"excerpt-hellip\"> [\u2026]<\/span><\/p>\n","protected":false},"featured_media":0,"template":"","meta":{"_monsterinsights_skip_tracking":false,"_monsterinsights_sitenote_active":false,"_monsterinsights_sitenote_note":"","_monsterinsights_sitenote_category":0},"product_brand":[],"product_cat":[14060,12291],"product_tag":[],"class_list":{"0":"post-746313","1":"product","2":"type-product","3":"status-publish","5":"product_cat-antoloji","6":"product_cat-edebiyat","7":"pa_cilt-ciltsiz","8":"pa_tur-kitap","9":"pa_yayinevi-gulnar-yayinlari","10":"pa_yazar-kolektif","12":"first","13":"instock","14":"sale","15":"shipping-taxable","16":"purchasable","17":"product-type-simple"},"_links":{"self":[{"href":"https:\/\/roveyayinevi.com.tr\/index.php\/wp-json\/wp\/v2\/product\/746313","targetHints":{"allow":["GET"]}}],"collection":[{"href":"https:\/\/roveyayinevi.com.tr\/index.php\/wp-json\/wp\/v2\/product"}],"about":[{"href":"https:\/\/roveyayinevi.com.tr\/index.php\/wp-json\/wp\/v2\/types\/product"}],"wp:attachment":[{"href":"https:\/\/roveyayinevi.com.tr\/index.php\/wp-json\/wp\/v2\/media?parent=746313"}],"wp:term":[{"taxonomy":"product_brand","embeddable":true,"href":"https:\/\/roveyayinevi.com.tr\/index.php\/wp-json\/wp\/v2\/product_brand?post=746313"},{"taxonomy":"product_cat","embeddable":true,"href":"https:\/\/roveyayinevi.com.tr\/index.php\/wp-json\/wp\/v2\/product_cat?post=746313"},{"taxonomy":"product_tag","embeddable":true,"href":"https:\/\/roveyayinevi.com.tr\/index.php\/wp-json\/wp\/v2\/product_tag?post=746313"}],"curies":[{"name":"wp","href":"https:\/\/api.w.org\/{rel}","templated":true}]}}