{"id":746311,"date":"2025-08-28T02:39:30","date_gmt":"2025-08-27T23:39:30","guid":{"rendered":"https:\/\/roveyayinevi.com.tr\/index.php\/urun\/cumartesi-gecesi-ve-pazar-sabahi\/"},"modified":"2025-10-17T21:03:44","modified_gmt":"2025-10-17T18:03:44","slug":"cumartesi-gecesi-ve-pazar-sabahi","status":"publish","type":"product","link":"https:\/\/roveyayinevi.com.tr\/index.php\/urun\/cumartesi-gecesi-ve-pazar-sabahi\/","title":{"rendered":"Cumartesi Gecesi ve Pazar Sabah\u0131"},"content":{"rendered":"<p>1950\u2019lerde ortaya \u00e7\u0131kan \u201c\u00d6fkeli Gen\u00e7 Adamlar,\u2019\u2019 sava\u015f sonras\u0131 bo\u015flu\u011fa d\u00fc\u015fen, topluma kar\u015f\u0131 yabanc\u0131la\u015fm\u0131\u015f gen\u00e7 ku\u015fa\u011f\u0131n i\u00e7inde oldu\u011fu bir edebiyat ak\u0131m\u0131d\u0131r. Ruhsal yoksunluk ve \u00f6fkelerini eserleri arac\u0131l\u0131\u011f\u0131yla ifade eden \u0130ngiliz \u015fair, romanc\u0131, ele\u015ftirmen ve oyun yazarlar\u0131ndan olu\u015fan bu grupta Alan Sillitoe, John Osborne, Kingsley Amis, John Braine ve John Wain de bulunmakta. Sevi\u015fme G\u00fcnleri ad\u0131yla filme de uyarlanan Cumartesi Gecesi ve Pazar Sabah\u0131, ba\u015fkahraman\u0131m\u0131z Arthur\u2019un g\u00f6z\u00fcnden d\u00fc\u015f\u00fck gelir grubuna mensup insanlar\u0131n hayat\u0131na bir bak\u0131\u015f; sava\u015f\u0131n, yoksullu\u011fun ortas\u0131nda var olmaya ve doyas\u0131ya ya\u015famaya \u00e7al\u0131\u015fan serseri ruhlara dair trajikomik bir hik\u00e2ye. <\/p>\n","protected":false},"excerpt":{"rendered":"<p>1950\u2019lerde ortaya \u00e7\u0131kan \u201c\u00d6fkeli Gen\u00e7 Adamlar,\u2019\u2019 sava\u015f sonras\u0131 bo\u015flu\u011fa d\u00fc\u015fen, topluma kar\u015f\u0131 yabanc\u0131la\u015fm\u0131\u015f gen\u00e7 ku\u015fa\u011f\u0131n i\u00e7inde oldu\u011fu bir edebiyat ak\u0131m\u0131d\u0131r. Ruhsal yoksunluk ve \u00f6fkelerini eserleri arac\u0131l\u0131\u011f\u0131yla<span class=\"excerpt-hellip\"> [\u2026]<\/span><\/p>\n","protected":false},"featured_media":0,"template":"","meta":{"_monsterinsights_skip_tracking":false,"_monsterinsights_sitenote_active":false,"_monsterinsights_sitenote_note":"","_monsterinsights_sitenote_category":0},"product_brand":[],"product_cat":[12291,12711],"product_tag":[],"class_list":{"0":"post-746311","1":"product","2":"type-product","3":"status-publish","5":"product_cat-edebiyat","6":"product_cat-roman-oyku","7":"pa_cilt-ciltsiz","8":"pa_tur-kitap","9":"pa_yayinevi-alfa-yayinlari","10":"pa_yazar-alan-sillitoe","12":"first","13":"instock","14":"sale","15":"shipping-taxable","16":"purchasable","17":"product-type-simple"},"_links":{"self":[{"href":"https:\/\/roveyayinevi.com.tr\/index.php\/wp-json\/wp\/v2\/product\/746311","targetHints":{"allow":["GET"]}}],"collection":[{"href":"https:\/\/roveyayinevi.com.tr\/index.php\/wp-json\/wp\/v2\/product"}],"about":[{"href":"https:\/\/roveyayinevi.com.tr\/index.php\/wp-json\/wp\/v2\/types\/product"}],"wp:attachment":[{"href":"https:\/\/roveyayinevi.com.tr\/index.php\/wp-json\/wp\/v2\/media?parent=746311"}],"wp:term":[{"taxonomy":"product_brand","embeddable":true,"href":"https:\/\/roveyayinevi.com.tr\/index.php\/wp-json\/wp\/v2\/product_brand?post=746311"},{"taxonomy":"product_cat","embeddable":true,"href":"https:\/\/roveyayinevi.com.tr\/index.php\/wp-json\/wp\/v2\/product_cat?post=746311"},{"taxonomy":"product_tag","embeddable":true,"href":"https:\/\/roveyayinevi.com.tr\/index.php\/wp-json\/wp\/v2\/product_tag?post=746311"}],"curies":[{"name":"wp","href":"https:\/\/api.w.org\/{rel}","templated":true}]}}